{"id":871905,"date":"2026-03-21T22:14:42","date_gmt":"2026-03-21T21:14:42","guid":{"rendered":"https:\/\/resetaccessories.com\/producte\/seoul\/"},"modified":"2026-04-10T15:17:50","modified_gmt":"2026-04-10T14:17:50","slug":"seoul","status":"publish","type":"product","link":"https:\/\/resetaccessories.com\/es\/producte\/seoul\/","title":{"rendered":"SEOUL"},"content":{"rendered":"<p>Mochila grande organizada y con muchos compartimentos para distribuir todas tus cosas, ya sea para viajar, para momentos de ocio, o tambi\u00e9n para trabajar o estudiar. Capacidad para una carpeta grande, separador para port\u00e1til en su interior, y bolsillo grande exterior donde tener a mano lo m\u00e1s imprescindible. Su espacio interior es amplio y se adaptar\u00e1 a tus necesidades a cada momento. Dispone tambi\u00e9n de peque\u00f1as cremalleras donde guardar la tarjeta de transporte, las bater\u00edas para m\u00f3vil, u otras cosas de peque\u00f1as dimensiones.<br \/>Correas ajustables y muy c\u00f3modas, ideales para llevar peso.<br \/>Material repelente al agua y muy resistente.<br \/>Dimensiones: 35 cm ancho x 44 cm altura x 21 cm profundidad.<br \/>Peso: 0,65 Kg.<br \/>Volumen: 27 litros.<\/p>\n","protected":false},"excerpt":{"rendered":"<p>Mochila grande muy organizada con protecci\u00f3n para port\u00e1til<\/p>\n","protected":false},"featured_media":871009,"comment_status":"closed","ping_status":"open","template":"","meta":{"inline_featured_image":false},"product_brand":[],"product_cat":[7468,7467,8209,7469,8204,7466,7471,8205],"product_tag":[7179,7534,7500,4550],"class_list":{"0":"post-871905","1":"product","2":"type-product","3":"status-publish","4":"has-post-thumbnail","6":"product_cat-deporte","7":"product_cat-escolares","8":"product_cat-escolars","9":"product_cat-grandes","10":"product_cat-grans","11":"product_cat-mochilas","12":"product_cat-para-portatil","13":"product_cat-per-portatil","14":"product_tag-back-to-school","15":"product_tag-back-to-work","16":"product_tag-travel","17":"product_tag-university","18":"pa_color-black-noir","19":"pa_color-blue-bleu-2","20":"pa_color-easy-grey","21":"pa_color-green-moss","22":"pa_color-grey-gris","23":"pa_color-memory-pink","24":"pa_color-metallic-glow","25":"pa_color-signature-emb","26":"pa_color-smooth-khaki","27":"pa_marca-kipling","28":"pa_material-nilo","29":"pa_us-esport","30":"pa_us-escola","31":"pa_us-estudis","32":"pa_us-treball","33":"pa_us-viatge","35":"first","36":"instock","37":"sale","38":"purchasable","39":"product-type-variable","40":"has-default-attributes"},"yoast_head":"<!-- This site is optimized with the Yoast SEO plugin v27.2 - https:\/\/yoast.com\/product\/yoast-seo-wordpress\/ -->\n<title>SEOUL - Reset Accessories<\/title>\n<meta name=\"robots\" content=\"index, follow, max-snippet:-1, max-image-preview:large, max-video-preview:-1\" \/>\n<link rel=\"canonical\" href=\"https:\/\/resetaccessories.com\/es\/producte\/seoul\/\" \/>\n<meta property=\"og:locale\" content=\"es_ES\" \/>\n<meta property=\"og:type\" content=\"article\" \/>\n<meta property=\"og:title\" content=\"SEOUL - Reset Accessories\" \/>\n<meta property=\"og:description\" content=\"Mochila grande muy organizada con protecci\u00f3n para port\u00e1til\" \/>\n<meta property=\"og:url\" content=\"https:\/\/resetaccessories.com\/es\/producte\/seoul\/\" \/>\n<meta property=\"og:site_name\" content=\"Reset Accessories\" \/>\n<meta property=\"article:modified_time\" content=\"2026-04-10T14:17:50+00:00\" \/>\n<meta property=\"og:image\" content=\"https:\/\/resetaccessories.com\/wp-content\/uploads\/2026\/03\/KPKI52109RW_1-1.jpg\" \/>\n\t<meta property=\"og:image:width\" content=\"1500\" \/>\n\t<meta property=\"og:image:height\" content=\"1500\" \/>\n\t<meta property=\"og:image:type\" content=\"image\/jpeg\" \/>\n<meta name=\"twitter:card\" content=\"summary_large_image\" \/>\n<meta name=\"twitter:label1\" content=\"Tiempo de lectura\" \/>\n\t<meta name=\"twitter:data1\" content=\"1 minuto\" \/>\n<script type=\"application\/ld+json\" class=\"yoast-schema-graph\">{\"@context\":\"https:\/\/schema.org\",\"@graph\":[{\"@type\":\"WebPage\",\"@id\":\"https:\/\/resetaccessories.com\/es\/producte\/seoul\/\",\"url\":\"https:\/\/resetaccessories.com\/es\/producte\/seoul\/\",\"name\":\"SEOUL - Reset Accessories\",\"isPartOf\":{\"@id\":\"https:\/\/resetaccessories.com\/es\/#website\"},\"primaryImageOfPage\":{\"@id\":\"https:\/\/resetaccessories.com\/es\/producte\/seoul\/#primaryimage\"},\"image\":{\"@id\":\"https:\/\/resetaccessories.com\/es\/producte\/seoul\/#primaryimage\"},\"thumbnailUrl\":\"https:\/\/resetaccessories.com\/wp-content\/uploads\/2026\/03\/KPKI52109RW_1-1.jpg\",\"datePublished\":\"2026-03-21T21:14:42+00:00\",\"dateModified\":\"2026-04-10T14:17:50+00:00\",\"breadcrumb\":{\"@id\":\"https:\/\/resetaccessories.com\/es\/producte\/seoul\/#breadcrumb\"},\"inLanguage\":\"es\",\"potentialAction\":[{\"@type\":\"ReadAction\",\"target\":[\"https:\/\/resetaccessories.com\/es\/producte\/seoul\/\"]}]},{\"@type\":\"ImageObject\",\"inLanguage\":\"es\",\"@id\":\"https:\/\/resetaccessories.com\/es\/producte\/seoul\/#primaryimage\",\"url\":\"https:\/\/resetaccessories.com\/wp-content\/uploads\/2026\/03\/KPKI52109RW_1-1.jpg\",\"contentUrl\":\"https:\/\/resetaccessories.com\/wp-content\/uploads\/2026\/03\/KPKI52109RW_1-1.jpg\",\"width\":1500,\"height\":1500},{\"@type\":\"BreadcrumbList\",\"@id\":\"https:\/\/resetaccessories.com\/es\/producte\/seoul\/#breadcrumb\",\"itemListElement\":[{\"@type\":\"ListItem\",\"position\":1,\"name\":\"Inici\",\"item\":\"https:\/\/resetaccessories.com\/es\/\"},{\"@type\":\"ListItem\",\"position\":2,\"name\":\"Shop\",\"item\":\"https:\/\/resetaccessories.com\/es\/shop\/\"},{\"@type\":\"ListItem\",\"position\":3,\"name\":\"SEOUL\"}]},{\"@type\":\"WebSite\",\"@id\":\"https:\/\/resetaccessories.com\/es\/#website\",\"url\":\"https:\/\/resetaccessories.com\/es\/\",\"name\":\"Reset Accessories\",\"description\":\"Tot un m\u00f3n d\u2019accessoris de moda.\",\"publisher\":{\"@id\":\"https:\/\/resetaccessories.com\/es\/#organization\"},\"potentialAction\":[{\"@type\":\"SearchAction\",\"target\":{\"@type\":\"EntryPoint\",\"urlTemplate\":\"https:\/\/resetaccessories.com\/es\/?s={search_term_string}\"},\"query-input\":{\"@type\":\"PropertyValueSpecification\",\"valueRequired\":true,\"valueName\":\"search_term_string\"}}],\"inLanguage\":\"es\"},{\"@type\":\"Organization\",\"@id\":\"https:\/\/resetaccessories.com\/es\/#organization\",\"name\":\"Reset Accessories\",\"url\":\"https:\/\/resetaccessories.com\/es\/\",\"logo\":{\"@type\":\"ImageObject\",\"inLanguage\":\"es\",\"@id\":\"https:\/\/resetaccessories.com\/es\/#\/schema\/logo\/image\/\",\"url\":\"https:\/\/resetaccessories.com\/wp-content\/uploads\/2026\/03\/LOGO.png\",\"contentUrl\":\"https:\/\/resetaccessories.com\/wp-content\/uploads\/2026\/03\/LOGO.png\",\"width\":280,\"height\":234,\"caption\":\"Reset Accessories\"},\"image\":{\"@id\":\"https:\/\/resetaccessories.com\/es\/#\/schema\/logo\/image\/\"}}]}<\/script>\n<!-- \/ Yoast SEO plugin. -->","yoast_head_json":{"title":"SEOUL - Reset Accessories","robots":{"index":"index","follow":"follow","max-snippet":"max-snippet:-1","max-image-preview":"max-image-preview:large","max-video-preview":"max-video-preview:-1"},"canonical":"https:\/\/resetaccessories.com\/es\/producte\/seoul\/","og_locale":"es_ES","og_type":"article","og_title":"SEOUL - Reset Accessories","og_description":"Mochila grande muy organizada con protecci\u00f3n para port\u00e1til","og_url":"https:\/\/resetaccessories.com\/es\/producte\/seoul\/","og_site_name":"Reset Accessories","article_modified_time":"2026-04-10T14:17:50+00:00","og_image":[{"width":1500,"height":1500,"url":"https:\/\/resetaccessories.com\/wp-content\/uploads\/2026\/03\/KPKI52109RW_1-1.jpg","type":"image\/jpeg"}],"twitter_card":"summary_large_image","twitter_misc":{"Tiempo de lectura":"1 minuto"},"schema":{"@context":"https:\/\/schema.org","@graph":[{"@type":"WebPage","@id":"https:\/\/resetaccessories.com\/es\/producte\/seoul\/","url":"https:\/\/resetaccessories.com\/es\/producte\/seoul\/","name":"SEOUL - Reset Accessories","isPartOf":{"@id":"https:\/\/resetaccessories.com\/es\/#website"},"primaryImageOfPage":{"@id":"https:\/\/resetaccessories.com\/es\/producte\/seoul\/#primaryimage"},"image":{"@id":"https:\/\/resetaccessories.com\/es\/producte\/seoul\/#primaryimage"},"thumbnailUrl":"https:\/\/resetaccessories.com\/wp-content\/uploads\/2026\/03\/KPKI52109RW_1-1.jpg","datePublished":"2026-03-21T21:14:42+00:00","dateModified":"2026-04-10T14:17:50+00:00","breadcrumb":{"@id":"https:\/\/resetaccessories.com\/es\/producte\/seoul\/#breadcrumb"},"inLanguage":"es","potentialAction":[{"@type":"ReadAction","target":["https:\/\/resetaccessories.com\/es\/producte\/seoul\/"]}]},{"@type":"ImageObject","inLanguage":"es","@id":"https:\/\/resetaccessories.com\/es\/producte\/seoul\/#primaryimage","url":"https:\/\/resetaccessories.com\/wp-content\/uploads\/2026\/03\/KPKI52109RW_1-1.jpg","contentUrl":"https:\/\/resetaccessories.com\/wp-content\/uploads\/2026\/03\/KPKI52109RW_1-1.jpg","width":1500,"height":1500},{"@type":"BreadcrumbList","@id":"https:\/\/resetaccessories.com\/es\/producte\/seoul\/#breadcrumb","itemListElement":[{"@type":"ListItem","position":1,"name":"Inici","item":"https:\/\/resetaccessories.com\/es\/"},{"@type":"ListItem","position":2,"name":"Shop","item":"https:\/\/resetaccessories.com\/es\/shop\/"},{"@type":"ListItem","position":3,"name":"SEOUL"}]},{"@type":"WebSite","@id":"https:\/\/resetaccessories.com\/es\/#website","url":"https:\/\/resetaccessories.com\/es\/","name":"Reset Accessories","description":"Tot un m\u00f3n d\u2019accessoris de moda.","publisher":{"@id":"https:\/\/resetaccessories.com\/es\/#organization"},"potentialAction":[{"@type":"SearchAction","target":{"@type":"EntryPoint","urlTemplate":"https:\/\/resetaccessories.com\/es\/?s={search_term_string}"},"query-input":{"@type":"PropertyValueSpecification","valueRequired":true,"valueName":"search_term_string"}}],"inLanguage":"es"},{"@type":"Organization","@id":"https:\/\/resetaccessories.com\/es\/#organization","name":"Reset Accessories","url":"https:\/\/resetaccessories.com\/es\/","logo":{"@type":"ImageObject","inLanguage":"es","@id":"https:\/\/resetaccessories.com\/es\/#\/schema\/logo\/image\/","url":"https:\/\/resetaccessories.com\/wp-content\/uploads\/2026\/03\/LOGO.png","contentUrl":"https:\/\/resetaccessories.com\/wp-content\/uploads\/2026\/03\/LOGO.png","width":280,"height":234,"caption":"Reset Accessories"},"image":{"@id":"https:\/\/resetaccessories.com\/es\/#\/schema\/logo\/image\/"}}]}},"_links":{"self":[{"href":"https:\/\/resetaccessories.com\/es\/wp-json\/wp\/v2\/product\/871905","targetHints":{"allow":["GET"]}}],"collection":[{"href":"https:\/\/resetaccessories.com\/es\/wp-json\/wp\/v2\/product"}],"about":[{"href":"https:\/\/resetaccessories.com\/es\/wp-json\/wp\/v2\/types\/product"}],"replies":[{"embeddable":true,"href":"https:\/\/resetaccessories.com\/es\/wp-json\/wp\/v2\/comments?post=871905"}],"wp:featuredmedia":[{"embeddable":true,"href":"https:\/\/resetaccessories.com\/es\/wp-json\/wp\/v2\/media\/871009"}],"wp:attachment":[{"href":"https:\/\/resetaccessories.com\/es\/wp-json\/wp\/v2\/media?parent=871905"}],"wp:term":[{"taxonomy":"product_brand","embeddable":true,"href":"https:\/\/resetaccessories.com\/es\/wp-json\/wp\/v2\/product_brand?post=871905"},{"taxonomy":"product_cat","embeddable":true,"href":"https:\/\/resetaccessories.com\/es\/wp-json\/wp\/v2\/product_cat?post=871905"},{"taxonomy":"product_tag","embeddable":true,"href":"https:\/\/resetaccessories.com\/es\/wp-json\/wp\/v2\/product_tag?post=871905"}],"curies":[{"name":"wp","href":"https:\/\/api.w.org\/{rel}","templated":true}]}}