{"id":871858,"date":"2026-03-21T21:53:28","date_gmt":"2026-03-21T20:53:28","guid":{"rendered":"https:\/\/resetaccessories.com\/producte\/new-art-backpack\/"},"modified":"2026-05-04T12:38:46","modified_gmt":"2026-05-04T11:38:46","slug":"new-art-backpack","status":"publish","type":"product","link":"https:\/\/resetaccessories.com\/es\/producte\/new-art-backpack\/","title":{"rendered":"NEW ART BACKPACK"},"content":{"rendered":"<p>Mochila grande con compartimento espec\u00edfico para port\u00e1til (de hasta 15 pulgadas), dise\u00f1ada para ofrecer comodidad, funcionalidad y una organizaci\u00f3n \u00f3ptima en el d\u00eda a d\u00eda.<br \/>Su amplio interior permite transportar todo lo necesario con facilidad, manteniendo cada objeto en su lugar gracias a una distribuci\u00f3n inteligente de los espacios.<br \/>En el interior incluye dos bolsillos adicionales, uno con cremallera para objetos de valor y otro sin cremallera para un acceso r\u00e1pido.<br \/>En la parte exterior cuenta con dos bolsillos delanteros, uno con cremallera y otro sin, ideales para guardar los elementos m\u00e1s utilizados.<br \/>Tambi\u00e9n incorpora un bolsillo exterior trasero con cremallera que aporta un extra de seguridad para pertenencias importantes.<br \/>Incluye una pr\u00e1ctica correa para las llaves que permite tenerlas siempre localizadas y a mano.<br \/>Es una mochila vers\u00e1til y funcional, perfecta para el uso diario, el trabajo, los estudios o los desplazamientos urbanos.<br \/> Tama\u00f1o: A 40.0 x A 44.5 x A 13.0. Volumen:  18.0 L<\/p>\n","protected":false},"excerpt":{"rendered":"<p>Mochila grande de est\u00e9tica muy moderna, con compartimento para port\u00e1til, gran capacidad y m\u00faltiples bolsillos para una organizaci\u00f3n perfecta.<\/p>\n","protected":false},"featured_media":870109,"comment_status":"closed","ping_status":"closed","template":"","meta":{"inline_featured_image":false},"product_brand":[],"product_cat":[7468,8207,1761,7469,8204,1362,7466,7471,8205,1361,7472,1357,8177],"product_tag":[7552,7526,7551],"class_list":{"0":"post-871858","1":"product","2":"type-product","3":"status-publish","4":"has-post-thumbnail","6":"product_cat-deporte","7":"product_cat-esport","8":"product_cat-motxilles-esport","9":"product_cat-grandes","10":"product_cat-grans","11":"product_cat-motxilles-grans","12":"product_cat-mochilas","13":"product_cat-para-portatil","14":"product_cat-per-portatil","15":"product_cat-motxilles-per-portatil","16":"product_cat-urbanas","17":"product_cat-motxilles-urbanes","18":"product_cat-urbanes","19":"product_tag-back-to-work-2","20":"product_tag-travel-2","21":"product_tag-university-2","22":"pa_color-cocktail-khaki","23":"pa_color-ruby-red","24":"pa_color-soft-sand","25":"pa_marca-kipling","26":"pa_material-nilo","27":"pa_us-cada-dia","28":"pa_us-estudis","29":"pa_us-treball","30":"pa_us-viatge","32":"first","33":"instock","34":"purchasable","35":"product-type-variable","36":"has-default-attributes"},"yoast_head":"<!-- This site is optimized with the Yoast SEO plugin v27.4 - https:\/\/yoast.com\/product\/yoast-seo-wordpress\/ -->\n<title>NEW ART BACKPACK - Reset Accessories<\/title>\n<meta name=\"robots\" content=\"index, follow, max-snippet:-1, max-image-preview:large, max-video-preview:-1\" \/>\n<link rel=\"canonical\" href=\"https:\/\/resetaccessories.com\/es\/producte\/new-art-backpack\/\" \/>\n<meta property=\"og:locale\" content=\"es_ES\" \/>\n<meta property=\"og:type\" content=\"article\" \/>\n<meta property=\"og:title\" content=\"NEW ART BACKPACK - Reset Accessories\" \/>\n<meta property=\"og:description\" content=\"Mochila grande de est\u00e9tica muy moderna, con compartimento para port\u00e1til, gran capacidad y m\u00faltiples bolsillos para una organizaci\u00f3n perfecta.\" \/>\n<meta property=\"og:url\" content=\"https:\/\/resetaccessories.com\/es\/producte\/new-art-backpack\/\" \/>\n<meta property=\"og:site_name\" content=\"Reset Accessories\" \/>\n<meta property=\"article:modified_time\" content=\"2026-05-04T11:38:46+00:00\" \/>\n<meta property=\"og:image\" content=\"https:\/\/resetaccessories.com\/wp-content\/uploads\/2026\/03\/KPKI96511NW_1-1.jpg\" \/>\n\t<meta property=\"og:image:width\" content=\"1500\" \/>\n\t<meta property=\"og:image:height\" content=\"1500\" \/>\n\t<meta property=\"og:image:type\" content=\"image\/jpeg\" \/>\n<meta name=\"twitter:card\" content=\"summary_large_image\" \/>\n<meta name=\"twitter:label1\" content=\"Tiempo de lectura\" \/>\n\t<meta name=\"twitter:data1\" content=\"1 minuto\" \/>\n<script type=\"application\/ld+json\" class=\"yoast-schema-graph\">{\"@context\":\"https:\\\/\\\/schema.org\",\"@graph\":[{\"@type\":\"WebPage\",\"@id\":\"https:\\\/\\\/resetaccessories.com\\\/es\\\/producte\\\/new-art-backpack\\\/\",\"url\":\"https:\\\/\\\/resetaccessories.com\\\/es\\\/producte\\\/new-art-backpack\\\/\",\"name\":\"NEW ART BACKPACK - Reset Accessories\",\"isPartOf\":{\"@id\":\"https:\\\/\\\/resetaccessories.com\\\/es\\\/#website\"},\"primaryImageOfPage\":{\"@id\":\"https:\\\/\\\/resetaccessories.com\\\/es\\\/producte\\\/new-art-backpack\\\/#primaryimage\"},\"image\":{\"@id\":\"https:\\\/\\\/resetaccessories.com\\\/es\\\/producte\\\/new-art-backpack\\\/#primaryimage\"},\"thumbnailUrl\":\"https:\\\/\\\/resetaccessories.com\\\/wp-content\\\/uploads\\\/2026\\\/03\\\/KPKI96511NW_1-1.jpg\",\"datePublished\":\"2026-03-21T20:53:28+00:00\",\"dateModified\":\"2026-05-04T11:38:46+00:00\",\"breadcrumb\":{\"@id\":\"https:\\\/\\\/resetaccessories.com\\\/es\\\/producte\\\/new-art-backpack\\\/#breadcrumb\"},\"inLanguage\":\"es\",\"potentialAction\":[{\"@type\":\"ReadAction\",\"target\":[\"https:\\\/\\\/resetaccessories.com\\\/es\\\/producte\\\/new-art-backpack\\\/\"]}]},{\"@type\":\"ImageObject\",\"inLanguage\":\"es\",\"@id\":\"https:\\\/\\\/resetaccessories.com\\\/es\\\/producte\\\/new-art-backpack\\\/#primaryimage\",\"url\":\"https:\\\/\\\/resetaccessories.com\\\/wp-content\\\/uploads\\\/2026\\\/03\\\/KPKI96511NW_1-1.jpg\",\"contentUrl\":\"https:\\\/\\\/resetaccessories.com\\\/wp-content\\\/uploads\\\/2026\\\/03\\\/KPKI96511NW_1-1.jpg\",\"width\":1500,\"height\":1500},{\"@type\":\"BreadcrumbList\",\"@id\":\"https:\\\/\\\/resetaccessories.com\\\/es\\\/producte\\\/new-art-backpack\\\/#breadcrumb\",\"itemListElement\":[{\"@type\":\"ListItem\",\"position\":1,\"name\":\"Inici\",\"item\":\"https:\\\/\\\/resetaccessories.com\\\/es\\\/\"},{\"@type\":\"ListItem\",\"position\":2,\"name\":\"Shop\",\"item\":\"https:\\\/\\\/resetaccessories.com\\\/es\\\/shop\\\/\"},{\"@type\":\"ListItem\",\"position\":3,\"name\":\"NEW ART BACKPACK\"}]},{\"@type\":\"WebSite\",\"@id\":\"https:\\\/\\\/resetaccessories.com\\\/es\\\/#website\",\"url\":\"https:\\\/\\\/resetaccessories.com\\\/es\\\/\",\"name\":\"Reset Accessories\",\"description\":\"Tot un m\u00f3n d\u2019accessoris de moda.\",\"publisher\":{\"@id\":\"https:\\\/\\\/resetaccessories.com\\\/es\\\/#organization\"},\"potentialAction\":[{\"@type\":\"SearchAction\",\"target\":{\"@type\":\"EntryPoint\",\"urlTemplate\":\"https:\\\/\\\/resetaccessories.com\\\/es\\\/?s={search_term_string}\"},\"query-input\":{\"@type\":\"PropertyValueSpecification\",\"valueRequired\":true,\"valueName\":\"search_term_string\"}}],\"inLanguage\":\"es\"},{\"@type\":\"Organization\",\"@id\":\"https:\\\/\\\/resetaccessories.com\\\/es\\\/#organization\",\"name\":\"Reset Accessories\",\"url\":\"https:\\\/\\\/resetaccessories.com\\\/es\\\/\",\"logo\":{\"@type\":\"ImageObject\",\"inLanguage\":\"es\",\"@id\":\"https:\\\/\\\/resetaccessories.com\\\/es\\\/#\\\/schema\\\/logo\\\/image\\\/\",\"url\":\"https:\\\/\\\/resetaccessories.com\\\/wp-content\\\/uploads\\\/2026\\\/03\\\/LOGO.png\",\"contentUrl\":\"https:\\\/\\\/resetaccessories.com\\\/wp-content\\\/uploads\\\/2026\\\/03\\\/LOGO.png\",\"width\":280,\"height\":234,\"caption\":\"Reset Accessories\"},\"image\":{\"@id\":\"https:\\\/\\\/resetaccessories.com\\\/es\\\/#\\\/schema\\\/logo\\\/image\\\/\"}}]}<\/script>\n<!-- \/ Yoast SEO plugin. -->","yoast_head_json":{"title":"NEW ART BACKPACK - Reset Accessories","robots":{"index":"index","follow":"follow","max-snippet":"max-snippet:-1","max-image-preview":"max-image-preview:large","max-video-preview":"max-video-preview:-1"},"canonical":"https:\/\/resetaccessories.com\/es\/producte\/new-art-backpack\/","og_locale":"es_ES","og_type":"article","og_title":"NEW ART BACKPACK - Reset Accessories","og_description":"Mochila grande de est\u00e9tica muy moderna, con compartimento para port\u00e1til, gran capacidad y m\u00faltiples bolsillos para una organizaci\u00f3n perfecta.","og_url":"https:\/\/resetaccessories.com\/es\/producte\/new-art-backpack\/","og_site_name":"Reset Accessories","article_modified_time":"2026-05-04T11:38:46+00:00","og_image":[{"width":1500,"height":1500,"url":"https:\/\/resetaccessories.com\/wp-content\/uploads\/2026\/03\/KPKI96511NW_1-1.jpg","type":"image\/jpeg"}],"twitter_card":"summary_large_image","twitter_misc":{"Tiempo de lectura":"1 minuto"},"schema":{"@context":"https:\/\/schema.org","@graph":[{"@type":"WebPage","@id":"https:\/\/resetaccessories.com\/es\/producte\/new-art-backpack\/","url":"https:\/\/resetaccessories.com\/es\/producte\/new-art-backpack\/","name":"NEW ART BACKPACK - Reset Accessories","isPartOf":{"@id":"https:\/\/resetaccessories.com\/es\/#website"},"primaryImageOfPage":{"@id":"https:\/\/resetaccessories.com\/es\/producte\/new-art-backpack\/#primaryimage"},"image":{"@id":"https:\/\/resetaccessories.com\/es\/producte\/new-art-backpack\/#primaryimage"},"thumbnailUrl":"https:\/\/resetaccessories.com\/wp-content\/uploads\/2026\/03\/KPKI96511NW_1-1.jpg","datePublished":"2026-03-21T20:53:28+00:00","dateModified":"2026-05-04T11:38:46+00:00","breadcrumb":{"@id":"https:\/\/resetaccessories.com\/es\/producte\/new-art-backpack\/#breadcrumb"},"inLanguage":"es","potentialAction":[{"@type":"ReadAction","target":["https:\/\/resetaccessories.com\/es\/producte\/new-art-backpack\/"]}]},{"@type":"ImageObject","inLanguage":"es","@id":"https:\/\/resetaccessories.com\/es\/producte\/new-art-backpack\/#primaryimage","url":"https:\/\/resetaccessories.com\/wp-content\/uploads\/2026\/03\/KPKI96511NW_1-1.jpg","contentUrl":"https:\/\/resetaccessories.com\/wp-content\/uploads\/2026\/03\/KPKI96511NW_1-1.jpg","width":1500,"height":1500},{"@type":"BreadcrumbList","@id":"https:\/\/resetaccessories.com\/es\/producte\/new-art-backpack\/#breadcrumb","itemListElement":[{"@type":"ListItem","position":1,"name":"Inici","item":"https:\/\/resetaccessories.com\/es\/"},{"@type":"ListItem","position":2,"name":"Shop","item":"https:\/\/resetaccessories.com\/es\/shop\/"},{"@type":"ListItem","position":3,"name":"NEW ART BACKPACK"}]},{"@type":"WebSite","@id":"https:\/\/resetaccessories.com\/es\/#website","url":"https:\/\/resetaccessories.com\/es\/","name":"Reset Accessories","description":"Tot un m\u00f3n d\u2019accessoris de moda.","publisher":{"@id":"https:\/\/resetaccessories.com\/es\/#organization"},"potentialAction":[{"@type":"SearchAction","target":{"@type":"EntryPoint","urlTemplate":"https:\/\/resetaccessories.com\/es\/?s={search_term_string}"},"query-input":{"@type":"PropertyValueSpecification","valueRequired":true,"valueName":"search_term_string"}}],"inLanguage":"es"},{"@type":"Organization","@id":"https:\/\/resetaccessories.com\/es\/#organization","name":"Reset Accessories","url":"https:\/\/resetaccessories.com\/es\/","logo":{"@type":"ImageObject","inLanguage":"es","@id":"https:\/\/resetaccessories.com\/es\/#\/schema\/logo\/image\/","url":"https:\/\/resetaccessories.com\/wp-content\/uploads\/2026\/03\/LOGO.png","contentUrl":"https:\/\/resetaccessories.com\/wp-content\/uploads\/2026\/03\/LOGO.png","width":280,"height":234,"caption":"Reset Accessories"},"image":{"@id":"https:\/\/resetaccessories.com\/es\/#\/schema\/logo\/image\/"}}]}},"_links":{"self":[{"href":"https:\/\/resetaccessories.com\/es\/wp-json\/wp\/v2\/product\/871858","targetHints":{"allow":["GET"]}}],"collection":[{"href":"https:\/\/resetaccessories.com\/es\/wp-json\/wp\/v2\/product"}],"about":[{"href":"https:\/\/resetaccessories.com\/es\/wp-json\/wp\/v2\/types\/product"}],"replies":[{"embeddable":true,"href":"https:\/\/resetaccessories.com\/es\/wp-json\/wp\/v2\/comments?post=871858"}],"wp:featuredmedia":[{"embeddable":true,"href":"https:\/\/resetaccessories.com\/es\/wp-json\/wp\/v2\/media\/870109"}],"wp:attachment":[{"href":"https:\/\/resetaccessories.com\/es\/wp-json\/wp\/v2\/media?parent=871858"}],"wp:term":[{"taxonomy":"product_brand","embeddable":true,"href":"https:\/\/resetaccessories.com\/es\/wp-json\/wp\/v2\/product_brand?post=871858"},{"taxonomy":"product_cat","embeddable":true,"href":"https:\/\/resetaccessories.com\/es\/wp-json\/wp\/v2\/product_cat?post=871858"},{"taxonomy":"product_tag","embeddable":true,"href":"https:\/\/resetaccessories.com\/es\/wp-json\/wp\/v2\/product_tag?post=871858"}],"curies":[{"name":"wp","href":"https:\/\/api.w.org\/{rel}","templated":true}]}}