{"id":869223,"date":"2026-03-16T13:46:06","date_gmt":"2026-03-16T12:46:06","guid":{"rendered":"https:\/\/resetaccessories.com\/producte\/gabb-s\/"},"modified":"2026-04-10T15:30:37","modified_gmt":"2026-04-10T14:30:37","slug":"gabb-s","status":"publish","type":"product","link":"https:\/\/resetaccessories.com\/es\/producte\/gabb-s\/","title":{"rendered":"GABB S"},"content":{"rendered":"<p>Bolso bandolera ligero y funcional, ideal tanto para el d\u00eda a d\u00eda como para escapadas o viajes. Cuenta con una correa ajustable que permite llevarlo c\u00f3modamente en diferentes posiciones. Destaca por su excelente organizaci\u00f3n: un compartimento principal con cremallera, bolsillos laterales, uno delantero y otro trasero tambi\u00e9n con cremallera, para tener todo bien clasificado y a mano. En el interior, incluye una cinta con mosquet\u00f3n para enganchar las llaves y no perderlas nunca. Est\u00e1 fabricado con un material muy resistente repelente al agua. Medidas: 22 x 14,5 x 31 cm. Volumen: 7 litros.<\/p>\n","protected":false},"excerpt":{"rendered":"<p>Bolso bandolera mediano con muchos compartimentos, todo un icono de Kipling que destaca por su buena organizaci\u00f3n.<\/p>\n","protected":false},"featured_media":868928,"comment_status":"closed","ping_status":"open","template":"","meta":{"inline_featured_image":false},"product_brand":[],"product_cat":[7520,7412],"product_tag":[8200],"class_list":{"0":"post-869223","1":"product","2":"type-product","3":"status-publish","4":"has-post-thumbnail","6":"product_cat-bandolera-es","7":"product_cat-bolsos","8":"product_tag-gabb-s-gabbie-s","9":"pa_color-black-noir","10":"pa_color-blue-bleu-2","11":"pa_color-boho-cedar","12":"pa_color-boho-tan","13":"pa_color-casual-blue","14":"pa_color-cocktail-khaki","15":"pa_color-diagonal-jq","16":"pa_color-infinite-black","17":"pa_color-infinite-blue","18":"pa_color-inside-yellow","19":"pa_color-metallic-glow","20":"pa_color-noir-sign-jq","21":"pa_color-ruby-red","22":"pa_color-shape-cocktail","23":"pa_color-signature-emb","24":"pa_color-soft-sand","25":"pa_color-soft-taupe","26":"pa_color-wild-leopard","27":"pa_marca-kipling","28":"pa_material-nilo","29":"pa_us-cada-dia","30":"pa_us-viatge","32":"first","33":"instock","34":"purchasable","35":"product-type-variable","36":"has-default-attributes"},"yoast_head":"<!-- This site is optimized with the Yoast SEO plugin v27.2 - https:\/\/yoast.com\/product\/yoast-seo-wordpress\/ -->\n<title>GABB S - Reset Accessories<\/title>\n<meta name=\"robots\" content=\"index, follow, max-snippet:-1, max-image-preview:large, max-video-preview:-1\" \/>\n<link rel=\"canonical\" href=\"https:\/\/resetaccessories.com\/es\/producte\/gabb-s\/\" \/>\n<meta property=\"og:locale\" content=\"es_ES\" \/>\n<meta property=\"og:type\" content=\"article\" \/>\n<meta property=\"og:title\" content=\"GABB S - Reset Accessories\" \/>\n<meta property=\"og:description\" content=\"Bolso bandolera mediano con muchos compartimentos, todo un icono de Kipling que destaca por su buena organizaci\u00f3n.\" \/>\n<meta property=\"og:url\" content=\"https:\/\/resetaccessories.com\/es\/producte\/gabb-s\/\" \/>\n<meta property=\"og:site_name\" content=\"Reset Accessories\" \/>\n<meta property=\"article:modified_time\" content=\"2026-04-10T14:30:37+00:00\" \/>\n<meta property=\"og:image\" content=\"https:\/\/resetaccessories.com\/wp-content\/uploads\/2026\/03\/KPKI66077KA1_1.jpg\" \/>\n\t<meta property=\"og:image:width\" content=\"1500\" \/>\n\t<meta property=\"og:image:height\" content=\"1500\" \/>\n\t<meta property=\"og:image:type\" content=\"image\/jpeg\" \/>\n<meta name=\"twitter:card\" content=\"summary_large_image\" \/>\n<script type=\"application\/ld+json\" class=\"yoast-schema-graph\">{\"@context\":\"https:\/\/schema.org\",\"@graph\":[{\"@type\":\"WebPage\",\"@id\":\"https:\/\/resetaccessories.com\/es\/producte\/gabb-s\/\",\"url\":\"https:\/\/resetaccessories.com\/es\/producte\/gabb-s\/\",\"name\":\"GABB S - Reset Accessories\",\"isPartOf\":{\"@id\":\"https:\/\/resetaccessories.com\/es\/#website\"},\"primaryImageOfPage\":{\"@id\":\"https:\/\/resetaccessories.com\/es\/producte\/gabb-s\/#primaryimage\"},\"image\":{\"@id\":\"https:\/\/resetaccessories.com\/es\/producte\/gabb-s\/#primaryimage\"},\"thumbnailUrl\":\"https:\/\/resetaccessories.com\/wp-content\/uploads\/2026\/03\/KPKI66077KA1_1.jpg\",\"datePublished\":\"2026-03-16T12:46:06+00:00\",\"dateModified\":\"2026-04-10T14:30:37+00:00\",\"breadcrumb\":{\"@id\":\"https:\/\/resetaccessories.com\/es\/producte\/gabb-s\/#breadcrumb\"},\"inLanguage\":\"es\",\"potentialAction\":[{\"@type\":\"ReadAction\",\"target\":[\"https:\/\/resetaccessories.com\/es\/producte\/gabb-s\/\"]}]},{\"@type\":\"ImageObject\",\"inLanguage\":\"es\",\"@id\":\"https:\/\/resetaccessories.com\/es\/producte\/gabb-s\/#primaryimage\",\"url\":\"https:\/\/resetaccessories.com\/wp-content\/uploads\/2026\/03\/KPKI66077KA1_1.jpg\",\"contentUrl\":\"https:\/\/resetaccessories.com\/wp-content\/uploads\/2026\/03\/KPKI66077KA1_1.jpg\",\"width\":1500,\"height\":1500},{\"@type\":\"BreadcrumbList\",\"@id\":\"https:\/\/resetaccessories.com\/es\/producte\/gabb-s\/#breadcrumb\",\"itemListElement\":[{\"@type\":\"ListItem\",\"position\":1,\"name\":\"Inici\",\"item\":\"https:\/\/resetaccessories.com\/es\/\"},{\"@type\":\"ListItem\",\"position\":2,\"name\":\"Shop\",\"item\":\"https:\/\/resetaccessories.com\/es\/shop\/\"},{\"@type\":\"ListItem\",\"position\":3,\"name\":\"GABB S\"}]},{\"@type\":\"WebSite\",\"@id\":\"https:\/\/resetaccessories.com\/es\/#website\",\"url\":\"https:\/\/resetaccessories.com\/es\/\",\"name\":\"Reset Accessories\",\"description\":\"Tot un m\u00f3n d\u2019accessoris de moda.\",\"publisher\":{\"@id\":\"https:\/\/resetaccessories.com\/es\/#organization\"},\"potentialAction\":[{\"@type\":\"SearchAction\",\"target\":{\"@type\":\"EntryPoint\",\"urlTemplate\":\"https:\/\/resetaccessories.com\/es\/?s={search_term_string}\"},\"query-input\":{\"@type\":\"PropertyValueSpecification\",\"valueRequired\":true,\"valueName\":\"search_term_string\"}}],\"inLanguage\":\"es\"},{\"@type\":\"Organization\",\"@id\":\"https:\/\/resetaccessories.com\/es\/#organization\",\"name\":\"Reset Accessories\",\"url\":\"https:\/\/resetaccessories.com\/es\/\",\"logo\":{\"@type\":\"ImageObject\",\"inLanguage\":\"es\",\"@id\":\"https:\/\/resetaccessories.com\/es\/#\/schema\/logo\/image\/\",\"url\":\"https:\/\/resetaccessories.com\/wp-content\/uploads\/2026\/03\/LOGO.png\",\"contentUrl\":\"https:\/\/resetaccessories.com\/wp-content\/uploads\/2026\/03\/LOGO.png\",\"width\":280,\"height\":234,\"caption\":\"Reset Accessories\"},\"image\":{\"@id\":\"https:\/\/resetaccessories.com\/es\/#\/schema\/logo\/image\/\"}}]}<\/script>\n<!-- \/ Yoast SEO plugin. -->","yoast_head_json":{"title":"GABB S - Reset Accessories","robots":{"index":"index","follow":"follow","max-snippet":"max-snippet:-1","max-image-preview":"max-image-preview:large","max-video-preview":"max-video-preview:-1"},"canonical":"https:\/\/resetaccessories.com\/es\/producte\/gabb-s\/","og_locale":"es_ES","og_type":"article","og_title":"GABB S - Reset Accessories","og_description":"Bolso bandolera mediano con muchos compartimentos, todo un icono de Kipling que destaca por su buena organizaci\u00f3n.","og_url":"https:\/\/resetaccessories.com\/es\/producte\/gabb-s\/","og_site_name":"Reset Accessories","article_modified_time":"2026-04-10T14:30:37+00:00","og_image":[{"width":1500,"height":1500,"url":"https:\/\/resetaccessories.com\/wp-content\/uploads\/2026\/03\/KPKI66077KA1_1.jpg","type":"image\/jpeg"}],"twitter_card":"summary_large_image","schema":{"@context":"https:\/\/schema.org","@graph":[{"@type":"WebPage","@id":"https:\/\/resetaccessories.com\/es\/producte\/gabb-s\/","url":"https:\/\/resetaccessories.com\/es\/producte\/gabb-s\/","name":"GABB S - Reset Accessories","isPartOf":{"@id":"https:\/\/resetaccessories.com\/es\/#website"},"primaryImageOfPage":{"@id":"https:\/\/resetaccessories.com\/es\/producte\/gabb-s\/#primaryimage"},"image":{"@id":"https:\/\/resetaccessories.com\/es\/producte\/gabb-s\/#primaryimage"},"thumbnailUrl":"https:\/\/resetaccessories.com\/wp-content\/uploads\/2026\/03\/KPKI66077KA1_1.jpg","datePublished":"2026-03-16T12:46:06+00:00","dateModified":"2026-04-10T14:30:37+00:00","breadcrumb":{"@id":"https:\/\/resetaccessories.com\/es\/producte\/gabb-s\/#breadcrumb"},"inLanguage":"es","potentialAction":[{"@type":"ReadAction","target":["https:\/\/resetaccessories.com\/es\/producte\/gabb-s\/"]}]},{"@type":"ImageObject","inLanguage":"es","@id":"https:\/\/resetaccessories.com\/es\/producte\/gabb-s\/#primaryimage","url":"https:\/\/resetaccessories.com\/wp-content\/uploads\/2026\/03\/KPKI66077KA1_1.jpg","contentUrl":"https:\/\/resetaccessories.com\/wp-content\/uploads\/2026\/03\/KPKI66077KA1_1.jpg","width":1500,"height":1500},{"@type":"BreadcrumbList","@id":"https:\/\/resetaccessories.com\/es\/producte\/gabb-s\/#breadcrumb","itemListElement":[{"@type":"ListItem","position":1,"name":"Inici","item":"https:\/\/resetaccessories.com\/es\/"},{"@type":"ListItem","position":2,"name":"Shop","item":"https:\/\/resetaccessories.com\/es\/shop\/"},{"@type":"ListItem","position":3,"name":"GABB S"}]},{"@type":"WebSite","@id":"https:\/\/resetaccessories.com\/es\/#website","url":"https:\/\/resetaccessories.com\/es\/","name":"Reset Accessories","description":"Tot un m\u00f3n d\u2019accessoris de moda.","publisher":{"@id":"https:\/\/resetaccessories.com\/es\/#organization"},"potentialAction":[{"@type":"SearchAction","target":{"@type":"EntryPoint","urlTemplate":"https:\/\/resetaccessories.com\/es\/?s={search_term_string}"},"query-input":{"@type":"PropertyValueSpecification","valueRequired":true,"valueName":"search_term_string"}}],"inLanguage":"es"},{"@type":"Organization","@id":"https:\/\/resetaccessories.com\/es\/#organization","name":"Reset Accessories","url":"https:\/\/resetaccessories.com\/es\/","logo":{"@type":"ImageObject","inLanguage":"es","@id":"https:\/\/resetaccessories.com\/es\/#\/schema\/logo\/image\/","url":"https:\/\/resetaccessories.com\/wp-content\/uploads\/2026\/03\/LOGO.png","contentUrl":"https:\/\/resetaccessories.com\/wp-content\/uploads\/2026\/03\/LOGO.png","width":280,"height":234,"caption":"Reset Accessories"},"image":{"@id":"https:\/\/resetaccessories.com\/es\/#\/schema\/logo\/image\/"}}]}},"_links":{"self":[{"href":"https:\/\/resetaccessories.com\/es\/wp-json\/wp\/v2\/product\/869223","targetHints":{"allow":["GET"]}}],"collection":[{"href":"https:\/\/resetaccessories.com\/es\/wp-json\/wp\/v2\/product"}],"about":[{"href":"https:\/\/resetaccessories.com\/es\/wp-json\/wp\/v2\/types\/product"}],"replies":[{"embeddable":true,"href":"https:\/\/resetaccessories.com\/es\/wp-json\/wp\/v2\/comments?post=869223"}],"wp:featuredmedia":[{"embeddable":true,"href":"https:\/\/resetaccessories.com\/es\/wp-json\/wp\/v2\/media\/868928"}],"wp:attachment":[{"href":"https:\/\/resetaccessories.com\/es\/wp-json\/wp\/v2\/media?parent=869223"}],"wp:term":[{"taxonomy":"product_brand","embeddable":true,"href":"https:\/\/resetaccessories.com\/es\/wp-json\/wp\/v2\/product_brand?post=869223"},{"taxonomy":"product_cat","embeddable":true,"href":"https:\/\/resetaccessories.com\/es\/wp-json\/wp\/v2\/product_cat?post=869223"},{"taxonomy":"product_tag","embeddable":true,"href":"https:\/\/resetaccessories.com\/es\/wp-json\/wp\/v2\/product_tag?post=869223"}],"curies":[{"name":"wp","href":"https:\/\/api.w.org\/{rel}","templated":true}]}}