{"id":868749,"date":"2026-03-15T23:33:54","date_gmt":"2026-03-15T22:33:54","guid":{"rendered":"https:\/\/resetaccessories.com\/producte\/dalma\/"},"modified":"2026-04-10T15:37:58","modified_gmt":"2026-04-10T14:37:58","slug":"dalma","status":"publish","type":"product","link":"https:\/\/resetaccessories.com\/es\/producte\/dalma\/","title":{"rendered":"DALMA"},"content":{"rendered":"<p>Este bolso con solapa cl\u00e1sica y correa ajustable te permite llevarlo c\u00f3modamente en bandolera o al hombro, adapt\u00e1ndose a tu estilo y a tu ritmo diario.<br \/>Incluye una cremallera expandible en la parte inferior que ofrece mayor capacidad cuando lo necesitas, ideal para los d\u00edas en los que llevas un poco m\u00e1s. En el interior, dispone de una cinta para enganchar las llaves, para tenerlas siempre a mano.<br \/>En la parte trasera, incorpora un bolsillo con cremallera de seguridad, perfecto para guardar tus objetos m\u00e1s valiosos con total tranquilidad.<br \/>Dimensiones: 19,0 \u00d7 8,0 \u00d7 28,0 cm  <br \/>Volumen: 5 litres<\/p>\n","protected":false},"excerpt":{"rendered":"<p>Bolso bandolera de Kipling con una cremallera expandib\u00f1e que te permite hacerla m\u00e1s grande<\/p>\n","protected":false},"featured_media":868335,"comment_status":"closed","ping_status":"open","template":"","meta":{"inline_featured_image":false},"product_brand":[],"product_cat":[7520,7412,7420],"product_tag":[7526],"class_list":{"0":"post-868749","1":"product","2":"type-product","3":"status-publish","4":"has-post-thumbnail","6":"product_cat-bandolera-es","7":"product_cat-bolsos","8":"product_cat-de-hombro","9":"product_tag-travel-2","10":"pa_color-black-noir","11":"pa_color-casual-blue","12":"pa_color-ruby-red","13":"pa_color-soft-sand","14":"pa_color-soft-taupe","15":"pa_marca-kipling","16":"pa_material-nilo","17":"pa_us-cada-dia","18":"pa_us-viatge","20":"first","21":"instock","22":"purchasable","23":"product-type-variable","24":"has-default-attributes"},"yoast_head":"<!-- This site is optimized with the Yoast SEO plugin v27.2 - https:\/\/yoast.com\/product\/yoast-seo-wordpress\/ -->\n<title>DALMA - Reset Accessories<\/title>\n<meta name=\"robots\" content=\"index, follow, max-snippet:-1, max-image-preview:large, max-video-preview:-1\" \/>\n<link rel=\"canonical\" href=\"https:\/\/resetaccessories.com\/es\/producte\/dalma\/\" \/>\n<meta property=\"og:locale\" content=\"es_ES\" \/>\n<meta property=\"og:type\" content=\"article\" \/>\n<meta property=\"og:title\" content=\"DALMA - Reset Accessories\" \/>\n<meta property=\"og:description\" content=\"Bolso bandolera de Kipling con una cremallera expandib\u00f1e que te permite hacerla m\u00e1s grande\" \/>\n<meta property=\"og:url\" content=\"https:\/\/resetaccessories.com\/es\/producte\/dalma\/\" \/>\n<meta property=\"og:site_name\" content=\"Reset Accessories\" \/>\n<meta property=\"article:modified_time\" content=\"2026-04-10T14:37:58+00:00\" \/>\n<meta property=\"og:image\" content=\"https:\/\/resetaccessories.com\/wp-content\/uploads\/2026\/03\/KPKI81239LO_1.jpg\" \/>\n\t<meta property=\"og:image:width\" content=\"1500\" \/>\n\t<meta property=\"og:image:height\" content=\"1500\" \/>\n\t<meta property=\"og:image:type\" content=\"image\/jpeg\" \/>\n<meta name=\"twitter:card\" content=\"summary_large_image\" \/>\n<script type=\"application\/ld+json\" class=\"yoast-schema-graph\">{\"@context\":\"https:\/\/schema.org\",\"@graph\":[{\"@type\":\"WebPage\",\"@id\":\"https:\/\/resetaccessories.com\/es\/producte\/dalma\/\",\"url\":\"https:\/\/resetaccessories.com\/es\/producte\/dalma\/\",\"name\":\"DALMA - Reset Accessories\",\"isPartOf\":{\"@id\":\"https:\/\/resetaccessories.com\/es\/#website\"},\"primaryImageOfPage\":{\"@id\":\"https:\/\/resetaccessories.com\/es\/producte\/dalma\/#primaryimage\"},\"image\":{\"@id\":\"https:\/\/resetaccessories.com\/es\/producte\/dalma\/#primaryimage\"},\"thumbnailUrl\":\"https:\/\/resetaccessories.com\/wp-content\/uploads\/2026\/03\/KPKI81239LO_1.jpg\",\"datePublished\":\"2026-03-15T22:33:54+00:00\",\"dateModified\":\"2026-04-10T14:37:58+00:00\",\"breadcrumb\":{\"@id\":\"https:\/\/resetaccessories.com\/es\/producte\/dalma\/#breadcrumb\"},\"inLanguage\":\"es\",\"potentialAction\":[{\"@type\":\"ReadAction\",\"target\":[\"https:\/\/resetaccessories.com\/es\/producte\/dalma\/\"]}]},{\"@type\":\"ImageObject\",\"inLanguage\":\"es\",\"@id\":\"https:\/\/resetaccessories.com\/es\/producte\/dalma\/#primaryimage\",\"url\":\"https:\/\/resetaccessories.com\/wp-content\/uploads\/2026\/03\/KPKI81239LO_1.jpg\",\"contentUrl\":\"https:\/\/resetaccessories.com\/wp-content\/uploads\/2026\/03\/KPKI81239LO_1.jpg\",\"width\":1500,\"height\":1500},{\"@type\":\"BreadcrumbList\",\"@id\":\"https:\/\/resetaccessories.com\/es\/producte\/dalma\/#breadcrumb\",\"itemListElement\":[{\"@type\":\"ListItem\",\"position\":1,\"name\":\"Inici\",\"item\":\"https:\/\/resetaccessories.com\/es\/\"},{\"@type\":\"ListItem\",\"position\":2,\"name\":\"Shop\",\"item\":\"https:\/\/resetaccessories.com\/es\/shop\/\"},{\"@type\":\"ListItem\",\"position\":3,\"name\":\"DALMA\"}]},{\"@type\":\"WebSite\",\"@id\":\"https:\/\/resetaccessories.com\/es\/#website\",\"url\":\"https:\/\/resetaccessories.com\/es\/\",\"name\":\"Reset Accessories\",\"description\":\"Tot un m\u00f3n d\u2019accessoris de moda.\",\"publisher\":{\"@id\":\"https:\/\/resetaccessories.com\/es\/#organization\"},\"potentialAction\":[{\"@type\":\"SearchAction\",\"target\":{\"@type\":\"EntryPoint\",\"urlTemplate\":\"https:\/\/resetaccessories.com\/es\/?s={search_term_string}\"},\"query-input\":{\"@type\":\"PropertyValueSpecification\",\"valueRequired\":true,\"valueName\":\"search_term_string\"}}],\"inLanguage\":\"es\"},{\"@type\":\"Organization\",\"@id\":\"https:\/\/resetaccessories.com\/es\/#organization\",\"name\":\"Reset Accessories\",\"url\":\"https:\/\/resetaccessories.com\/es\/\",\"logo\":{\"@type\":\"ImageObject\",\"inLanguage\":\"es\",\"@id\":\"https:\/\/resetaccessories.com\/es\/#\/schema\/logo\/image\/\",\"url\":\"https:\/\/resetaccessories.com\/wp-content\/uploads\/2026\/03\/LOGO.png\",\"contentUrl\":\"https:\/\/resetaccessories.com\/wp-content\/uploads\/2026\/03\/LOGO.png\",\"width\":280,\"height\":234,\"caption\":\"Reset Accessories\"},\"image\":{\"@id\":\"https:\/\/resetaccessories.com\/es\/#\/schema\/logo\/image\/\"}}]}<\/script>\n<!-- \/ Yoast SEO plugin. -->","yoast_head_json":{"title":"DALMA - Reset Accessories","robots":{"index":"index","follow":"follow","max-snippet":"max-snippet:-1","max-image-preview":"max-image-preview:large","max-video-preview":"max-video-preview:-1"},"canonical":"https:\/\/resetaccessories.com\/es\/producte\/dalma\/","og_locale":"es_ES","og_type":"article","og_title":"DALMA - Reset Accessories","og_description":"Bolso bandolera de Kipling con una cremallera expandib\u00f1e que te permite hacerla m\u00e1s grande","og_url":"https:\/\/resetaccessories.com\/es\/producte\/dalma\/","og_site_name":"Reset Accessories","article_modified_time":"2026-04-10T14:37:58+00:00","og_image":[{"width":1500,"height":1500,"url":"https:\/\/resetaccessories.com\/wp-content\/uploads\/2026\/03\/KPKI81239LO_1.jpg","type":"image\/jpeg"}],"twitter_card":"summary_large_image","schema":{"@context":"https:\/\/schema.org","@graph":[{"@type":"WebPage","@id":"https:\/\/resetaccessories.com\/es\/producte\/dalma\/","url":"https:\/\/resetaccessories.com\/es\/producte\/dalma\/","name":"DALMA - Reset Accessories","isPartOf":{"@id":"https:\/\/resetaccessories.com\/es\/#website"},"primaryImageOfPage":{"@id":"https:\/\/resetaccessories.com\/es\/producte\/dalma\/#primaryimage"},"image":{"@id":"https:\/\/resetaccessories.com\/es\/producte\/dalma\/#primaryimage"},"thumbnailUrl":"https:\/\/resetaccessories.com\/wp-content\/uploads\/2026\/03\/KPKI81239LO_1.jpg","datePublished":"2026-03-15T22:33:54+00:00","dateModified":"2026-04-10T14:37:58+00:00","breadcrumb":{"@id":"https:\/\/resetaccessories.com\/es\/producte\/dalma\/#breadcrumb"},"inLanguage":"es","potentialAction":[{"@type":"ReadAction","target":["https:\/\/resetaccessories.com\/es\/producte\/dalma\/"]}]},{"@type":"ImageObject","inLanguage":"es","@id":"https:\/\/resetaccessories.com\/es\/producte\/dalma\/#primaryimage","url":"https:\/\/resetaccessories.com\/wp-content\/uploads\/2026\/03\/KPKI81239LO_1.jpg","contentUrl":"https:\/\/resetaccessories.com\/wp-content\/uploads\/2026\/03\/KPKI81239LO_1.jpg","width":1500,"height":1500},{"@type":"BreadcrumbList","@id":"https:\/\/resetaccessories.com\/es\/producte\/dalma\/#breadcrumb","itemListElement":[{"@type":"ListItem","position":1,"name":"Inici","item":"https:\/\/resetaccessories.com\/es\/"},{"@type":"ListItem","position":2,"name":"Shop","item":"https:\/\/resetaccessories.com\/es\/shop\/"},{"@type":"ListItem","position":3,"name":"DALMA"}]},{"@type":"WebSite","@id":"https:\/\/resetaccessories.com\/es\/#website","url":"https:\/\/resetaccessories.com\/es\/","name":"Reset Accessories","description":"Tot un m\u00f3n d\u2019accessoris de moda.","publisher":{"@id":"https:\/\/resetaccessories.com\/es\/#organization"},"potentialAction":[{"@type":"SearchAction","target":{"@type":"EntryPoint","urlTemplate":"https:\/\/resetaccessories.com\/es\/?s={search_term_string}"},"query-input":{"@type":"PropertyValueSpecification","valueRequired":true,"valueName":"search_term_string"}}],"inLanguage":"es"},{"@type":"Organization","@id":"https:\/\/resetaccessories.com\/es\/#organization","name":"Reset Accessories","url":"https:\/\/resetaccessories.com\/es\/","logo":{"@type":"ImageObject","inLanguage":"es","@id":"https:\/\/resetaccessories.com\/es\/#\/schema\/logo\/image\/","url":"https:\/\/resetaccessories.com\/wp-content\/uploads\/2026\/03\/LOGO.png","contentUrl":"https:\/\/resetaccessories.com\/wp-content\/uploads\/2026\/03\/LOGO.png","width":280,"height":234,"caption":"Reset Accessories"},"image":{"@id":"https:\/\/resetaccessories.com\/es\/#\/schema\/logo\/image\/"}}]}},"_links":{"self":[{"href":"https:\/\/resetaccessories.com\/es\/wp-json\/wp\/v2\/product\/868749","targetHints":{"allow":["GET"]}}],"collection":[{"href":"https:\/\/resetaccessories.com\/es\/wp-json\/wp\/v2\/product"}],"about":[{"href":"https:\/\/resetaccessories.com\/es\/wp-json\/wp\/v2\/types\/product"}],"replies":[{"embeddable":true,"href":"https:\/\/resetaccessories.com\/es\/wp-json\/wp\/v2\/comments?post=868749"}],"wp:featuredmedia":[{"embeddable":true,"href":"https:\/\/resetaccessories.com\/es\/wp-json\/wp\/v2\/media\/868335"}],"wp:attachment":[{"href":"https:\/\/resetaccessories.com\/es\/wp-json\/wp\/v2\/media?parent=868749"}],"wp:term":[{"taxonomy":"product_brand","embeddable":true,"href":"https:\/\/resetaccessories.com\/es\/wp-json\/wp\/v2\/product_brand?post=868749"},{"taxonomy":"product_cat","embeddable":true,"href":"https:\/\/resetaccessories.com\/es\/wp-json\/wp\/v2\/product_cat?post=868749"},{"taxonomy":"product_tag","embeddable":true,"href":"https:\/\/resetaccessories.com\/es\/wp-json\/wp\/v2\/product_tag?post=868749"}],"curies":[{"name":"wp","href":"https:\/\/api.w.org\/{rel}","templated":true}]}}