{"id":868225,"date":"2026-03-15T19:45:49","date_gmt":"2026-03-15T18:45:49","guid":{"rendered":"https:\/\/resetaccessories.com\/producte\/city-zip-mini\/"},"modified":"2026-04-10T20:35:18","modified_gmt":"2026-04-10T19:35:18","slug":"city-zip-mini","status":"publish","type":"product","link":"https:\/\/resetaccessories.com\/es\/producte\/city-zip-mini\/","title":{"rendered":"CITY ZIP MINI"},"content":{"rendered":"<p>Mochila urbana, perfecta para el d\u00eda a d\u00eda, de medida peque\u00f1a.<br \/>Si lo que quieres es poder pasear por la ciudad con las manos libres este es el modelo que buscas.<br \/>La solapa le da un aspecto muy casual y a la vez protege el interior.<br \/>Los bolsillos con cremallera del interior y de la parte trasera son perfectos para tus cosas de m\u00e1s valor, pero tienes tambi\u00e9n otros espacios donde poner todo lo que quieras tener m\u00e1s a mano.<br \/>Muchos compartimentos y espacios seguros cerrados con cremallera.<br \/>Cinta con mosquet\u00f3n en el bolsillo frontal, ideal para tener tus llaves siempre a mano<br \/>Bolsillos laterales cerrados con cremallera.<br \/>Material repelente al agua y muy resistente.<br \/>Correas ajustables.<br \/>Medida cm: 27 ancho x 29 altura x 14 profundidad<br \/>Peso: 0,42 Kg.<br \/>Volumen: 9 litros<\/p>\n","protected":false},"excerpt":{"rendered":"<p>Mochila urbana peque\u00f1a, ligera y funcional<\/p>\n","protected":false},"featured_media":867675,"comment_status":"closed","ping_status":"open","template":"","meta":{"inline_featured_image":false},"product_brand":[],"product_cat":[474,1357,8177],"product_tag":[8188,7526],"class_list":{"0":"post-868225","1":"product","2":"type-product","3":"status-publish","4":"has-post-thumbnail","6":"product_cat-motxilles","7":"product_cat-motxilles-urbanes","8":"product_cat-urbanes","9":"product_tag-city-pack-zip-mini","10":"product_tag-travel-2","11":"pa_color-black-noir","12":"pa_color-blue-bleu-2","13":"pa_color-casual-blue","14":"pa_color-metallic-glow","15":"pa_color-ruby-red","16":"pa_color-soft-sand","17":"pa_color-soft-taupe","18":"pa_marca-kipling","19":"pa_material-nilo","20":"pa_us-cada-dia","21":"pa_us-viatge","23":"first","24":"instock","25":"purchasable","26":"product-type-variable","27":"has-default-attributes"},"yoast_head":"<!-- This site is optimized with the Yoast SEO plugin v27.2 - https:\/\/yoast.com\/product\/yoast-seo-wordpress\/ -->\n<title>CITY ZIP MINI - Reset Accessories<\/title>\n<meta name=\"robots\" content=\"index, follow, max-snippet:-1, max-image-preview:large, max-video-preview:-1\" \/>\n<link rel=\"canonical\" href=\"https:\/\/resetaccessories.com\/es\/producte\/city-zip-mini\/\" \/>\n<meta property=\"og:locale\" content=\"es_ES\" \/>\n<meta property=\"og:type\" content=\"article\" \/>\n<meta property=\"og:title\" content=\"CITY ZIP MINI - Reset Accessories\" \/>\n<meta property=\"og:description\" content=\"Mochila urbana peque\u00f1a, ligera y funcional\" \/>\n<meta property=\"og:url\" content=\"https:\/\/resetaccessories.com\/es\/producte\/city-zip-mini\/\" \/>\n<meta property=\"og:site_name\" content=\"Reset Accessories\" \/>\n<meta property=\"article:modified_time\" content=\"2026-04-10T19:35:18+00:00\" \/>\n<meta property=\"og:image\" content=\"https:\/\/resetaccessories.com\/wp-content\/uploads\/2026\/03\/KPKI60461NW_1.jpg\" \/>\n\t<meta property=\"og:image:width\" content=\"1500\" \/>\n\t<meta property=\"og:image:height\" content=\"1500\" \/>\n\t<meta property=\"og:image:type\" content=\"image\/jpeg\" \/>\n<meta name=\"twitter:card\" content=\"summary_large_image\" \/>\n<meta name=\"twitter:label1\" content=\"Tiempo de lectura\" \/>\n\t<meta name=\"twitter:data1\" content=\"1 minuto\" \/>\n<script type=\"application\/ld+json\" class=\"yoast-schema-graph\">{\"@context\":\"https:\/\/schema.org\",\"@graph\":[{\"@type\":\"WebPage\",\"@id\":\"https:\/\/resetaccessories.com\/es\/producte\/city-zip-mini\/\",\"url\":\"https:\/\/resetaccessories.com\/es\/producte\/city-zip-mini\/\",\"name\":\"CITY ZIP MINI - Reset Accessories\",\"isPartOf\":{\"@id\":\"https:\/\/resetaccessories.com\/es\/#website\"},\"primaryImageOfPage\":{\"@id\":\"https:\/\/resetaccessories.com\/es\/producte\/city-zip-mini\/#primaryimage\"},\"image\":{\"@id\":\"https:\/\/resetaccessories.com\/es\/producte\/city-zip-mini\/#primaryimage\"},\"thumbnailUrl\":\"https:\/\/resetaccessories.com\/wp-content\/uploads\/2026\/03\/KPKI60461NW_1.jpg\",\"datePublished\":\"2026-03-15T18:45:49+00:00\",\"dateModified\":\"2026-04-10T19:35:18+00:00\",\"breadcrumb\":{\"@id\":\"https:\/\/resetaccessories.com\/es\/producte\/city-zip-mini\/#breadcrumb\"},\"inLanguage\":\"es\",\"potentialAction\":[{\"@type\":\"ReadAction\",\"target\":[\"https:\/\/resetaccessories.com\/es\/producte\/city-zip-mini\/\"]}]},{\"@type\":\"ImageObject\",\"inLanguage\":\"es\",\"@id\":\"https:\/\/resetaccessories.com\/es\/producte\/city-zip-mini\/#primaryimage\",\"url\":\"https:\/\/resetaccessories.com\/wp-content\/uploads\/2026\/03\/KPKI60461NW_1.jpg\",\"contentUrl\":\"https:\/\/resetaccessories.com\/wp-content\/uploads\/2026\/03\/KPKI60461NW_1.jpg\",\"width\":1500,\"height\":1500},{\"@type\":\"BreadcrumbList\",\"@id\":\"https:\/\/resetaccessories.com\/es\/producte\/city-zip-mini\/#breadcrumb\",\"itemListElement\":[{\"@type\":\"ListItem\",\"position\":1,\"name\":\"Inici\",\"item\":\"https:\/\/resetaccessories.com\/es\/\"},{\"@type\":\"ListItem\",\"position\":2,\"name\":\"Shop\",\"item\":\"https:\/\/resetaccessories.com\/es\/shop\/\"},{\"@type\":\"ListItem\",\"position\":3,\"name\":\"CITY ZIP MINI\"}]},{\"@type\":\"WebSite\",\"@id\":\"https:\/\/resetaccessories.com\/es\/#website\",\"url\":\"https:\/\/resetaccessories.com\/es\/\",\"name\":\"Reset Accessories\",\"description\":\"Tot un m\u00f3n d\u2019accessoris de moda.\",\"publisher\":{\"@id\":\"https:\/\/resetaccessories.com\/es\/#organization\"},\"potentialAction\":[{\"@type\":\"SearchAction\",\"target\":{\"@type\":\"EntryPoint\",\"urlTemplate\":\"https:\/\/resetaccessories.com\/es\/?s={search_term_string}\"},\"query-input\":{\"@type\":\"PropertyValueSpecification\",\"valueRequired\":true,\"valueName\":\"search_term_string\"}}],\"inLanguage\":\"es\"},{\"@type\":\"Organization\",\"@id\":\"https:\/\/resetaccessories.com\/es\/#organization\",\"name\":\"Reset Accessories\",\"url\":\"https:\/\/resetaccessories.com\/es\/\",\"logo\":{\"@type\":\"ImageObject\",\"inLanguage\":\"es\",\"@id\":\"https:\/\/resetaccessories.com\/es\/#\/schema\/logo\/image\/\",\"url\":\"https:\/\/resetaccessories.com\/wp-content\/uploads\/2026\/03\/LOGO.png\",\"contentUrl\":\"https:\/\/resetaccessories.com\/wp-content\/uploads\/2026\/03\/LOGO.png\",\"width\":280,\"height\":234,\"caption\":\"Reset Accessories\"},\"image\":{\"@id\":\"https:\/\/resetaccessories.com\/es\/#\/schema\/logo\/image\/\"}}]}<\/script>\n<!-- \/ Yoast SEO plugin. -->","yoast_head_json":{"title":"CITY ZIP MINI - Reset Accessories","robots":{"index":"index","follow":"follow","max-snippet":"max-snippet:-1","max-image-preview":"max-image-preview:large","max-video-preview":"max-video-preview:-1"},"canonical":"https:\/\/resetaccessories.com\/es\/producte\/city-zip-mini\/","og_locale":"es_ES","og_type":"article","og_title":"CITY ZIP MINI - Reset Accessories","og_description":"Mochila urbana peque\u00f1a, ligera y funcional","og_url":"https:\/\/resetaccessories.com\/es\/producte\/city-zip-mini\/","og_site_name":"Reset Accessories","article_modified_time":"2026-04-10T19:35:18+00:00","og_image":[{"width":1500,"height":1500,"url":"https:\/\/resetaccessories.com\/wp-content\/uploads\/2026\/03\/KPKI60461NW_1.jpg","type":"image\/jpeg"}],"twitter_card":"summary_large_image","twitter_misc":{"Tiempo de lectura":"1 minuto"},"schema":{"@context":"https:\/\/schema.org","@graph":[{"@type":"WebPage","@id":"https:\/\/resetaccessories.com\/es\/producte\/city-zip-mini\/","url":"https:\/\/resetaccessories.com\/es\/producte\/city-zip-mini\/","name":"CITY ZIP MINI - Reset Accessories","isPartOf":{"@id":"https:\/\/resetaccessories.com\/es\/#website"},"primaryImageOfPage":{"@id":"https:\/\/resetaccessories.com\/es\/producte\/city-zip-mini\/#primaryimage"},"image":{"@id":"https:\/\/resetaccessories.com\/es\/producte\/city-zip-mini\/#primaryimage"},"thumbnailUrl":"https:\/\/resetaccessories.com\/wp-content\/uploads\/2026\/03\/KPKI60461NW_1.jpg","datePublished":"2026-03-15T18:45:49+00:00","dateModified":"2026-04-10T19:35:18+00:00","breadcrumb":{"@id":"https:\/\/resetaccessories.com\/es\/producte\/city-zip-mini\/#breadcrumb"},"inLanguage":"es","potentialAction":[{"@type":"ReadAction","target":["https:\/\/resetaccessories.com\/es\/producte\/city-zip-mini\/"]}]},{"@type":"ImageObject","inLanguage":"es","@id":"https:\/\/resetaccessories.com\/es\/producte\/city-zip-mini\/#primaryimage","url":"https:\/\/resetaccessories.com\/wp-content\/uploads\/2026\/03\/KPKI60461NW_1.jpg","contentUrl":"https:\/\/resetaccessories.com\/wp-content\/uploads\/2026\/03\/KPKI60461NW_1.jpg","width":1500,"height":1500},{"@type":"BreadcrumbList","@id":"https:\/\/resetaccessories.com\/es\/producte\/city-zip-mini\/#breadcrumb","itemListElement":[{"@type":"ListItem","position":1,"name":"Inici","item":"https:\/\/resetaccessories.com\/es\/"},{"@type":"ListItem","position":2,"name":"Shop","item":"https:\/\/resetaccessories.com\/es\/shop\/"},{"@type":"ListItem","position":3,"name":"CITY ZIP MINI"}]},{"@type":"WebSite","@id":"https:\/\/resetaccessories.com\/es\/#website","url":"https:\/\/resetaccessories.com\/es\/","name":"Reset Accessories","description":"Tot un m\u00f3n d\u2019accessoris de moda.","publisher":{"@id":"https:\/\/resetaccessories.com\/es\/#organization"},"potentialAction":[{"@type":"SearchAction","target":{"@type":"EntryPoint","urlTemplate":"https:\/\/resetaccessories.com\/es\/?s={search_term_string}"},"query-input":{"@type":"PropertyValueSpecification","valueRequired":true,"valueName":"search_term_string"}}],"inLanguage":"es"},{"@type":"Organization","@id":"https:\/\/resetaccessories.com\/es\/#organization","name":"Reset Accessories","url":"https:\/\/resetaccessories.com\/es\/","logo":{"@type":"ImageObject","inLanguage":"es","@id":"https:\/\/resetaccessories.com\/es\/#\/schema\/logo\/image\/","url":"https:\/\/resetaccessories.com\/wp-content\/uploads\/2026\/03\/LOGO.png","contentUrl":"https:\/\/resetaccessories.com\/wp-content\/uploads\/2026\/03\/LOGO.png","width":280,"height":234,"caption":"Reset Accessories"},"image":{"@id":"https:\/\/resetaccessories.com\/es\/#\/schema\/logo\/image\/"}}]}},"_links":{"self":[{"href":"https:\/\/resetaccessories.com\/es\/wp-json\/wp\/v2\/product\/868225","targetHints":{"allow":["GET"]}}],"collection":[{"href":"https:\/\/resetaccessories.com\/es\/wp-json\/wp\/v2\/product"}],"about":[{"href":"https:\/\/resetaccessories.com\/es\/wp-json\/wp\/v2\/types\/product"}],"replies":[{"embeddable":true,"href":"https:\/\/resetaccessories.com\/es\/wp-json\/wp\/v2\/comments?post=868225"}],"wp:featuredmedia":[{"embeddable":true,"href":"https:\/\/resetaccessories.com\/es\/wp-json\/wp\/v2\/media\/867675"}],"wp:attachment":[{"href":"https:\/\/resetaccessories.com\/es\/wp-json\/wp\/v2\/media?parent=868225"}],"wp:term":[{"taxonomy":"product_brand","embeddable":true,"href":"https:\/\/resetaccessories.com\/es\/wp-json\/wp\/v2\/product_brand?post=868225"},{"taxonomy":"product_cat","embeddable":true,"href":"https:\/\/resetaccessories.com\/es\/wp-json\/wp\/v2\/product_cat?post=868225"},{"taxonomy":"product_tag","embeddable":true,"href":"https:\/\/resetaccessories.com\/es\/wp-json\/wp\/v2\/product_tag?post=868225"}],"curies":[{"name":"wp","href":"https:\/\/api.w.org\/{rel}","templated":true}]}}