{"id":868208,"date":"2026-03-15T19:42:00","date_gmt":"2026-03-15T18:42:00","guid":{"rendered":"https:\/\/resetaccessories.com\/producte\/cash-buddy\/"},"modified":"2026-04-10T15:29:55","modified_gmt":"2026-04-10T14:29:55","slug":"cash-buddy","status":"publish","type":"product","link":"https:\/\/resetaccessories.com\/es\/producte\/cash-buddy\/","title":{"rendered":"CASH BUDDY"},"content":{"rendered":"<p>Cartera peque\u00f1a cerrada con cremaller, ideal para llevar en tu bolsillo, o en bolsos peque\u00f1os o ri\u00f1oneras <br \/>Un peque\u00f1o espacio dividido en dos compartimentos que te permite llevar de forma segura  billetes, tarjetas , o monedas<br \/>Dimensiones cm 7 x 1.5 x 10.<br \/>Capacidad  0.02 L<\/p>\n","protected":false},"excerpt":{"rendered":"<p>Monedero peque\u00f1o con cremallera y medida compacta para llevar lo esencial<\/p>\n","protected":false},"featured_media":867604,"comment_status":"closed","ping_status":"open","template":"","meta":{"inline_featured_image":false},"product_brand":[],"product_cat":[7423,7424,426,8187],"product_tag":[],"class_list":{"0":"post-868208","1":"product","2":"type-product","3":"status-publish","4":"has-post-thumbnail","6":"product_cat-basicos","7":"product_cat-billeteras","8":"product_cat-basics-bitlleters","9":"product_cat-bitlleters","10":"pa_color-black-noir","11":"pa_color-casual-blue","12":"pa_color-signature-emb","13":"pa_color-soft-sand","14":"pa_color-soft-taupe","15":"pa_color-wild-leopard","16":"pa_marca-kipling","17":"pa_material-nilo","18":"pa_us-cada-dia","19":"pa_us-viatge","21":"first","22":"instock","23":"purchasable","24":"product-type-variable","25":"has-default-attributes"},"yoast_head":"<!-- This site is optimized with the Yoast SEO plugin v27.2 - https:\/\/yoast.com\/product\/yoast-seo-wordpress\/ -->\n<title>CASH BUDDY - Reset Accessories<\/title>\n<meta name=\"robots\" content=\"index, follow, max-snippet:-1, max-image-preview:large, max-video-preview:-1\" \/>\n<link rel=\"canonical\" href=\"https:\/\/resetaccessories.com\/es\/producte\/cash-buddy\/\" \/>\n<meta property=\"og:locale\" content=\"es_ES\" \/>\n<meta property=\"og:type\" content=\"article\" \/>\n<meta property=\"og:title\" content=\"CASH BUDDY - Reset Accessories\" \/>\n<meta property=\"og:description\" content=\"Monedero peque\u00f1o con cremallera y medida compacta para llevar lo esencial\" \/>\n<meta property=\"og:url\" content=\"https:\/\/resetaccessories.com\/es\/producte\/cash-buddy\/\" \/>\n<meta property=\"og:site_name\" content=\"Reset Accessories\" \/>\n<meta property=\"article:modified_time\" content=\"2026-04-10T14:29:55+00:00\" \/>\n<meta property=\"og:image\" content=\"https:\/\/resetaccessories.com\/wp-content\/uploads\/2026\/03\/KPKI30514PW_1.jpg\" \/>\n\t<meta property=\"og:image:width\" content=\"1500\" \/>\n\t<meta property=\"og:image:height\" content=\"1500\" \/>\n\t<meta property=\"og:image:type\" content=\"image\/jpeg\" \/>\n<meta name=\"twitter:card\" content=\"summary_large_image\" \/>\n<script type=\"application\/ld+json\" class=\"yoast-schema-graph\">{\"@context\":\"https:\/\/schema.org\",\"@graph\":[{\"@type\":\"WebPage\",\"@id\":\"https:\/\/resetaccessories.com\/es\/producte\/cash-buddy\/\",\"url\":\"https:\/\/resetaccessories.com\/es\/producte\/cash-buddy\/\",\"name\":\"CASH BUDDY - Reset Accessories\",\"isPartOf\":{\"@id\":\"https:\/\/resetaccessories.com\/es\/#website\"},\"primaryImageOfPage\":{\"@id\":\"https:\/\/resetaccessories.com\/es\/producte\/cash-buddy\/#primaryimage\"},\"image\":{\"@id\":\"https:\/\/resetaccessories.com\/es\/producte\/cash-buddy\/#primaryimage\"},\"thumbnailUrl\":\"https:\/\/resetaccessories.com\/wp-content\/uploads\/2026\/03\/KPKI30514PW_1.jpg\",\"datePublished\":\"2026-03-15T18:42:00+00:00\",\"dateModified\":\"2026-04-10T14:29:55+00:00\",\"breadcrumb\":{\"@id\":\"https:\/\/resetaccessories.com\/es\/producte\/cash-buddy\/#breadcrumb\"},\"inLanguage\":\"es\",\"potentialAction\":[{\"@type\":\"ReadAction\",\"target\":[\"https:\/\/resetaccessories.com\/es\/producte\/cash-buddy\/\"]}]},{\"@type\":\"ImageObject\",\"inLanguage\":\"es\",\"@id\":\"https:\/\/resetaccessories.com\/es\/producte\/cash-buddy\/#primaryimage\",\"url\":\"https:\/\/resetaccessories.com\/wp-content\/uploads\/2026\/03\/KPKI30514PW_1.jpg\",\"contentUrl\":\"https:\/\/resetaccessories.com\/wp-content\/uploads\/2026\/03\/KPKI30514PW_1.jpg\",\"width\":1500,\"height\":1500},{\"@type\":\"BreadcrumbList\",\"@id\":\"https:\/\/resetaccessories.com\/es\/producte\/cash-buddy\/#breadcrumb\",\"itemListElement\":[{\"@type\":\"ListItem\",\"position\":1,\"name\":\"Inici\",\"item\":\"https:\/\/resetaccessories.com\/es\/\"},{\"@type\":\"ListItem\",\"position\":2,\"name\":\"Shop\",\"item\":\"https:\/\/resetaccessories.com\/es\/shop\/\"},{\"@type\":\"ListItem\",\"position\":3,\"name\":\"CASH BUDDY\"}]},{\"@type\":\"WebSite\",\"@id\":\"https:\/\/resetaccessories.com\/es\/#website\",\"url\":\"https:\/\/resetaccessories.com\/es\/\",\"name\":\"Reset Accessories\",\"description\":\"Tot un m\u00f3n d\u2019accessoris de moda.\",\"publisher\":{\"@id\":\"https:\/\/resetaccessories.com\/es\/#organization\"},\"potentialAction\":[{\"@type\":\"SearchAction\",\"target\":{\"@type\":\"EntryPoint\",\"urlTemplate\":\"https:\/\/resetaccessories.com\/es\/?s={search_term_string}\"},\"query-input\":{\"@type\":\"PropertyValueSpecification\",\"valueRequired\":true,\"valueName\":\"search_term_string\"}}],\"inLanguage\":\"es\"},{\"@type\":\"Organization\",\"@id\":\"https:\/\/resetaccessories.com\/es\/#organization\",\"name\":\"Reset Accessories\",\"url\":\"https:\/\/resetaccessories.com\/es\/\",\"logo\":{\"@type\":\"ImageObject\",\"inLanguage\":\"es\",\"@id\":\"https:\/\/resetaccessories.com\/es\/#\/schema\/logo\/image\/\",\"url\":\"https:\/\/resetaccessories.com\/wp-content\/uploads\/2026\/03\/LOGO.png\",\"contentUrl\":\"https:\/\/resetaccessories.com\/wp-content\/uploads\/2026\/03\/LOGO.png\",\"width\":280,\"height\":234,\"caption\":\"Reset Accessories\"},\"image\":{\"@id\":\"https:\/\/resetaccessories.com\/es\/#\/schema\/logo\/image\/\"}}]}<\/script>\n<!-- \/ Yoast SEO plugin. -->","yoast_head_json":{"title":"CASH BUDDY - Reset Accessories","robots":{"index":"index","follow":"follow","max-snippet":"max-snippet:-1","max-image-preview":"max-image-preview:large","max-video-preview":"max-video-preview:-1"},"canonical":"https:\/\/resetaccessories.com\/es\/producte\/cash-buddy\/","og_locale":"es_ES","og_type":"article","og_title":"CASH BUDDY - Reset Accessories","og_description":"Monedero peque\u00f1o con cremallera y medida compacta para llevar lo esencial","og_url":"https:\/\/resetaccessories.com\/es\/producte\/cash-buddy\/","og_site_name":"Reset Accessories","article_modified_time":"2026-04-10T14:29:55+00:00","og_image":[{"width":1500,"height":1500,"url":"https:\/\/resetaccessories.com\/wp-content\/uploads\/2026\/03\/KPKI30514PW_1.jpg","type":"image\/jpeg"}],"twitter_card":"summary_large_image","schema":{"@context":"https:\/\/schema.org","@graph":[{"@type":"WebPage","@id":"https:\/\/resetaccessories.com\/es\/producte\/cash-buddy\/","url":"https:\/\/resetaccessories.com\/es\/producte\/cash-buddy\/","name":"CASH BUDDY - Reset Accessories","isPartOf":{"@id":"https:\/\/resetaccessories.com\/es\/#website"},"primaryImageOfPage":{"@id":"https:\/\/resetaccessories.com\/es\/producte\/cash-buddy\/#primaryimage"},"image":{"@id":"https:\/\/resetaccessories.com\/es\/producte\/cash-buddy\/#primaryimage"},"thumbnailUrl":"https:\/\/resetaccessories.com\/wp-content\/uploads\/2026\/03\/KPKI30514PW_1.jpg","datePublished":"2026-03-15T18:42:00+00:00","dateModified":"2026-04-10T14:29:55+00:00","breadcrumb":{"@id":"https:\/\/resetaccessories.com\/es\/producte\/cash-buddy\/#breadcrumb"},"inLanguage":"es","potentialAction":[{"@type":"ReadAction","target":["https:\/\/resetaccessories.com\/es\/producte\/cash-buddy\/"]}]},{"@type":"ImageObject","inLanguage":"es","@id":"https:\/\/resetaccessories.com\/es\/producte\/cash-buddy\/#primaryimage","url":"https:\/\/resetaccessories.com\/wp-content\/uploads\/2026\/03\/KPKI30514PW_1.jpg","contentUrl":"https:\/\/resetaccessories.com\/wp-content\/uploads\/2026\/03\/KPKI30514PW_1.jpg","width":1500,"height":1500},{"@type":"BreadcrumbList","@id":"https:\/\/resetaccessories.com\/es\/producte\/cash-buddy\/#breadcrumb","itemListElement":[{"@type":"ListItem","position":1,"name":"Inici","item":"https:\/\/resetaccessories.com\/es\/"},{"@type":"ListItem","position":2,"name":"Shop","item":"https:\/\/resetaccessories.com\/es\/shop\/"},{"@type":"ListItem","position":3,"name":"CASH BUDDY"}]},{"@type":"WebSite","@id":"https:\/\/resetaccessories.com\/es\/#website","url":"https:\/\/resetaccessories.com\/es\/","name":"Reset Accessories","description":"Tot un m\u00f3n d\u2019accessoris de moda.","publisher":{"@id":"https:\/\/resetaccessories.com\/es\/#organization"},"potentialAction":[{"@type":"SearchAction","target":{"@type":"EntryPoint","urlTemplate":"https:\/\/resetaccessories.com\/es\/?s={search_term_string}"},"query-input":{"@type":"PropertyValueSpecification","valueRequired":true,"valueName":"search_term_string"}}],"inLanguage":"es"},{"@type":"Organization","@id":"https:\/\/resetaccessories.com\/es\/#organization","name":"Reset Accessories","url":"https:\/\/resetaccessories.com\/es\/","logo":{"@type":"ImageObject","inLanguage":"es","@id":"https:\/\/resetaccessories.com\/es\/#\/schema\/logo\/image\/","url":"https:\/\/resetaccessories.com\/wp-content\/uploads\/2026\/03\/LOGO.png","contentUrl":"https:\/\/resetaccessories.com\/wp-content\/uploads\/2026\/03\/LOGO.png","width":280,"height":234,"caption":"Reset Accessories"},"image":{"@id":"https:\/\/resetaccessories.com\/es\/#\/schema\/logo\/image\/"}}]}},"_links":{"self":[{"href":"https:\/\/resetaccessories.com\/es\/wp-json\/wp\/v2\/product\/868208","targetHints":{"allow":["GET"]}}],"collection":[{"href":"https:\/\/resetaccessories.com\/es\/wp-json\/wp\/v2\/product"}],"about":[{"href":"https:\/\/resetaccessories.com\/es\/wp-json\/wp\/v2\/types\/product"}],"replies":[{"embeddable":true,"href":"https:\/\/resetaccessories.com\/es\/wp-json\/wp\/v2\/comments?post=868208"}],"wp:featuredmedia":[{"embeddable":true,"href":"https:\/\/resetaccessories.com\/es\/wp-json\/wp\/v2\/media\/867604"}],"wp:attachment":[{"href":"https:\/\/resetaccessories.com\/es\/wp-json\/wp\/v2\/media?parent=868208"}],"wp:term":[{"taxonomy":"product_brand","embeddable":true,"href":"https:\/\/resetaccessories.com\/es\/wp-json\/wp\/v2\/product_brand?post=868208"},{"taxonomy":"product_cat","embeddable":true,"href":"https:\/\/resetaccessories.com\/es\/wp-json\/wp\/v2\/product_cat?post=868208"},{"taxonomy":"product_tag","embeddable":true,"href":"https:\/\/resetaccessories.com\/es\/wp-json\/wp\/v2\/product_tag?post=868208"}],"curies":[{"name":"wp","href":"https:\/\/api.w.org\/{rel}","templated":true}]}}