{"id":866959,"date":"2026-03-13T21:10:13","date_gmt":"2026-03-13T20:10:13","guid":{"rendered":"https:\/\/resetaccessories.com\/producte\/amita-2\/"},"modified":"2026-04-28T16:28:08","modified_gmt":"2026-04-28T15:28:08","slug":"amita-2","status":"publish","type":"product","link":"https:\/\/resetaccessories.com\/es\/producte\/amita-2\/","title":{"rendered":"AMITA"},"content":{"rendered":"<p>Esta mochila destaca por su material muy ligero y por su acabado ligeramente satinado, que le da un aspecto moderno y actual. Perfecta para el d\u00eda a d\u00eda en la ciudad, combina estilo y comodidad.<br \/>Dispone de una apertura principal con cremallera y un dise\u00f1o pr\u00e1ctico con tres bolsillos frontales con cierre de cord\u00f3n, ideales para tener a mano los objetos que m\u00e1s utilizas.<br \/>Con una capacidad equilibrada y gran funcionalidad, es ideal para viajes o para tu d\u00eda a d\u00eda.<br \/>Dimensiones: 37 \u00d7 17 \u00d7 27 cm  <br \/>Volumen: 18 litros<\/p>\n","protected":false},"excerpt":{"rendered":"<p>Mochila urbana de Kipling, ligera, moderna y con dise\u00f1o funcional<\/p>\n","protected":false},"featured_media":863073,"comment_status":"closed","ping_status":"closed","template":"","meta":{"inline_featured_image":false},"product_brand":[],"product_cat":[7466,7472,8177,1357],"product_tag":[],"class_list":{"0":"post-866959","1":"product","2":"type-product","3":"status-publish","4":"has-post-thumbnail","6":"product_cat-mochilas","7":"product_cat-urbanas","8":"product_cat-urbanes","9":"product_cat-motxilles-urbanes","10":"pa_color-shiny-pixel","11":"pa_marca-kipling","12":"pa_material-nilo","13":"pa_us-cada-dia","14":"pa_us-viatge","16":"first","17":"outofstock","18":"product-type-variable","19":"has-default-attributes"},"yoast_head":"<!-- This site is optimized with the Yoast SEO plugin v27.4 - https:\/\/yoast.com\/product\/yoast-seo-wordpress\/ -->\n<title>AMITA - Reset Accessories<\/title>\n<meta name=\"robots\" content=\"index, follow, max-snippet:-1, max-image-preview:large, max-video-preview:-1\" \/>\n<link rel=\"canonical\" href=\"https:\/\/resetaccessories.com\/es\/producte\/amita-2\/\" \/>\n<meta property=\"og:locale\" content=\"es_ES\" \/>\n<meta property=\"og:type\" content=\"article\" \/>\n<meta property=\"og:title\" content=\"AMITA - Reset Accessories\" \/>\n<meta property=\"og:description\" content=\"Mochila urbana de Kipling, ligera, moderna y con dise\u00f1o funcional\" \/>\n<meta property=\"og:url\" content=\"https:\/\/resetaccessories.com\/es\/producte\/amita-2\/\" \/>\n<meta property=\"og:site_name\" content=\"Reset Accessories\" \/>\n<meta property=\"article:modified_time\" content=\"2026-04-28T15:28:08+00:00\" \/>\n<meta property=\"og:image\" content=\"https:\/\/resetaccessories.com\/wp-content\/uploads\/2025\/10\/KPKI81854SC_1.jpg\" \/>\n\t<meta property=\"og:image:width\" content=\"1500\" \/>\n\t<meta property=\"og:image:height\" content=\"1500\" \/>\n\t<meta property=\"og:image:type\" content=\"image\/jpeg\" \/>\n<meta name=\"twitter:card\" content=\"summary_large_image\" \/>\n<script type=\"application\/ld+json\" class=\"yoast-schema-graph\">{\"@context\":\"https:\\\/\\\/schema.org\",\"@graph\":[{\"@type\":\"WebPage\",\"@id\":\"https:\\\/\\\/resetaccessories.com\\\/es\\\/producte\\\/amita-2\\\/\",\"url\":\"https:\\\/\\\/resetaccessories.com\\\/es\\\/producte\\\/amita-2\\\/\",\"name\":\"AMITA - Reset Accessories\",\"isPartOf\":{\"@id\":\"https:\\\/\\\/resetaccessories.com\\\/es\\\/#website\"},\"primaryImageOfPage\":{\"@id\":\"https:\\\/\\\/resetaccessories.com\\\/es\\\/producte\\\/amita-2\\\/#primaryimage\"},\"image\":{\"@id\":\"https:\\\/\\\/resetaccessories.com\\\/es\\\/producte\\\/amita-2\\\/#primaryimage\"},\"thumbnailUrl\":\"https:\\\/\\\/resetaccessories.com\\\/wp-content\\\/uploads\\\/2025\\\/10\\\/KPKI81854SC_1.jpg\",\"datePublished\":\"2026-03-13T20:10:13+00:00\",\"dateModified\":\"2026-04-28T15:28:08+00:00\",\"breadcrumb\":{\"@id\":\"https:\\\/\\\/resetaccessories.com\\\/es\\\/producte\\\/amita-2\\\/#breadcrumb\"},\"inLanguage\":\"es\",\"potentialAction\":[{\"@type\":\"ReadAction\",\"target\":[\"https:\\\/\\\/resetaccessories.com\\\/es\\\/producte\\\/amita-2\\\/\"]}]},{\"@type\":\"ImageObject\",\"inLanguage\":\"es\",\"@id\":\"https:\\\/\\\/resetaccessories.com\\\/es\\\/producte\\\/amita-2\\\/#primaryimage\",\"url\":\"https:\\\/\\\/resetaccessories.com\\\/wp-content\\\/uploads\\\/2025\\\/10\\\/KPKI81854SC_1.jpg\",\"contentUrl\":\"https:\\\/\\\/resetaccessories.com\\\/wp-content\\\/uploads\\\/2025\\\/10\\\/KPKI81854SC_1.jpg\",\"width\":1500,\"height\":1500},{\"@type\":\"BreadcrumbList\",\"@id\":\"https:\\\/\\\/resetaccessories.com\\\/es\\\/producte\\\/amita-2\\\/#breadcrumb\",\"itemListElement\":[{\"@type\":\"ListItem\",\"position\":1,\"name\":\"Inici\",\"item\":\"https:\\\/\\\/resetaccessories.com\\\/es\\\/\"},{\"@type\":\"ListItem\",\"position\":2,\"name\":\"Shop\",\"item\":\"https:\\\/\\\/resetaccessories.com\\\/es\\\/shop\\\/\"},{\"@type\":\"ListItem\",\"position\":3,\"name\":\"AMITA\"}]},{\"@type\":\"WebSite\",\"@id\":\"https:\\\/\\\/resetaccessories.com\\\/es\\\/#website\",\"url\":\"https:\\\/\\\/resetaccessories.com\\\/es\\\/\",\"name\":\"Reset Accessories\",\"description\":\"Tot un m\u00f3n d\u2019accessoris de moda.\",\"publisher\":{\"@id\":\"https:\\\/\\\/resetaccessories.com\\\/es\\\/#organization\"},\"potentialAction\":[{\"@type\":\"SearchAction\",\"target\":{\"@type\":\"EntryPoint\",\"urlTemplate\":\"https:\\\/\\\/resetaccessories.com\\\/es\\\/?s={search_term_string}\"},\"query-input\":{\"@type\":\"PropertyValueSpecification\",\"valueRequired\":true,\"valueName\":\"search_term_string\"}}],\"inLanguage\":\"es\"},{\"@type\":\"Organization\",\"@id\":\"https:\\\/\\\/resetaccessories.com\\\/es\\\/#organization\",\"name\":\"Reset Accessories\",\"url\":\"https:\\\/\\\/resetaccessories.com\\\/es\\\/\",\"logo\":{\"@type\":\"ImageObject\",\"inLanguage\":\"es\",\"@id\":\"https:\\\/\\\/resetaccessories.com\\\/es\\\/#\\\/schema\\\/logo\\\/image\\\/\",\"url\":\"https:\\\/\\\/resetaccessories.com\\\/wp-content\\\/uploads\\\/2026\\\/03\\\/LOGO.png\",\"contentUrl\":\"https:\\\/\\\/resetaccessories.com\\\/wp-content\\\/uploads\\\/2026\\\/03\\\/LOGO.png\",\"width\":280,\"height\":234,\"caption\":\"Reset Accessories\"},\"image\":{\"@id\":\"https:\\\/\\\/resetaccessories.com\\\/es\\\/#\\\/schema\\\/logo\\\/image\\\/\"}}]}<\/script>\n<!-- \/ Yoast SEO plugin. -->","yoast_head_json":{"title":"AMITA - Reset Accessories","robots":{"index":"index","follow":"follow","max-snippet":"max-snippet:-1","max-image-preview":"max-image-preview:large","max-video-preview":"max-video-preview:-1"},"canonical":"https:\/\/resetaccessories.com\/es\/producte\/amita-2\/","og_locale":"es_ES","og_type":"article","og_title":"AMITA - Reset Accessories","og_description":"Mochila urbana de Kipling, ligera, moderna y con dise\u00f1o funcional","og_url":"https:\/\/resetaccessories.com\/es\/producte\/amita-2\/","og_site_name":"Reset Accessories","article_modified_time":"2026-04-28T15:28:08+00:00","og_image":[{"width":1500,"height":1500,"url":"https:\/\/resetaccessories.com\/wp-content\/uploads\/2025\/10\/KPKI81854SC_1.jpg","type":"image\/jpeg"}],"twitter_card":"summary_large_image","schema":{"@context":"https:\/\/schema.org","@graph":[{"@type":"WebPage","@id":"https:\/\/resetaccessories.com\/es\/producte\/amita-2\/","url":"https:\/\/resetaccessories.com\/es\/producte\/amita-2\/","name":"AMITA - Reset Accessories","isPartOf":{"@id":"https:\/\/resetaccessories.com\/es\/#website"},"primaryImageOfPage":{"@id":"https:\/\/resetaccessories.com\/es\/producte\/amita-2\/#primaryimage"},"image":{"@id":"https:\/\/resetaccessories.com\/es\/producte\/amita-2\/#primaryimage"},"thumbnailUrl":"https:\/\/resetaccessories.com\/wp-content\/uploads\/2025\/10\/KPKI81854SC_1.jpg","datePublished":"2026-03-13T20:10:13+00:00","dateModified":"2026-04-28T15:28:08+00:00","breadcrumb":{"@id":"https:\/\/resetaccessories.com\/es\/producte\/amita-2\/#breadcrumb"},"inLanguage":"es","potentialAction":[{"@type":"ReadAction","target":["https:\/\/resetaccessories.com\/es\/producte\/amita-2\/"]}]},{"@type":"ImageObject","inLanguage":"es","@id":"https:\/\/resetaccessories.com\/es\/producte\/amita-2\/#primaryimage","url":"https:\/\/resetaccessories.com\/wp-content\/uploads\/2025\/10\/KPKI81854SC_1.jpg","contentUrl":"https:\/\/resetaccessories.com\/wp-content\/uploads\/2025\/10\/KPKI81854SC_1.jpg","width":1500,"height":1500},{"@type":"BreadcrumbList","@id":"https:\/\/resetaccessories.com\/es\/producte\/amita-2\/#breadcrumb","itemListElement":[{"@type":"ListItem","position":1,"name":"Inici","item":"https:\/\/resetaccessories.com\/es\/"},{"@type":"ListItem","position":2,"name":"Shop","item":"https:\/\/resetaccessories.com\/es\/shop\/"},{"@type":"ListItem","position":3,"name":"AMITA"}]},{"@type":"WebSite","@id":"https:\/\/resetaccessories.com\/es\/#website","url":"https:\/\/resetaccessories.com\/es\/","name":"Reset Accessories","description":"Tot un m\u00f3n d\u2019accessoris de moda.","publisher":{"@id":"https:\/\/resetaccessories.com\/es\/#organization"},"potentialAction":[{"@type":"SearchAction","target":{"@type":"EntryPoint","urlTemplate":"https:\/\/resetaccessories.com\/es\/?s={search_term_string}"},"query-input":{"@type":"PropertyValueSpecification","valueRequired":true,"valueName":"search_term_string"}}],"inLanguage":"es"},{"@type":"Organization","@id":"https:\/\/resetaccessories.com\/es\/#organization","name":"Reset Accessories","url":"https:\/\/resetaccessories.com\/es\/","logo":{"@type":"ImageObject","inLanguage":"es","@id":"https:\/\/resetaccessories.com\/es\/#\/schema\/logo\/image\/","url":"https:\/\/resetaccessories.com\/wp-content\/uploads\/2026\/03\/LOGO.png","contentUrl":"https:\/\/resetaccessories.com\/wp-content\/uploads\/2026\/03\/LOGO.png","width":280,"height":234,"caption":"Reset Accessories"},"image":{"@id":"https:\/\/resetaccessories.com\/es\/#\/schema\/logo\/image\/"}}]}},"_links":{"self":[{"href":"https:\/\/resetaccessories.com\/es\/wp-json\/wp\/v2\/product\/866959","targetHints":{"allow":["GET"]}}],"collection":[{"href":"https:\/\/resetaccessories.com\/es\/wp-json\/wp\/v2\/product"}],"about":[{"href":"https:\/\/resetaccessories.com\/es\/wp-json\/wp\/v2\/types\/product"}],"replies":[{"embeddable":true,"href":"https:\/\/resetaccessories.com\/es\/wp-json\/wp\/v2\/comments?post=866959"}],"wp:featuredmedia":[{"embeddable":true,"href":"https:\/\/resetaccessories.com\/es\/wp-json\/wp\/v2\/media\/863073"}],"wp:attachment":[{"href":"https:\/\/resetaccessories.com\/es\/wp-json\/wp\/v2\/media?parent=866959"}],"wp:term":[{"taxonomy":"product_brand","embeddable":true,"href":"https:\/\/resetaccessories.com\/es\/wp-json\/wp\/v2\/product_brand?post=866959"},{"taxonomy":"product_cat","embeddable":true,"href":"https:\/\/resetaccessories.com\/es\/wp-json\/wp\/v2\/product_cat?post=866959"},{"taxonomy":"product_tag","embeddable":true,"href":"https:\/\/resetaccessories.com\/es\/wp-json\/wp\/v2\/product_tag?post=866959"}],"curies":[{"name":"wp","href":"https:\/\/api.w.org\/{rel}","templated":true}]}}