{"id":865776,"date":"2025-11-15T21:53:41","date_gmt":"2025-11-15T20:53:41","guid":{"rendered":"https:\/\/resetaccessories.com\/producte\/zero-99\/"},"modified":"2026-04-16T18:05:32","modified_gmt":"2026-04-16T17:05:32","slug":"zero-99","status":"publish","type":"product","link":"https:\/\/resetaccessories.com\/es\/producte\/zero-99\/","title":{"rendered":"Zero 99"},"content":{"rendered":"<p>El paraguas Zero 99 de la austriaca Doppler es el m\u00e1s ligero del mercado, con un peso sorprendente de solo 99 gramos, incluso m\u00e1s ligero que una chocolatina<br \/>Al tenerlo en la mano ver\u00e1s lo sencillo que resulta llevarlo siempre en el bolso o en el bolsillo, teni\u00e9ndolo siempre a mano por si llueve<br \/>Con un di\u00e1metro abierto de 91 cm ofrece una protecci\u00f3n \u00f3ptima para cualquier persona, convirti\u00e9ndose en el paraguas de emergencia perfecto que, gracias a su peso m\u00ednimo, nunca olvidas en casa<br \/>Tambi\u00e9n es ideal para viajar, ya que es tan ligero que no supone ning\u00fan inconveniente llevarlo encima aunque solo llueva unos minutos al d\u00eda<br \/>Su tama\u00f1o compacto, con una longitud plegada de 21 cm, permite incluso llevarlo c\u00f3modamente en el bolsillo sin molestias<br \/>A pesar de su peso reducido, no es un paraguas d\u00e9bil: sus varillas de fibra de carbono est\u00e1n testadas para resistir rachas de viento de hasta 80 km\/h<br \/>La tecnolog\u00eda antiviento lo protege de roturas cuando una r\u00e1faga lo gira y permite cerrarlo con seguridad incluso estando invertido<br \/>Un modelo ultraligero, resistente y pr\u00e1ctico, pensado para cualquier situaci\u00f3n y perfecto para tenerlo siempre listo<\/p>\n","protected":false},"excerpt":{"rendered":"<p>Paraguas Zero 99 ultraligero, de tan solo 99 gramos que permite llevarlo siempre en el bolso<\/p>\n","protected":false},"featured_media":865418,"comment_status":"closed","ping_status":"closed","template":"","meta":{"inline_featured_image":false},"product_brand":[],"product_cat":[7423,7434],"product_tag":[],"class_list":{"0":"post-865776","1":"product","2":"type-product","3":"status-publish","4":"has-post-thumbnail","6":"product_cat-basicos","7":"product_cat-paraguas","8":"pa_color-berry","9":"pa_color-black","10":"pa_color-bright-green","11":"pa_color-cool-grey","12":"pa_color-coral-pink","13":"pa_color-cristal-blue-es","14":"pa_color-deep-blue","15":"pa_color-ivy-green","16":"pa_color-lima","17":"pa_color-macadamia-beige","18":"pa_color-malachite-green","19":"pa_color-mediterranean","20":"pa_color-mocca-brown","21":"pa_color-ocean-blue","22":"pa_color-orange","23":"pa_color-pink","24":"pa_color-purple","25":"pa_color-red","26":"pa_color-rose","27":"pa_color-yellow","28":"pa_marca-doppler","30":"first","31":"instock","32":"purchasable","33":"product-type-variable","34":"has-default-attributes"},"yoast_head":"<!-- This site is optimized with the Yoast SEO plugin v27.3 - https:\/\/yoast.com\/product\/yoast-seo-wordpress\/ -->\n<title>Zero 99 - Reset Accessories<\/title>\n<meta name=\"robots\" content=\"index, follow, max-snippet:-1, max-image-preview:large, max-video-preview:-1\" \/>\n<link rel=\"canonical\" href=\"https:\/\/resetaccessories.com\/es\/producte\/zero-99\/\" \/>\n<meta property=\"og:locale\" content=\"es_ES\" \/>\n<meta property=\"og:type\" content=\"article\" \/>\n<meta property=\"og:title\" content=\"Zero 99 - Reset Accessories\" \/>\n<meta property=\"og:description\" content=\"Paraguas Zero 99 ultraligero, de tan solo 99 gramos que permite llevarlo siempre en el bolso\" \/>\n<meta property=\"og:url\" content=\"https:\/\/resetaccessories.com\/es\/producte\/zero-99\/\" \/>\n<meta property=\"og:site_name\" content=\"Reset Accessories\" \/>\n<meta property=\"article:modified_time\" content=\"2026-04-16T17:05:32+00:00\" \/>\n<meta property=\"og:image\" content=\"https:\/\/resetaccessories.com\/wp-content\/uploads\/2025\/11\/D.7106307_1.jpg\" \/>\n\t<meta property=\"og:image:width\" content=\"2048\" \/>\n\t<meta property=\"og:image:height\" content=\"2048\" \/>\n\t<meta property=\"og:image:type\" content=\"image\/jpeg\" \/>\n<meta name=\"twitter:card\" content=\"summary_large_image\" \/>\n<meta name=\"twitter:label1\" content=\"Tiempo de lectura\" \/>\n\t<meta name=\"twitter:data1\" content=\"1 minuto\" \/>\n<script type=\"application\/ld+json\" class=\"yoast-schema-graph\">{\"@context\":\"https:\\\/\\\/schema.org\",\"@graph\":[{\"@type\":\"WebPage\",\"@id\":\"https:\\\/\\\/resetaccessories.com\\\/es\\\/producte\\\/zero-99\\\/\",\"url\":\"https:\\\/\\\/resetaccessories.com\\\/es\\\/producte\\\/zero-99\\\/\",\"name\":\"Zero 99 - Reset Accessories\",\"isPartOf\":{\"@id\":\"https:\\\/\\\/resetaccessories.com\\\/es\\\/#website\"},\"primaryImageOfPage\":{\"@id\":\"https:\\\/\\\/resetaccessories.com\\\/es\\\/producte\\\/zero-99\\\/#primaryimage\"},\"image\":{\"@id\":\"https:\\\/\\\/resetaccessories.com\\\/es\\\/producte\\\/zero-99\\\/#primaryimage\"},\"thumbnailUrl\":\"https:\\\/\\\/resetaccessories.com\\\/wp-content\\\/uploads\\\/2025\\\/11\\\/D.7106307_1.jpg\",\"datePublished\":\"2025-11-15T20:53:41+00:00\",\"dateModified\":\"2026-04-16T17:05:32+00:00\",\"breadcrumb\":{\"@id\":\"https:\\\/\\\/resetaccessories.com\\\/es\\\/producte\\\/zero-99\\\/#breadcrumb\"},\"inLanguage\":\"es\",\"potentialAction\":[{\"@type\":\"ReadAction\",\"target\":[\"https:\\\/\\\/resetaccessories.com\\\/es\\\/producte\\\/zero-99\\\/\"]}]},{\"@type\":\"ImageObject\",\"inLanguage\":\"es\",\"@id\":\"https:\\\/\\\/resetaccessories.com\\\/es\\\/producte\\\/zero-99\\\/#primaryimage\",\"url\":\"https:\\\/\\\/resetaccessories.com\\\/wp-content\\\/uploads\\\/2025\\\/11\\\/D.7106307_1.jpg\",\"contentUrl\":\"https:\\\/\\\/resetaccessories.com\\\/wp-content\\\/uploads\\\/2025\\\/11\\\/D.7106307_1.jpg\",\"width\":2048,\"height\":2048},{\"@type\":\"BreadcrumbList\",\"@id\":\"https:\\\/\\\/resetaccessories.com\\\/es\\\/producte\\\/zero-99\\\/#breadcrumb\",\"itemListElement\":[{\"@type\":\"ListItem\",\"position\":1,\"name\":\"Inici\",\"item\":\"https:\\\/\\\/resetaccessories.com\\\/es\\\/\"},{\"@type\":\"ListItem\",\"position\":2,\"name\":\"Shop\",\"item\":\"https:\\\/\\\/resetaccessories.com\\\/es\\\/shop\\\/\"},{\"@type\":\"ListItem\",\"position\":3,\"name\":\"Zero 99\"}]},{\"@type\":\"WebSite\",\"@id\":\"https:\\\/\\\/resetaccessories.com\\\/es\\\/#website\",\"url\":\"https:\\\/\\\/resetaccessories.com\\\/es\\\/\",\"name\":\"Reset Accessories\",\"description\":\"Tot un m\u00f3n d\u2019accessoris de moda.\",\"publisher\":{\"@id\":\"https:\\\/\\\/resetaccessories.com\\\/es\\\/#organization\"},\"potentialAction\":[{\"@type\":\"SearchAction\",\"target\":{\"@type\":\"EntryPoint\",\"urlTemplate\":\"https:\\\/\\\/resetaccessories.com\\\/es\\\/?s={search_term_string}\"},\"query-input\":{\"@type\":\"PropertyValueSpecification\",\"valueRequired\":true,\"valueName\":\"search_term_string\"}}],\"inLanguage\":\"es\"},{\"@type\":\"Organization\",\"@id\":\"https:\\\/\\\/resetaccessories.com\\\/es\\\/#organization\",\"name\":\"Reset Accessories\",\"url\":\"https:\\\/\\\/resetaccessories.com\\\/es\\\/\",\"logo\":{\"@type\":\"ImageObject\",\"inLanguage\":\"es\",\"@id\":\"https:\\\/\\\/resetaccessories.com\\\/es\\\/#\\\/schema\\\/logo\\\/image\\\/\",\"url\":\"https:\\\/\\\/resetaccessories.com\\\/wp-content\\\/uploads\\\/2026\\\/03\\\/LOGO.png\",\"contentUrl\":\"https:\\\/\\\/resetaccessories.com\\\/wp-content\\\/uploads\\\/2026\\\/03\\\/LOGO.png\",\"width\":280,\"height\":234,\"caption\":\"Reset Accessories\"},\"image\":{\"@id\":\"https:\\\/\\\/resetaccessories.com\\\/es\\\/#\\\/schema\\\/logo\\\/image\\\/\"}}]}<\/script>\n<!-- \/ Yoast SEO plugin. -->","yoast_head_json":{"title":"Zero 99 - Reset Accessories","robots":{"index":"index","follow":"follow","max-snippet":"max-snippet:-1","max-image-preview":"max-image-preview:large","max-video-preview":"max-video-preview:-1"},"canonical":"https:\/\/resetaccessories.com\/es\/producte\/zero-99\/","og_locale":"es_ES","og_type":"article","og_title":"Zero 99 - Reset Accessories","og_description":"Paraguas Zero 99 ultraligero, de tan solo 99 gramos que permite llevarlo siempre en el bolso","og_url":"https:\/\/resetaccessories.com\/es\/producte\/zero-99\/","og_site_name":"Reset Accessories","article_modified_time":"2026-04-16T17:05:32+00:00","og_image":[{"width":2048,"height":2048,"url":"https:\/\/resetaccessories.com\/wp-content\/uploads\/2025\/11\/D.7106307_1.jpg","type":"image\/jpeg"}],"twitter_card":"summary_large_image","twitter_misc":{"Tiempo de lectura":"1 minuto"},"schema":{"@context":"https:\/\/schema.org","@graph":[{"@type":"WebPage","@id":"https:\/\/resetaccessories.com\/es\/producte\/zero-99\/","url":"https:\/\/resetaccessories.com\/es\/producte\/zero-99\/","name":"Zero 99 - Reset Accessories","isPartOf":{"@id":"https:\/\/resetaccessories.com\/es\/#website"},"primaryImageOfPage":{"@id":"https:\/\/resetaccessories.com\/es\/producte\/zero-99\/#primaryimage"},"image":{"@id":"https:\/\/resetaccessories.com\/es\/producte\/zero-99\/#primaryimage"},"thumbnailUrl":"https:\/\/resetaccessories.com\/wp-content\/uploads\/2025\/11\/D.7106307_1.jpg","datePublished":"2025-11-15T20:53:41+00:00","dateModified":"2026-04-16T17:05:32+00:00","breadcrumb":{"@id":"https:\/\/resetaccessories.com\/es\/producte\/zero-99\/#breadcrumb"},"inLanguage":"es","potentialAction":[{"@type":"ReadAction","target":["https:\/\/resetaccessories.com\/es\/producte\/zero-99\/"]}]},{"@type":"ImageObject","inLanguage":"es","@id":"https:\/\/resetaccessories.com\/es\/producte\/zero-99\/#primaryimage","url":"https:\/\/resetaccessories.com\/wp-content\/uploads\/2025\/11\/D.7106307_1.jpg","contentUrl":"https:\/\/resetaccessories.com\/wp-content\/uploads\/2025\/11\/D.7106307_1.jpg","width":2048,"height":2048},{"@type":"BreadcrumbList","@id":"https:\/\/resetaccessories.com\/es\/producte\/zero-99\/#breadcrumb","itemListElement":[{"@type":"ListItem","position":1,"name":"Inici","item":"https:\/\/resetaccessories.com\/es\/"},{"@type":"ListItem","position":2,"name":"Shop","item":"https:\/\/resetaccessories.com\/es\/shop\/"},{"@type":"ListItem","position":3,"name":"Zero 99"}]},{"@type":"WebSite","@id":"https:\/\/resetaccessories.com\/es\/#website","url":"https:\/\/resetaccessories.com\/es\/","name":"Reset Accessories","description":"Tot un m\u00f3n d\u2019accessoris de moda.","publisher":{"@id":"https:\/\/resetaccessories.com\/es\/#organization"},"potentialAction":[{"@type":"SearchAction","target":{"@type":"EntryPoint","urlTemplate":"https:\/\/resetaccessories.com\/es\/?s={search_term_string}"},"query-input":{"@type":"PropertyValueSpecification","valueRequired":true,"valueName":"search_term_string"}}],"inLanguage":"es"},{"@type":"Organization","@id":"https:\/\/resetaccessories.com\/es\/#organization","name":"Reset Accessories","url":"https:\/\/resetaccessories.com\/es\/","logo":{"@type":"ImageObject","inLanguage":"es","@id":"https:\/\/resetaccessories.com\/es\/#\/schema\/logo\/image\/","url":"https:\/\/resetaccessories.com\/wp-content\/uploads\/2026\/03\/LOGO.png","contentUrl":"https:\/\/resetaccessories.com\/wp-content\/uploads\/2026\/03\/LOGO.png","width":280,"height":234,"caption":"Reset Accessories"},"image":{"@id":"https:\/\/resetaccessories.com\/es\/#\/schema\/logo\/image\/"}}]}},"_links":{"self":[{"href":"https:\/\/resetaccessories.com\/es\/wp-json\/wp\/v2\/product\/865776","targetHints":{"allow":["GET"]}}],"collection":[{"href":"https:\/\/resetaccessories.com\/es\/wp-json\/wp\/v2\/product"}],"about":[{"href":"https:\/\/resetaccessories.com\/es\/wp-json\/wp\/v2\/types\/product"}],"replies":[{"embeddable":true,"href":"https:\/\/resetaccessories.com\/es\/wp-json\/wp\/v2\/comments?post=865776"}],"wp:featuredmedia":[{"embeddable":true,"href":"https:\/\/resetaccessories.com\/es\/wp-json\/wp\/v2\/media\/865418"}],"wp:attachment":[{"href":"https:\/\/resetaccessories.com\/es\/wp-json\/wp\/v2\/media?parent=865776"}],"wp:term":[{"taxonomy":"product_brand","embeddable":true,"href":"https:\/\/resetaccessories.com\/es\/wp-json\/wp\/v2\/product_brand?post=865776"},{"taxonomy":"product_cat","embeddable":true,"href":"https:\/\/resetaccessories.com\/es\/wp-json\/wp\/v2\/product_cat?post=865776"},{"taxonomy":"product_tag","embeddable":true,"href":"https:\/\/resetaccessories.com\/es\/wp-json\/wp\/v2\/product_tag?post=865776"}],"curies":[{"name":"wp","href":"https:\/\/api.w.org\/{rel}","templated":true}]}}