{"id":566038,"date":"2025-05-20T16:57:51","date_gmt":"2025-05-20T15:57:51","guid":{"rendered":"https:\/\/resetaccessories.com\/producte\/melanie-barrel-bag-silver\/"},"modified":"2025-10-18T17:36:13","modified_gmt":"2025-10-18T16:36:13","slug":"melanie-barrel-bag-silver","status":"publish","type":"product","link":"https:\/\/resetaccessories.com\/es\/producte\/melanie-barrel-bag-silver\/","title":{"rendered":"Melanie Barrel Bag Silver"},"content":{"rendered":"<p>Bolso peque\u00f1o para ocasiones especiales, ya sea un evento o una fiesta. Es muy elegante y moderno, adem\u00e1s, cuenta con capacidad para llevar tus imprescindibles.El acabado con pedrer\u00eda le dar\u00e1 un toque diferente a tu look. Para llevar al hombro o en la mano, con cierre principal con cremallera.<br \/>\nDimensiones cm: 20 ancho x 10 altura x 8 profundidad<\/p>\n","protected":false},"excerpt":{"rendered":"<p>Bolso peque\u00f1o Juicy Couture de pedrer\u00eda<\/p>\n","protected":false},"featured_media":565951,"comment_status":"closed","ping_status":"closed","template":"","meta":{"inline_featured_image":false},"product_brand":[],"product_cat":[467,646,471],"product_tag":[],"class_list":{"0":"post-566038","1":"product","2":"type-product","3":"status-publish","4":"has-post-thumbnail","6":"product_cat-bosses","7":"product_cat-despatlla","8":"product_cat-bosses-de-ma","10":"first","11":"instock","12":"sale","13":"purchasable","14":"product-type-simple"},"yoast_head":"<!-- This site is optimized with the Yoast SEO plugin v27.3 - https:\/\/yoast.com\/product\/yoast-seo-wordpress\/ -->\n<title>Melanie Barrel Bag Silver - Reset Accessories<\/title>\n<meta name=\"robots\" content=\"index, follow, max-snippet:-1, max-image-preview:large, max-video-preview:-1\" \/>\n<link rel=\"canonical\" href=\"https:\/\/resetaccessories.com\/es\/producte\/melanie-barrel-bag-silver\/\" \/>\n<meta property=\"og:locale\" content=\"es_ES\" \/>\n<meta property=\"og:type\" content=\"article\" \/>\n<meta property=\"og:title\" content=\"Melanie Barrel Bag Silver - Reset Accessories\" \/>\n<meta property=\"og:description\" content=\"Bolso peque\u00f1o Juicy Couture de pedrer\u00eda\" \/>\n<meta property=\"og:url\" content=\"https:\/\/resetaccessories.com\/es\/producte\/melanie-barrel-bag-silver\/\" \/>\n<meta property=\"og:site_name\" content=\"Reset Accessories\" \/>\n<meta property=\"article:modified_time\" content=\"2025-10-18T16:36:13+00:00\" \/>\n<meta property=\"og:image\" content=\"https:\/\/resetaccessories.com\/wp-content\/uploads\/2025\/05\/BEJQ42542WVPJ84_1.jpg\" \/>\n\t<meta property=\"og:image:width\" content=\"2048\" \/>\n\t<meta property=\"og:image:height\" content=\"2048\" \/>\n\t<meta property=\"og:image:type\" content=\"image\/jpeg\" \/>\n<meta name=\"twitter:card\" content=\"summary_large_image\" \/>\n<meta name=\"twitter:label1\" content=\"Tiempo de lectura\" \/>\n\t<meta name=\"twitter:data1\" content=\"1 minuto\" \/>\n<script type=\"application\/ld+json\" class=\"yoast-schema-graph\">{\"@context\":\"https:\\\/\\\/schema.org\",\"@graph\":[{\"@type\":\"WebPage\",\"@id\":\"https:\\\/\\\/resetaccessories.com\\\/es\\\/producte\\\/melanie-barrel-bag-silver\\\/\",\"url\":\"https:\\\/\\\/resetaccessories.com\\\/es\\\/producte\\\/melanie-barrel-bag-silver\\\/\",\"name\":\"Melanie Barrel Bag Silver - Reset Accessories\",\"isPartOf\":{\"@id\":\"https:\\\/\\\/resetaccessories.com\\\/es\\\/#website\"},\"primaryImageOfPage\":{\"@id\":\"https:\\\/\\\/resetaccessories.com\\\/es\\\/producte\\\/melanie-barrel-bag-silver\\\/#primaryimage\"},\"image\":{\"@id\":\"https:\\\/\\\/resetaccessories.com\\\/es\\\/producte\\\/melanie-barrel-bag-silver\\\/#primaryimage\"},\"thumbnailUrl\":\"https:\\\/\\\/resetaccessories.com\\\/wp-content\\\/uploads\\\/2025\\\/05\\\/BEJQ42542WVPJ84_1.jpg\",\"datePublished\":\"2025-05-20T15:57:51+00:00\",\"dateModified\":\"2025-10-18T16:36:13+00:00\",\"breadcrumb\":{\"@id\":\"https:\\\/\\\/resetaccessories.com\\\/es\\\/producte\\\/melanie-barrel-bag-silver\\\/#breadcrumb\"},\"inLanguage\":\"es\",\"potentialAction\":[{\"@type\":\"ReadAction\",\"target\":[\"https:\\\/\\\/resetaccessories.com\\\/es\\\/producte\\\/melanie-barrel-bag-silver\\\/\"]}]},{\"@type\":\"ImageObject\",\"inLanguage\":\"es\",\"@id\":\"https:\\\/\\\/resetaccessories.com\\\/es\\\/producte\\\/melanie-barrel-bag-silver\\\/#primaryimage\",\"url\":\"https:\\\/\\\/resetaccessories.com\\\/wp-content\\\/uploads\\\/2025\\\/05\\\/BEJQ42542WVPJ84_1.jpg\",\"contentUrl\":\"https:\\\/\\\/resetaccessories.com\\\/wp-content\\\/uploads\\\/2025\\\/05\\\/BEJQ42542WVPJ84_1.jpg\",\"width\":2048,\"height\":2048},{\"@type\":\"BreadcrumbList\",\"@id\":\"https:\\\/\\\/resetaccessories.com\\\/es\\\/producte\\\/melanie-barrel-bag-silver\\\/#breadcrumb\",\"itemListElement\":[{\"@type\":\"ListItem\",\"position\":1,\"name\":\"Inici\",\"item\":\"https:\\\/\\\/resetaccessories.com\\\/es\\\/\"},{\"@type\":\"ListItem\",\"position\":2,\"name\":\"Shop\",\"item\":\"https:\\\/\\\/resetaccessories.com\\\/es\\\/shop\\\/\"},{\"@type\":\"ListItem\",\"position\":3,\"name\":\"Melanie Barrel Bag Silver\"}]},{\"@type\":\"WebSite\",\"@id\":\"https:\\\/\\\/resetaccessories.com\\\/es\\\/#website\",\"url\":\"https:\\\/\\\/resetaccessories.com\\\/es\\\/\",\"name\":\"Reset Accessories\",\"description\":\"Tot un m\u00f3n d\u2019accessoris de moda.\",\"publisher\":{\"@id\":\"https:\\\/\\\/resetaccessories.com\\\/es\\\/#organization\"},\"potentialAction\":[{\"@type\":\"SearchAction\",\"target\":{\"@type\":\"EntryPoint\",\"urlTemplate\":\"https:\\\/\\\/resetaccessories.com\\\/es\\\/?s={search_term_string}\"},\"query-input\":{\"@type\":\"PropertyValueSpecification\",\"valueRequired\":true,\"valueName\":\"search_term_string\"}}],\"inLanguage\":\"es\"},{\"@type\":\"Organization\",\"@id\":\"https:\\\/\\\/resetaccessories.com\\\/es\\\/#organization\",\"name\":\"Reset Accessories\",\"url\":\"https:\\\/\\\/resetaccessories.com\\\/es\\\/\",\"logo\":{\"@type\":\"ImageObject\",\"inLanguage\":\"es\",\"@id\":\"https:\\\/\\\/resetaccessories.com\\\/es\\\/#\\\/schema\\\/logo\\\/image\\\/\",\"url\":\"https:\\\/\\\/resetaccessories.com\\\/wp-content\\\/uploads\\\/2026\\\/03\\\/LOGO.png\",\"contentUrl\":\"https:\\\/\\\/resetaccessories.com\\\/wp-content\\\/uploads\\\/2026\\\/03\\\/LOGO.png\",\"width\":280,\"height\":234,\"caption\":\"Reset Accessories\"},\"image\":{\"@id\":\"https:\\\/\\\/resetaccessories.com\\\/es\\\/#\\\/schema\\\/logo\\\/image\\\/\"}}]}<\/script>\n<!-- \/ Yoast SEO plugin. -->","yoast_head_json":{"title":"Melanie Barrel Bag Silver - Reset Accessories","robots":{"index":"index","follow":"follow","max-snippet":"max-snippet:-1","max-image-preview":"max-image-preview:large","max-video-preview":"max-video-preview:-1"},"canonical":"https:\/\/resetaccessories.com\/es\/producte\/melanie-barrel-bag-silver\/","og_locale":"es_ES","og_type":"article","og_title":"Melanie Barrel Bag Silver - Reset Accessories","og_description":"Bolso peque\u00f1o Juicy Couture de pedrer\u00eda","og_url":"https:\/\/resetaccessories.com\/es\/producte\/melanie-barrel-bag-silver\/","og_site_name":"Reset Accessories","article_modified_time":"2025-10-18T16:36:13+00:00","og_image":[{"width":2048,"height":2048,"url":"https:\/\/resetaccessories.com\/wp-content\/uploads\/2025\/05\/BEJQ42542WVPJ84_1.jpg","type":"image\/jpeg"}],"twitter_card":"summary_large_image","twitter_misc":{"Tiempo de lectura":"1 minuto"},"schema":{"@context":"https:\/\/schema.org","@graph":[{"@type":"WebPage","@id":"https:\/\/resetaccessories.com\/es\/producte\/melanie-barrel-bag-silver\/","url":"https:\/\/resetaccessories.com\/es\/producte\/melanie-barrel-bag-silver\/","name":"Melanie Barrel Bag Silver - Reset Accessories","isPartOf":{"@id":"https:\/\/resetaccessories.com\/es\/#website"},"primaryImageOfPage":{"@id":"https:\/\/resetaccessories.com\/es\/producte\/melanie-barrel-bag-silver\/#primaryimage"},"image":{"@id":"https:\/\/resetaccessories.com\/es\/producte\/melanie-barrel-bag-silver\/#primaryimage"},"thumbnailUrl":"https:\/\/resetaccessories.com\/wp-content\/uploads\/2025\/05\/BEJQ42542WVPJ84_1.jpg","datePublished":"2025-05-20T15:57:51+00:00","dateModified":"2025-10-18T16:36:13+00:00","breadcrumb":{"@id":"https:\/\/resetaccessories.com\/es\/producte\/melanie-barrel-bag-silver\/#breadcrumb"},"inLanguage":"es","potentialAction":[{"@type":"ReadAction","target":["https:\/\/resetaccessories.com\/es\/producte\/melanie-barrel-bag-silver\/"]}]},{"@type":"ImageObject","inLanguage":"es","@id":"https:\/\/resetaccessories.com\/es\/producte\/melanie-barrel-bag-silver\/#primaryimage","url":"https:\/\/resetaccessories.com\/wp-content\/uploads\/2025\/05\/BEJQ42542WVPJ84_1.jpg","contentUrl":"https:\/\/resetaccessories.com\/wp-content\/uploads\/2025\/05\/BEJQ42542WVPJ84_1.jpg","width":2048,"height":2048},{"@type":"BreadcrumbList","@id":"https:\/\/resetaccessories.com\/es\/producte\/melanie-barrel-bag-silver\/#breadcrumb","itemListElement":[{"@type":"ListItem","position":1,"name":"Inici","item":"https:\/\/resetaccessories.com\/es\/"},{"@type":"ListItem","position":2,"name":"Shop","item":"https:\/\/resetaccessories.com\/es\/shop\/"},{"@type":"ListItem","position":3,"name":"Melanie Barrel Bag Silver"}]},{"@type":"WebSite","@id":"https:\/\/resetaccessories.com\/es\/#website","url":"https:\/\/resetaccessories.com\/es\/","name":"Reset Accessories","description":"Tot un m\u00f3n d\u2019accessoris de moda.","publisher":{"@id":"https:\/\/resetaccessories.com\/es\/#organization"},"potentialAction":[{"@type":"SearchAction","target":{"@type":"EntryPoint","urlTemplate":"https:\/\/resetaccessories.com\/es\/?s={search_term_string}"},"query-input":{"@type":"PropertyValueSpecification","valueRequired":true,"valueName":"search_term_string"}}],"inLanguage":"es"},{"@type":"Organization","@id":"https:\/\/resetaccessories.com\/es\/#organization","name":"Reset Accessories","url":"https:\/\/resetaccessories.com\/es\/","logo":{"@type":"ImageObject","inLanguage":"es","@id":"https:\/\/resetaccessories.com\/es\/#\/schema\/logo\/image\/","url":"https:\/\/resetaccessories.com\/wp-content\/uploads\/2026\/03\/LOGO.png","contentUrl":"https:\/\/resetaccessories.com\/wp-content\/uploads\/2026\/03\/LOGO.png","width":280,"height":234,"caption":"Reset Accessories"},"image":{"@id":"https:\/\/resetaccessories.com\/es\/#\/schema\/logo\/image\/"}}]}},"_links":{"self":[{"href":"https:\/\/resetaccessories.com\/es\/wp-json\/wp\/v2\/product\/566038","targetHints":{"allow":["GET"]}}],"collection":[{"href":"https:\/\/resetaccessories.com\/es\/wp-json\/wp\/v2\/product"}],"about":[{"href":"https:\/\/resetaccessories.com\/es\/wp-json\/wp\/v2\/types\/product"}],"replies":[{"embeddable":true,"href":"https:\/\/resetaccessories.com\/es\/wp-json\/wp\/v2\/comments?post=566038"}],"wp:featuredmedia":[{"embeddable":true,"href":"https:\/\/resetaccessories.com\/es\/wp-json\/wp\/v2\/media\/565951"}],"wp:attachment":[{"href":"https:\/\/resetaccessories.com\/es\/wp-json\/wp\/v2\/media?parent=566038"}],"wp:term":[{"taxonomy":"product_brand","embeddable":true,"href":"https:\/\/resetaccessories.com\/es\/wp-json\/wp\/v2\/product_brand?post=566038"},{"taxonomy":"product_cat","embeddable":true,"href":"https:\/\/resetaccessories.com\/es\/wp-json\/wp\/v2\/product_cat?post=566038"},{"taxonomy":"product_tag","embeddable":true,"href":"https:\/\/resetaccessories.com\/es\/wp-json\/wp\/v2\/product_tag?post=566038"}],"curies":[{"name":"wp","href":"https:\/\/api.w.org\/{rel}","templated":true}]}}