{"id":565487,"date":"2025-05-20T12:04:05","date_gmt":"2025-05-20T11:04:05","guid":{"rendered":"https:\/\/resetaccessories.com\/producte\/classic-tech-28l-cabin-backpack\/"},"modified":"2026-04-16T14:26:51","modified_gmt":"2026-04-16T13:26:51","slug":"classic-tech-28l-cabin-backpack","status":"publish","type":"product","link":"https:\/\/resetaccessories.com\/es\/producte\/classic-tech-28l-cabin-backpack\/","title":{"rendered":"Classic Tech 28L Cabin Backpack"},"content":{"rendered":"<p>Mochila muy pr\u00e1ctica y funcional, para viajar o para tu d\u00eda a d\u00eda. Apertura total con cremallera que permite visualizar todo el interior, ideal para llevar ropa o cosas de viaje.<br \/>Medida adecuada para cabina de avi\u00f3n, para guardarla bajo el asiento, permitida por todas las compa\u00f1ias aereas sin pagar costes extras por tu billete<br \/>Compartimento exterior para port\u00e1til de hasta 15 pulgadas, cerrado con cremallera y totalmente independiente.<br \/>Asas de transporte laterales y superior, y correas de mochila anchas y confortables.<br \/>Bolsillo\u00a0exterior grande con cremallera y tambi\u00e9n en el interior para peque\u00f1as cosas.<br \/>Bolsillo lateral para la botella del agua o el paraguas<br \/>Volumen 28 litros.<br \/>Material:\u00a0Poli\u00e9ster\u00a0de 600\u00a0deniers, resistente y repelente al agua.<br \/>Dimensiones:\u00a039 x 29,5 x 20.<br \/>Peso: 600 gr.<\/p>\n","protected":false},"excerpt":{"rendered":"<p>Mochila Cabin Zero de 28 litros, medida adecuada para guardar bajo el asiento del avi\u00f3n, con compartimento independiente para el port\u00e1til<\/p>\n","protected":false},"featured_media":564719,"comment_status":"closed","ping_status":"closed","template":"","meta":{"inline_featured_image":false},"product_brand":[],"product_cat":[7438,7436,7469,7466,7471],"product_tag":[],"class_list":{"0":"post-565487","1":"product","2":"type-product","3":"status-publish","4":"has-post-thumbnail","6":"product_cat-bolsos-underseat","7":"product_cat-equipaje","8":"product_cat-grandes","9":"product_cat-mochilas","10":"product_cat-para-portatil","11":"pa_color-absolute-black","12":"pa_color-blue-grotto","13":"pa_color-cinnamon","14":"pa_color-cloud-nine","15":"pa_color-georgian-khaki","16":"pa_color-navy","17":"pa_color-orange-chill","18":"pa_color-zen-garden","19":"pa_marca-cabin-zero","21":"first","22":"instock","23":"purchasable","24":"product-type-variable","25":"has-default-attributes"},"yoast_head":"<!-- This site is optimized with the Yoast SEO plugin v27.3 - https:\/\/yoast.com\/product\/yoast-seo-wordpress\/ -->\n<title>Classic Tech 28L Cabin Backpack - Reset Accessories<\/title>\n<meta name=\"robots\" content=\"index, follow, max-snippet:-1, max-image-preview:large, max-video-preview:-1\" \/>\n<link rel=\"canonical\" href=\"https:\/\/resetaccessories.com\/es\/producte\/classic-tech-28l-cabin-backpack\/\" \/>\n<meta property=\"og:locale\" content=\"es_ES\" \/>\n<meta property=\"og:type\" content=\"article\" \/>\n<meta property=\"og:title\" content=\"Classic Tech 28L Cabin Backpack - Reset Accessories\" \/>\n<meta property=\"og:description\" content=\"Mochila Cabin Zero de 28 litros, medida adecuada para guardar bajo el asiento del avi\u00f3n, con compartimento independiente para el port\u00e1til\" \/>\n<meta property=\"og:url\" content=\"https:\/\/resetaccessories.com\/es\/producte\/classic-tech-28l-cabin-backpack\/\" \/>\n<meta property=\"og:site_name\" content=\"Reset Accessories\" \/>\n<meta property=\"article:modified_time\" content=\"2026-04-16T13:26:51+00:00\" \/>\n<meta property=\"og:image\" content=\"https:\/\/resetaccessories.com\/wp-content\/uploads\/2025\/05\/CZ332420_1.jpg\" \/>\n\t<meta property=\"og:image:width\" content=\"1024\" \/>\n\t<meta property=\"og:image:height\" content=\"1024\" \/>\n\t<meta property=\"og:image:type\" content=\"image\/jpeg\" \/>\n<meta name=\"twitter:card\" content=\"summary_large_image\" \/>\n<meta name=\"twitter:label1\" content=\"Tiempo de lectura\" \/>\n\t<meta name=\"twitter:data1\" content=\"1 minuto\" \/>\n<script type=\"application\/ld+json\" class=\"yoast-schema-graph\">{\"@context\":\"https:\\\/\\\/schema.org\",\"@graph\":[{\"@type\":\"WebPage\",\"@id\":\"https:\\\/\\\/resetaccessories.com\\\/es\\\/producte\\\/classic-tech-28l-cabin-backpack\\\/\",\"url\":\"https:\\\/\\\/resetaccessories.com\\\/es\\\/producte\\\/classic-tech-28l-cabin-backpack\\\/\",\"name\":\"Classic Tech 28L Cabin Backpack - Reset Accessories\",\"isPartOf\":{\"@id\":\"https:\\\/\\\/resetaccessories.com\\\/es\\\/#website\"},\"primaryImageOfPage\":{\"@id\":\"https:\\\/\\\/resetaccessories.com\\\/es\\\/producte\\\/classic-tech-28l-cabin-backpack\\\/#primaryimage\"},\"image\":{\"@id\":\"https:\\\/\\\/resetaccessories.com\\\/es\\\/producte\\\/classic-tech-28l-cabin-backpack\\\/#primaryimage\"},\"thumbnailUrl\":\"https:\\\/\\\/resetaccessories.com\\\/wp-content\\\/uploads\\\/2025\\\/05\\\/CZ332420_1.jpg\",\"datePublished\":\"2025-05-20T11:04:05+00:00\",\"dateModified\":\"2026-04-16T13:26:51+00:00\",\"breadcrumb\":{\"@id\":\"https:\\\/\\\/resetaccessories.com\\\/es\\\/producte\\\/classic-tech-28l-cabin-backpack\\\/#breadcrumb\"},\"inLanguage\":\"es\",\"potentialAction\":[{\"@type\":\"ReadAction\",\"target\":[\"https:\\\/\\\/resetaccessories.com\\\/es\\\/producte\\\/classic-tech-28l-cabin-backpack\\\/\"]}]},{\"@type\":\"ImageObject\",\"inLanguage\":\"es\",\"@id\":\"https:\\\/\\\/resetaccessories.com\\\/es\\\/producte\\\/classic-tech-28l-cabin-backpack\\\/#primaryimage\",\"url\":\"https:\\\/\\\/resetaccessories.com\\\/wp-content\\\/uploads\\\/2025\\\/05\\\/CZ332420_1.jpg\",\"contentUrl\":\"https:\\\/\\\/resetaccessories.com\\\/wp-content\\\/uploads\\\/2025\\\/05\\\/CZ332420_1.jpg\",\"width\":1024,\"height\":1024},{\"@type\":\"BreadcrumbList\",\"@id\":\"https:\\\/\\\/resetaccessories.com\\\/es\\\/producte\\\/classic-tech-28l-cabin-backpack\\\/#breadcrumb\",\"itemListElement\":[{\"@type\":\"ListItem\",\"position\":1,\"name\":\"Inici\",\"item\":\"https:\\\/\\\/resetaccessories.com\\\/es\\\/\"},{\"@type\":\"ListItem\",\"position\":2,\"name\":\"Shop\",\"item\":\"https:\\\/\\\/resetaccessories.com\\\/es\\\/shop\\\/\"},{\"@type\":\"ListItem\",\"position\":3,\"name\":\"Classic Tech 28L Cabin Backpack\"}]},{\"@type\":\"WebSite\",\"@id\":\"https:\\\/\\\/resetaccessories.com\\\/es\\\/#website\",\"url\":\"https:\\\/\\\/resetaccessories.com\\\/es\\\/\",\"name\":\"Reset Accessories\",\"description\":\"Tot un m\u00f3n d\u2019accessoris de moda.\",\"publisher\":{\"@id\":\"https:\\\/\\\/resetaccessories.com\\\/es\\\/#organization\"},\"potentialAction\":[{\"@type\":\"SearchAction\",\"target\":{\"@type\":\"EntryPoint\",\"urlTemplate\":\"https:\\\/\\\/resetaccessories.com\\\/es\\\/?s={search_term_string}\"},\"query-input\":{\"@type\":\"PropertyValueSpecification\",\"valueRequired\":true,\"valueName\":\"search_term_string\"}}],\"inLanguage\":\"es\"},{\"@type\":\"Organization\",\"@id\":\"https:\\\/\\\/resetaccessories.com\\\/es\\\/#organization\",\"name\":\"Reset Accessories\",\"url\":\"https:\\\/\\\/resetaccessories.com\\\/es\\\/\",\"logo\":{\"@type\":\"ImageObject\",\"inLanguage\":\"es\",\"@id\":\"https:\\\/\\\/resetaccessories.com\\\/es\\\/#\\\/schema\\\/logo\\\/image\\\/\",\"url\":\"https:\\\/\\\/resetaccessories.com\\\/wp-content\\\/uploads\\\/2026\\\/03\\\/LOGO.png\",\"contentUrl\":\"https:\\\/\\\/resetaccessories.com\\\/wp-content\\\/uploads\\\/2026\\\/03\\\/LOGO.png\",\"width\":280,\"height\":234,\"caption\":\"Reset Accessories\"},\"image\":{\"@id\":\"https:\\\/\\\/resetaccessories.com\\\/es\\\/#\\\/schema\\\/logo\\\/image\\\/\"}}]}<\/script>\n<!-- \/ Yoast SEO plugin. -->","yoast_head_json":{"title":"Classic Tech 28L Cabin Backpack - Reset Accessories","robots":{"index":"index","follow":"follow","max-snippet":"max-snippet:-1","max-image-preview":"max-image-preview:large","max-video-preview":"max-video-preview:-1"},"canonical":"https:\/\/resetaccessories.com\/es\/producte\/classic-tech-28l-cabin-backpack\/","og_locale":"es_ES","og_type":"article","og_title":"Classic Tech 28L Cabin Backpack - Reset Accessories","og_description":"Mochila Cabin Zero de 28 litros, medida adecuada para guardar bajo el asiento del avi\u00f3n, con compartimento independiente para el port\u00e1til","og_url":"https:\/\/resetaccessories.com\/es\/producte\/classic-tech-28l-cabin-backpack\/","og_site_name":"Reset Accessories","article_modified_time":"2026-04-16T13:26:51+00:00","og_image":[{"width":1024,"height":1024,"url":"https:\/\/resetaccessories.com\/wp-content\/uploads\/2025\/05\/CZ332420_1.jpg","type":"image\/jpeg"}],"twitter_card":"summary_large_image","twitter_misc":{"Tiempo de lectura":"1 minuto"},"schema":{"@context":"https:\/\/schema.org","@graph":[{"@type":"WebPage","@id":"https:\/\/resetaccessories.com\/es\/producte\/classic-tech-28l-cabin-backpack\/","url":"https:\/\/resetaccessories.com\/es\/producte\/classic-tech-28l-cabin-backpack\/","name":"Classic Tech 28L Cabin Backpack - Reset Accessories","isPartOf":{"@id":"https:\/\/resetaccessories.com\/es\/#website"},"primaryImageOfPage":{"@id":"https:\/\/resetaccessories.com\/es\/producte\/classic-tech-28l-cabin-backpack\/#primaryimage"},"image":{"@id":"https:\/\/resetaccessories.com\/es\/producte\/classic-tech-28l-cabin-backpack\/#primaryimage"},"thumbnailUrl":"https:\/\/resetaccessories.com\/wp-content\/uploads\/2025\/05\/CZ332420_1.jpg","datePublished":"2025-05-20T11:04:05+00:00","dateModified":"2026-04-16T13:26:51+00:00","breadcrumb":{"@id":"https:\/\/resetaccessories.com\/es\/producte\/classic-tech-28l-cabin-backpack\/#breadcrumb"},"inLanguage":"es","potentialAction":[{"@type":"ReadAction","target":["https:\/\/resetaccessories.com\/es\/producte\/classic-tech-28l-cabin-backpack\/"]}]},{"@type":"ImageObject","inLanguage":"es","@id":"https:\/\/resetaccessories.com\/es\/producte\/classic-tech-28l-cabin-backpack\/#primaryimage","url":"https:\/\/resetaccessories.com\/wp-content\/uploads\/2025\/05\/CZ332420_1.jpg","contentUrl":"https:\/\/resetaccessories.com\/wp-content\/uploads\/2025\/05\/CZ332420_1.jpg","width":1024,"height":1024},{"@type":"BreadcrumbList","@id":"https:\/\/resetaccessories.com\/es\/producte\/classic-tech-28l-cabin-backpack\/#breadcrumb","itemListElement":[{"@type":"ListItem","position":1,"name":"Inici","item":"https:\/\/resetaccessories.com\/es\/"},{"@type":"ListItem","position":2,"name":"Shop","item":"https:\/\/resetaccessories.com\/es\/shop\/"},{"@type":"ListItem","position":3,"name":"Classic Tech 28L Cabin Backpack"}]},{"@type":"WebSite","@id":"https:\/\/resetaccessories.com\/es\/#website","url":"https:\/\/resetaccessories.com\/es\/","name":"Reset Accessories","description":"Tot un m\u00f3n d\u2019accessoris de moda.","publisher":{"@id":"https:\/\/resetaccessories.com\/es\/#organization"},"potentialAction":[{"@type":"SearchAction","target":{"@type":"EntryPoint","urlTemplate":"https:\/\/resetaccessories.com\/es\/?s={search_term_string}"},"query-input":{"@type":"PropertyValueSpecification","valueRequired":true,"valueName":"search_term_string"}}],"inLanguage":"es"},{"@type":"Organization","@id":"https:\/\/resetaccessories.com\/es\/#organization","name":"Reset Accessories","url":"https:\/\/resetaccessories.com\/es\/","logo":{"@type":"ImageObject","inLanguage":"es","@id":"https:\/\/resetaccessories.com\/es\/#\/schema\/logo\/image\/","url":"https:\/\/resetaccessories.com\/wp-content\/uploads\/2026\/03\/LOGO.png","contentUrl":"https:\/\/resetaccessories.com\/wp-content\/uploads\/2026\/03\/LOGO.png","width":280,"height":234,"caption":"Reset Accessories"},"image":{"@id":"https:\/\/resetaccessories.com\/es\/#\/schema\/logo\/image\/"}}]}},"_links":{"self":[{"href":"https:\/\/resetaccessories.com\/es\/wp-json\/wp\/v2\/product\/565487","targetHints":{"allow":["GET"]}}],"collection":[{"href":"https:\/\/resetaccessories.com\/es\/wp-json\/wp\/v2\/product"}],"about":[{"href":"https:\/\/resetaccessories.com\/es\/wp-json\/wp\/v2\/types\/product"}],"replies":[{"embeddable":true,"href":"https:\/\/resetaccessories.com\/es\/wp-json\/wp\/v2\/comments?post=565487"}],"wp:featuredmedia":[{"embeddable":true,"href":"https:\/\/resetaccessories.com\/es\/wp-json\/wp\/v2\/media\/564719"}],"wp:attachment":[{"href":"https:\/\/resetaccessories.com\/es\/wp-json\/wp\/v2\/media?parent=565487"}],"wp:term":[{"taxonomy":"product_brand","embeddable":true,"href":"https:\/\/resetaccessories.com\/es\/wp-json\/wp\/v2\/product_brand?post=565487"},{"taxonomy":"product_cat","embeddable":true,"href":"https:\/\/resetaccessories.com\/es\/wp-json\/wp\/v2\/product_cat?post=565487"},{"taxonomy":"product_tag","embeddable":true,"href":"https:\/\/resetaccessories.com\/es\/wp-json\/wp\/v2\/product_tag?post=565487"}],"curies":[{"name":"wp","href":"https:\/\/api.w.org\/{rel}","templated":true}]}}