{"id":563478,"date":"2025-05-20T07:24:41","date_gmt":"2025-05-20T06:24:41","guid":{"rendered":"https:\/\/resetaccessories.com\/producte\/lock-it-single\/"},"modified":"2026-04-16T10:20:38","modified_gmt":"2026-04-16T09:20:38","slug":"lock-it-single","status":"publish","type":"product","link":"https:\/\/resetaccessories.com\/es\/producte\/lock-it-single\/","title":{"rendered":"LOCK-IT SINGLE"},"content":{"rendered":"<p>Candado TSA para maletas, mochilas \u2026 para ofrecerte una m\u00e1xima seguridad en tus desplazamientos. Se adapta f\u00e1cilmente a los carros dobles de cremallera que as\u00ed lo permitan. Combinaci\u00f3n de 3 d\u00edgitos que se puede cambiar con facilidad.<\/p>\n","protected":false},"excerpt":{"rendered":"<p>Candado TSA<\/p>\n","protected":false},"featured_media":563232,"comment_status":"closed","ping_status":"closed","template":"","meta":{"inline_featured_image":false},"product_brand":[],"product_cat":[7437,7436],"product_tag":[],"class_list":{"0":"post-563478","1":"product","2":"type-product","3":"status-publish","4":"has-post-thumbnail","6":"product_cat-accessorios-de-viaje","7":"product_cat-equipaje","8":"pa_color-black","9":"pa_marca-eastpak","11":"first","12":"instock","13":"purchasable","14":"product-type-variable"},"yoast_head":"<!-- This site is optimized with the Yoast SEO plugin v27.3 - https:\/\/yoast.com\/product\/yoast-seo-wordpress\/ -->\n<title>LOCK-IT SINGLE - Reset Accessories<\/title>\n<meta name=\"robots\" content=\"index, follow, max-snippet:-1, max-image-preview:large, max-video-preview:-1\" \/>\n<link rel=\"canonical\" href=\"https:\/\/resetaccessories.com\/es\/producte\/lock-it-single\/\" \/>\n<meta property=\"og:locale\" content=\"es_ES\" \/>\n<meta property=\"og:type\" content=\"article\" \/>\n<meta property=\"og:title\" content=\"LOCK-IT SINGLE - Reset Accessories\" \/>\n<meta property=\"og:description\" content=\"Candado TSA\" \/>\n<meta property=\"og:url\" content=\"https:\/\/resetaccessories.com\/es\/producte\/lock-it-single\/\" \/>\n<meta property=\"og:site_name\" content=\"Reset Accessories\" \/>\n<meta property=\"article:modified_time\" content=\"2026-04-16T09:20:38+00:00\" \/>\n<meta property=\"og:image\" content=\"https:\/\/resetaccessories.com\/wp-content\/uploads\/2025\/05\/EK00018C008_1.jpeg\" \/>\n\t<meta property=\"og:image:width\" content=\"1500\" \/>\n\t<meta property=\"og:image:height\" content=\"1500\" \/>\n\t<meta property=\"og:image:type\" content=\"image\/jpeg\" \/>\n<meta name=\"twitter:card\" content=\"summary_large_image\" \/>\n<script type=\"application\/ld+json\" class=\"yoast-schema-graph\">{\"@context\":\"https:\\\/\\\/schema.org\",\"@graph\":[{\"@type\":\"WebPage\",\"@id\":\"https:\\\/\\\/resetaccessories.com\\\/es\\\/producte\\\/lock-it-single\\\/\",\"url\":\"https:\\\/\\\/resetaccessories.com\\\/es\\\/producte\\\/lock-it-single\\\/\",\"name\":\"LOCK-IT SINGLE - Reset Accessories\",\"isPartOf\":{\"@id\":\"https:\\\/\\\/resetaccessories.com\\\/es\\\/#website\"},\"primaryImageOfPage\":{\"@id\":\"https:\\\/\\\/resetaccessories.com\\\/es\\\/producte\\\/lock-it-single\\\/#primaryimage\"},\"image\":{\"@id\":\"https:\\\/\\\/resetaccessories.com\\\/es\\\/producte\\\/lock-it-single\\\/#primaryimage\"},\"thumbnailUrl\":\"https:\\\/\\\/resetaccessories.com\\\/wp-content\\\/uploads\\\/2025\\\/05\\\/EK00018C008_1.jpeg\",\"datePublished\":\"2025-05-20T06:24:41+00:00\",\"dateModified\":\"2026-04-16T09:20:38+00:00\",\"breadcrumb\":{\"@id\":\"https:\\\/\\\/resetaccessories.com\\\/es\\\/producte\\\/lock-it-single\\\/#breadcrumb\"},\"inLanguage\":\"es\",\"potentialAction\":[{\"@type\":\"ReadAction\",\"target\":[\"https:\\\/\\\/resetaccessories.com\\\/es\\\/producte\\\/lock-it-single\\\/\"]}]},{\"@type\":\"ImageObject\",\"inLanguage\":\"es\",\"@id\":\"https:\\\/\\\/resetaccessories.com\\\/es\\\/producte\\\/lock-it-single\\\/#primaryimage\",\"url\":\"https:\\\/\\\/resetaccessories.com\\\/wp-content\\\/uploads\\\/2025\\\/05\\\/EK00018C008_1.jpeg\",\"contentUrl\":\"https:\\\/\\\/resetaccessories.com\\\/wp-content\\\/uploads\\\/2025\\\/05\\\/EK00018C008_1.jpeg\",\"width\":1500,\"height\":1500},{\"@type\":\"BreadcrumbList\",\"@id\":\"https:\\\/\\\/resetaccessories.com\\\/es\\\/producte\\\/lock-it-single\\\/#breadcrumb\",\"itemListElement\":[{\"@type\":\"ListItem\",\"position\":1,\"name\":\"Inici\",\"item\":\"https:\\\/\\\/resetaccessories.com\\\/es\\\/\"},{\"@type\":\"ListItem\",\"position\":2,\"name\":\"Shop\",\"item\":\"https:\\\/\\\/resetaccessories.com\\\/es\\\/shop\\\/\"},{\"@type\":\"ListItem\",\"position\":3,\"name\":\"LOCK-IT SINGLE\"}]},{\"@type\":\"WebSite\",\"@id\":\"https:\\\/\\\/resetaccessories.com\\\/es\\\/#website\",\"url\":\"https:\\\/\\\/resetaccessories.com\\\/es\\\/\",\"name\":\"Reset Accessories\",\"description\":\"Tot un m\u00f3n d\u2019accessoris de moda.\",\"publisher\":{\"@id\":\"https:\\\/\\\/resetaccessories.com\\\/es\\\/#organization\"},\"potentialAction\":[{\"@type\":\"SearchAction\",\"target\":{\"@type\":\"EntryPoint\",\"urlTemplate\":\"https:\\\/\\\/resetaccessories.com\\\/es\\\/?s={search_term_string}\"},\"query-input\":{\"@type\":\"PropertyValueSpecification\",\"valueRequired\":true,\"valueName\":\"search_term_string\"}}],\"inLanguage\":\"es\"},{\"@type\":\"Organization\",\"@id\":\"https:\\\/\\\/resetaccessories.com\\\/es\\\/#organization\",\"name\":\"Reset Accessories\",\"url\":\"https:\\\/\\\/resetaccessories.com\\\/es\\\/\",\"logo\":{\"@type\":\"ImageObject\",\"inLanguage\":\"es\",\"@id\":\"https:\\\/\\\/resetaccessories.com\\\/es\\\/#\\\/schema\\\/logo\\\/image\\\/\",\"url\":\"https:\\\/\\\/resetaccessories.com\\\/wp-content\\\/uploads\\\/2026\\\/03\\\/LOGO.png\",\"contentUrl\":\"https:\\\/\\\/resetaccessories.com\\\/wp-content\\\/uploads\\\/2026\\\/03\\\/LOGO.png\",\"width\":280,\"height\":234,\"caption\":\"Reset Accessories\"},\"image\":{\"@id\":\"https:\\\/\\\/resetaccessories.com\\\/es\\\/#\\\/schema\\\/logo\\\/image\\\/\"}}]}<\/script>\n<!-- \/ Yoast SEO plugin. -->","yoast_head_json":{"title":"LOCK-IT SINGLE - Reset Accessories","robots":{"index":"index","follow":"follow","max-snippet":"max-snippet:-1","max-image-preview":"max-image-preview:large","max-video-preview":"max-video-preview:-1"},"canonical":"https:\/\/resetaccessories.com\/es\/producte\/lock-it-single\/","og_locale":"es_ES","og_type":"article","og_title":"LOCK-IT SINGLE - Reset Accessories","og_description":"Candado TSA","og_url":"https:\/\/resetaccessories.com\/es\/producte\/lock-it-single\/","og_site_name":"Reset Accessories","article_modified_time":"2026-04-16T09:20:38+00:00","og_image":[{"width":1500,"height":1500,"url":"https:\/\/resetaccessories.com\/wp-content\/uploads\/2025\/05\/EK00018C008_1.jpeg","type":"image\/jpeg"}],"twitter_card":"summary_large_image","schema":{"@context":"https:\/\/schema.org","@graph":[{"@type":"WebPage","@id":"https:\/\/resetaccessories.com\/es\/producte\/lock-it-single\/","url":"https:\/\/resetaccessories.com\/es\/producte\/lock-it-single\/","name":"LOCK-IT SINGLE - Reset Accessories","isPartOf":{"@id":"https:\/\/resetaccessories.com\/es\/#website"},"primaryImageOfPage":{"@id":"https:\/\/resetaccessories.com\/es\/producte\/lock-it-single\/#primaryimage"},"image":{"@id":"https:\/\/resetaccessories.com\/es\/producte\/lock-it-single\/#primaryimage"},"thumbnailUrl":"https:\/\/resetaccessories.com\/wp-content\/uploads\/2025\/05\/EK00018C008_1.jpeg","datePublished":"2025-05-20T06:24:41+00:00","dateModified":"2026-04-16T09:20:38+00:00","breadcrumb":{"@id":"https:\/\/resetaccessories.com\/es\/producte\/lock-it-single\/#breadcrumb"},"inLanguage":"es","potentialAction":[{"@type":"ReadAction","target":["https:\/\/resetaccessories.com\/es\/producte\/lock-it-single\/"]}]},{"@type":"ImageObject","inLanguage":"es","@id":"https:\/\/resetaccessories.com\/es\/producte\/lock-it-single\/#primaryimage","url":"https:\/\/resetaccessories.com\/wp-content\/uploads\/2025\/05\/EK00018C008_1.jpeg","contentUrl":"https:\/\/resetaccessories.com\/wp-content\/uploads\/2025\/05\/EK00018C008_1.jpeg","width":1500,"height":1500},{"@type":"BreadcrumbList","@id":"https:\/\/resetaccessories.com\/es\/producte\/lock-it-single\/#breadcrumb","itemListElement":[{"@type":"ListItem","position":1,"name":"Inici","item":"https:\/\/resetaccessories.com\/es\/"},{"@type":"ListItem","position":2,"name":"Shop","item":"https:\/\/resetaccessories.com\/es\/shop\/"},{"@type":"ListItem","position":3,"name":"LOCK-IT SINGLE"}]},{"@type":"WebSite","@id":"https:\/\/resetaccessories.com\/es\/#website","url":"https:\/\/resetaccessories.com\/es\/","name":"Reset Accessories","description":"Tot un m\u00f3n d\u2019accessoris de moda.","publisher":{"@id":"https:\/\/resetaccessories.com\/es\/#organization"},"potentialAction":[{"@type":"SearchAction","target":{"@type":"EntryPoint","urlTemplate":"https:\/\/resetaccessories.com\/es\/?s={search_term_string}"},"query-input":{"@type":"PropertyValueSpecification","valueRequired":true,"valueName":"search_term_string"}}],"inLanguage":"es"},{"@type":"Organization","@id":"https:\/\/resetaccessories.com\/es\/#organization","name":"Reset Accessories","url":"https:\/\/resetaccessories.com\/es\/","logo":{"@type":"ImageObject","inLanguage":"es","@id":"https:\/\/resetaccessories.com\/es\/#\/schema\/logo\/image\/","url":"https:\/\/resetaccessories.com\/wp-content\/uploads\/2026\/03\/LOGO.png","contentUrl":"https:\/\/resetaccessories.com\/wp-content\/uploads\/2026\/03\/LOGO.png","width":280,"height":234,"caption":"Reset Accessories"},"image":{"@id":"https:\/\/resetaccessories.com\/es\/#\/schema\/logo\/image\/"}}]}},"_links":{"self":[{"href":"https:\/\/resetaccessories.com\/es\/wp-json\/wp\/v2\/product\/563478","targetHints":{"allow":["GET"]}}],"collection":[{"href":"https:\/\/resetaccessories.com\/es\/wp-json\/wp\/v2\/product"}],"about":[{"href":"https:\/\/resetaccessories.com\/es\/wp-json\/wp\/v2\/types\/product"}],"replies":[{"embeddable":true,"href":"https:\/\/resetaccessories.com\/es\/wp-json\/wp\/v2\/comments?post=563478"}],"wp:featuredmedia":[{"embeddable":true,"href":"https:\/\/resetaccessories.com\/es\/wp-json\/wp\/v2\/media\/563232"}],"wp:attachment":[{"href":"https:\/\/resetaccessories.com\/es\/wp-json\/wp\/v2\/media?parent=563478"}],"wp:term":[{"taxonomy":"product_brand","embeddable":true,"href":"https:\/\/resetaccessories.com\/es\/wp-json\/wp\/v2\/product_brand?post=563478"},{"taxonomy":"product_cat","embeddable":true,"href":"https:\/\/resetaccessories.com\/es\/wp-json\/wp\/v2\/product_cat?post=563478"},{"taxonomy":"product_tag","embeddable":true,"href":"https:\/\/resetaccessories.com\/es\/wp-json\/wp\/v2\/product_tag?post=563478"}],"curies":[{"name":"wp","href":"https:\/\/api.w.org\/{rel}","templated":true}]}}