{"id":461257,"date":"2025-08-12T11:47:46","date_gmt":"2025-08-12T10:47:46","guid":{"rendered":"https:\/\/resetaccessories.com\/producte\/100-pens\/"},"modified":"2026-04-16T21:09:07","modified_gmt":"2026-04-16T20:09:07","slug":"100-pens","status":"publish","type":"product","link":"https:\/\/resetaccessories.com\/es\/producte\/100-pens\/","title":{"rendered":"100 PENS"},"content":{"rendered":"<p>Estuche grande ideal para tu mesa de trabajo.<br \/> Para tener todo el material de la escuela bien ordenado lo mejor es un estuche de gran capacidad. Tiene espacio para 100 bolis. El compartimento superior tiene 26 gomas porta l\u00e1pices, para ordenar lo que quieras tener m\u00e1s a mano. En la parte inferior caben un mont\u00f3n de bolis m\u00e1s, calculadora, comp\u00e1s, pegamento, rotuladores\u00a0..\u00a0Y\u00a0todo lo que quieras poner. <br \/>Tapas r\u00edgidas para proteger el interior incluso cuando lo lleves en la mochila. Material\u00a0repelente al agua y muy resistente.<br \/>Dimensiones cm: 21 ancho x 15\u00a0altura\u00a0x 5\u00a0profundidad. <br \/>Peso: 0,30 Kg <br \/>Volumen: 1,5 litros<\/p>\n","protected":false},"excerpt":{"rendered":"<p>Estuche grande para todo el material de la escuela o de la oficina<\/p>\n","protected":false},"featured_media":442401,"comment_status":"closed","ping_status":"closed","template":"","meta":{"inline_featured_image":false},"product_brand":[],"product_cat":[7402,7392],"product_tag":[],"class_list":{"0":"post-461257","1":"product","2":"type-product","3":"status-publish","4":"has-post-thumbnail","6":"product_cat-estuches","7":"product_cat-otros-accesorios","8":"pa_color-aqua-sea","9":"pa_color-bridal-rose","10":"pa_color-coral-sea","11":"pa_color-girly-tile-prt","12":"pa_color-gradient-sea","13":"pa_color-sea-pink-met","14":"pa_color-starry-dot-prt","15":"pa_color-true-black","16":"pa_marca-kipling","18":"first","19":"instock","20":"purchasable","21":"product-type-variable","22":"has-default-attributes"},"yoast_head":"<!-- This site is optimized with the Yoast SEO plugin v27.3 - https:\/\/yoast.com\/product\/yoast-seo-wordpress\/ -->\n<title>100 PENS - Reset Accessories<\/title>\n<meta name=\"robots\" content=\"index, follow, max-snippet:-1, max-image-preview:large, max-video-preview:-1\" \/>\n<link rel=\"canonical\" href=\"https:\/\/resetaccessories.com\/es\/producte\/100-pens\/\" \/>\n<meta property=\"og:locale\" content=\"es_ES\" \/>\n<meta property=\"og:type\" content=\"article\" \/>\n<meta property=\"og:title\" content=\"100 PENS - Reset Accessories\" \/>\n<meta property=\"og:description\" content=\"Estuche grande para todo el material de la escuela o de la oficina\" \/>\n<meta property=\"og:url\" content=\"https:\/\/resetaccessories.com\/es\/producte\/100-pens\/\" \/>\n<meta property=\"og:site_name\" content=\"Reset Accessories\" \/>\n<meta property=\"article:modified_time\" content=\"2026-04-16T20:09:07+00:00\" \/>\n<meta property=\"og:image\" content=\"https:\/\/resetaccessories.com\/wp-content\/uploads\/2025\/05\/KPKI60025EH_1.jpeg\" \/>\n\t<meta property=\"og:image:width\" content=\"800\" \/>\n\t<meta property=\"og:image:height\" content=\"800\" \/>\n\t<meta property=\"og:image:type\" content=\"image\/jpeg\" \/>\n<meta name=\"twitter:card\" content=\"summary_large_image\" \/>\n<meta name=\"twitter:label1\" content=\"Tiempo de lectura\" \/>\n\t<meta name=\"twitter:data1\" content=\"1 minuto\" \/>\n<script type=\"application\/ld+json\" class=\"yoast-schema-graph\">{\"@context\":\"https:\\\/\\\/schema.org\",\"@graph\":[{\"@type\":\"WebPage\",\"@id\":\"https:\\\/\\\/resetaccessories.com\\\/es\\\/producte\\\/100-pens\\\/\",\"url\":\"https:\\\/\\\/resetaccessories.com\\\/es\\\/producte\\\/100-pens\\\/\",\"name\":\"100 PENS - Reset Accessories\",\"isPartOf\":{\"@id\":\"https:\\\/\\\/resetaccessories.com\\\/es\\\/#website\"},\"primaryImageOfPage\":{\"@id\":\"https:\\\/\\\/resetaccessories.com\\\/es\\\/producte\\\/100-pens\\\/#primaryimage\"},\"image\":{\"@id\":\"https:\\\/\\\/resetaccessories.com\\\/es\\\/producte\\\/100-pens\\\/#primaryimage\"},\"thumbnailUrl\":\"https:\\\/\\\/resetaccessories.com\\\/wp-content\\\/uploads\\\/2025\\\/05\\\/KPKI60025EH_1.jpeg\",\"datePublished\":\"2025-08-12T10:47:46+00:00\",\"dateModified\":\"2026-04-16T20:09:07+00:00\",\"breadcrumb\":{\"@id\":\"https:\\\/\\\/resetaccessories.com\\\/es\\\/producte\\\/100-pens\\\/#breadcrumb\"},\"inLanguage\":\"es\",\"potentialAction\":[{\"@type\":\"ReadAction\",\"target\":[\"https:\\\/\\\/resetaccessories.com\\\/es\\\/producte\\\/100-pens\\\/\"]}]},{\"@type\":\"ImageObject\",\"inLanguage\":\"es\",\"@id\":\"https:\\\/\\\/resetaccessories.com\\\/es\\\/producte\\\/100-pens\\\/#primaryimage\",\"url\":\"https:\\\/\\\/resetaccessories.com\\\/wp-content\\\/uploads\\\/2025\\\/05\\\/KPKI60025EH_1.jpeg\",\"contentUrl\":\"https:\\\/\\\/resetaccessories.com\\\/wp-content\\\/uploads\\\/2025\\\/05\\\/KPKI60025EH_1.jpeg\",\"width\":800,\"height\":800},{\"@type\":\"BreadcrumbList\",\"@id\":\"https:\\\/\\\/resetaccessories.com\\\/es\\\/producte\\\/100-pens\\\/#breadcrumb\",\"itemListElement\":[{\"@type\":\"ListItem\",\"position\":1,\"name\":\"Inici\",\"item\":\"https:\\\/\\\/resetaccessories.com\\\/es\\\/\"},{\"@type\":\"ListItem\",\"position\":2,\"name\":\"Shop\",\"item\":\"https:\\\/\\\/resetaccessories.com\\\/es\\\/shop\\\/\"},{\"@type\":\"ListItem\",\"position\":3,\"name\":\"100 PENS\"}]},{\"@type\":\"WebSite\",\"@id\":\"https:\\\/\\\/resetaccessories.com\\\/es\\\/#website\",\"url\":\"https:\\\/\\\/resetaccessories.com\\\/es\\\/\",\"name\":\"Reset Accessories\",\"description\":\"Tot un m\u00f3n d\u2019accessoris de moda.\",\"publisher\":{\"@id\":\"https:\\\/\\\/resetaccessories.com\\\/es\\\/#organization\"},\"potentialAction\":[{\"@type\":\"SearchAction\",\"target\":{\"@type\":\"EntryPoint\",\"urlTemplate\":\"https:\\\/\\\/resetaccessories.com\\\/es\\\/?s={search_term_string}\"},\"query-input\":{\"@type\":\"PropertyValueSpecification\",\"valueRequired\":true,\"valueName\":\"search_term_string\"}}],\"inLanguage\":\"es\"},{\"@type\":\"Organization\",\"@id\":\"https:\\\/\\\/resetaccessories.com\\\/es\\\/#organization\",\"name\":\"Reset Accessories\",\"url\":\"https:\\\/\\\/resetaccessories.com\\\/es\\\/\",\"logo\":{\"@type\":\"ImageObject\",\"inLanguage\":\"es\",\"@id\":\"https:\\\/\\\/resetaccessories.com\\\/es\\\/#\\\/schema\\\/logo\\\/image\\\/\",\"url\":\"https:\\\/\\\/resetaccessories.com\\\/wp-content\\\/uploads\\\/2026\\\/03\\\/LOGO.png\",\"contentUrl\":\"https:\\\/\\\/resetaccessories.com\\\/wp-content\\\/uploads\\\/2026\\\/03\\\/LOGO.png\",\"width\":280,\"height\":234,\"caption\":\"Reset Accessories\"},\"image\":{\"@id\":\"https:\\\/\\\/resetaccessories.com\\\/es\\\/#\\\/schema\\\/logo\\\/image\\\/\"}}]}<\/script>\n<!-- \/ Yoast SEO plugin. -->","yoast_head_json":{"title":"100 PENS - Reset Accessories","robots":{"index":"index","follow":"follow","max-snippet":"max-snippet:-1","max-image-preview":"max-image-preview:large","max-video-preview":"max-video-preview:-1"},"canonical":"https:\/\/resetaccessories.com\/es\/producte\/100-pens\/","og_locale":"es_ES","og_type":"article","og_title":"100 PENS - Reset Accessories","og_description":"Estuche grande para todo el material de la escuela o de la oficina","og_url":"https:\/\/resetaccessories.com\/es\/producte\/100-pens\/","og_site_name":"Reset Accessories","article_modified_time":"2026-04-16T20:09:07+00:00","og_image":[{"width":800,"height":800,"url":"https:\/\/resetaccessories.com\/wp-content\/uploads\/2025\/05\/KPKI60025EH_1.jpeg","type":"image\/jpeg"}],"twitter_card":"summary_large_image","twitter_misc":{"Tiempo de lectura":"1 minuto"},"schema":{"@context":"https:\/\/schema.org","@graph":[{"@type":"WebPage","@id":"https:\/\/resetaccessories.com\/es\/producte\/100-pens\/","url":"https:\/\/resetaccessories.com\/es\/producte\/100-pens\/","name":"100 PENS - Reset Accessories","isPartOf":{"@id":"https:\/\/resetaccessories.com\/es\/#website"},"primaryImageOfPage":{"@id":"https:\/\/resetaccessories.com\/es\/producte\/100-pens\/#primaryimage"},"image":{"@id":"https:\/\/resetaccessories.com\/es\/producte\/100-pens\/#primaryimage"},"thumbnailUrl":"https:\/\/resetaccessories.com\/wp-content\/uploads\/2025\/05\/KPKI60025EH_1.jpeg","datePublished":"2025-08-12T10:47:46+00:00","dateModified":"2026-04-16T20:09:07+00:00","breadcrumb":{"@id":"https:\/\/resetaccessories.com\/es\/producte\/100-pens\/#breadcrumb"},"inLanguage":"es","potentialAction":[{"@type":"ReadAction","target":["https:\/\/resetaccessories.com\/es\/producte\/100-pens\/"]}]},{"@type":"ImageObject","inLanguage":"es","@id":"https:\/\/resetaccessories.com\/es\/producte\/100-pens\/#primaryimage","url":"https:\/\/resetaccessories.com\/wp-content\/uploads\/2025\/05\/KPKI60025EH_1.jpeg","contentUrl":"https:\/\/resetaccessories.com\/wp-content\/uploads\/2025\/05\/KPKI60025EH_1.jpeg","width":800,"height":800},{"@type":"BreadcrumbList","@id":"https:\/\/resetaccessories.com\/es\/producte\/100-pens\/#breadcrumb","itemListElement":[{"@type":"ListItem","position":1,"name":"Inici","item":"https:\/\/resetaccessories.com\/es\/"},{"@type":"ListItem","position":2,"name":"Shop","item":"https:\/\/resetaccessories.com\/es\/shop\/"},{"@type":"ListItem","position":3,"name":"100 PENS"}]},{"@type":"WebSite","@id":"https:\/\/resetaccessories.com\/es\/#website","url":"https:\/\/resetaccessories.com\/es\/","name":"Reset Accessories","description":"Tot un m\u00f3n d\u2019accessoris de moda.","publisher":{"@id":"https:\/\/resetaccessories.com\/es\/#organization"},"potentialAction":[{"@type":"SearchAction","target":{"@type":"EntryPoint","urlTemplate":"https:\/\/resetaccessories.com\/es\/?s={search_term_string}"},"query-input":{"@type":"PropertyValueSpecification","valueRequired":true,"valueName":"search_term_string"}}],"inLanguage":"es"},{"@type":"Organization","@id":"https:\/\/resetaccessories.com\/es\/#organization","name":"Reset Accessories","url":"https:\/\/resetaccessories.com\/es\/","logo":{"@type":"ImageObject","inLanguage":"es","@id":"https:\/\/resetaccessories.com\/es\/#\/schema\/logo\/image\/","url":"https:\/\/resetaccessories.com\/wp-content\/uploads\/2026\/03\/LOGO.png","contentUrl":"https:\/\/resetaccessories.com\/wp-content\/uploads\/2026\/03\/LOGO.png","width":280,"height":234,"caption":"Reset Accessories"},"image":{"@id":"https:\/\/resetaccessories.com\/es\/#\/schema\/logo\/image\/"}}]}},"_links":{"self":[{"href":"https:\/\/resetaccessories.com\/es\/wp-json\/wp\/v2\/product\/461257","targetHints":{"allow":["GET"]}}],"collection":[{"href":"https:\/\/resetaccessories.com\/es\/wp-json\/wp\/v2\/product"}],"about":[{"href":"https:\/\/resetaccessories.com\/es\/wp-json\/wp\/v2\/types\/product"}],"replies":[{"embeddable":true,"href":"https:\/\/resetaccessories.com\/es\/wp-json\/wp\/v2\/comments?post=461257"}],"wp:featuredmedia":[{"embeddable":true,"href":"https:\/\/resetaccessories.com\/es\/wp-json\/wp\/v2\/media\/442401"}],"wp:attachment":[{"href":"https:\/\/resetaccessories.com\/es\/wp-json\/wp\/v2\/media?parent=461257"}],"wp:term":[{"taxonomy":"product_brand","embeddable":true,"href":"https:\/\/resetaccessories.com\/es\/wp-json\/wp\/v2\/product_brand?post=461257"},{"taxonomy":"product_cat","embeddable":true,"href":"https:\/\/resetaccessories.com\/es\/wp-json\/wp\/v2\/product_cat?post=461257"},{"taxonomy":"product_tag","embeddable":true,"href":"https:\/\/resetaccessories.com\/es\/wp-json\/wp\/v2\/product_tag?post=461257"}],"curies":[{"name":"wp","href":"https:\/\/api.w.org\/{rel}","templated":true}]}}