{"id":7315,"date":"2021-12-22T13:27:23","date_gmt":"2021-12-22T13:27:23","guid":{"rendered":"https:\/\/resetaccessories.com\/entregas-cambios-y-devoluciones\/"},"modified":"2025-05-17T10:31:34","modified_gmt":"2025-05-17T09:31:34","slug":"entregas-cambios-y-devoluciones","status":"publish","type":"page","link":"https:\/\/resetaccessories.com\/es\/entregas-cambios-y-devoluciones\/","title":{"rendered":"Entregas, Cambios y Devoluciones"},"content":{"rendered":"\t\t<div data-elementor-type=\"wp-page\" data-elementor-id=\"7315\" class=\"elementor elementor-7315 elementor-2124\">\n\t\t\t\t\t\t<section class=\"elementor-section elementor-top-section elementor-element elementor-element-4e33e2d elementor-section-boxed elementor-section-height-default elementor-section-height-default\" data-id=\"4e33e2d\" data-element_type=\"section\" data-e-type=\"section\">\n\t\t\t\t\t\t<div class=\"elementor-container elementor-column-gap-no\">\n\t\t\t\t\t<div class=\"elementor-column elementor-col-100 elementor-top-column elementor-element elementor-element-9a58c29\" data-id=\"9a58c29\" data-element_type=\"column\" data-e-type=\"column\">\n\t\t\t<div class=\"elementor-widget-wrap elementor-element-populated\">\n\t\t\t\t\t\t<div class=\"elementor-element elementor-element-9218da8 elementor-widget elementor-widget-heading\" data-id=\"9218da8\" data-element_type=\"widget\" data-e-type=\"widget\" data-widget_type=\"heading.default\">\n\t\t\t\t<div class=\"elementor-widget-container\">\n\t\t\t\t\t<h2 class=\"elementor-heading-title elementor-size-default\">ENTREGAS, CAMBIOS Y DEVOLUCIONES<\/h2>\t\t\t\t<\/div>\n\t\t\t\t<\/div>\n\t\t\t\t\t<\/div>\n\t\t<\/div>\n\t\t\t\t\t<\/div>\n\t\t<\/section>\n\t\t\t\t<section class=\"elementor-section elementor-top-section elementor-element elementor-element-7fcb382 elementor-section-boxed elementor-section-height-default elementor-section-height-default\" data-id=\"7fcb382\" data-element_type=\"section\" data-e-type=\"section\">\n\t\t\t\t\t\t<div class=\"elementor-container elementor-column-gap-no\">\n\t\t\t\t\t<div class=\"elementor-column elementor-col-100 elementor-top-column elementor-element elementor-element-fc48d44\" data-id=\"fc48d44\" data-element_type=\"column\" data-e-type=\"column\">\n\t\t\t<div class=\"elementor-widget-wrap elementor-element-populated\">\n\t\t\t\t\t\t<section class=\"elementor-section elementor-inner-section elementor-element elementor-element-cac5383 elementor-section-boxed elementor-section-height-default elementor-section-height-default\" data-id=\"cac5383\" data-element_type=\"section\" data-e-type=\"section\">\n\t\t\t\t\t\t<div class=\"elementor-container elementor-column-gap-no\">\n\t\t\t\t\t<div class=\"elementor-column elementor-col-100 elementor-inner-column elementor-element elementor-element-29d8061\" data-id=\"29d8061\" data-element_type=\"column\" data-e-type=\"column\">\n\t\t\t<div class=\"elementor-widget-wrap elementor-element-populated\">\n\t\t\t\t\t\t<div class=\"elementor-element elementor-element-0510598 elementor-widget elementor-widget-heading\" data-id=\"0510598\" data-element_type=\"widget\" data-e-type=\"widget\" data-widget_type=\"heading.default\">\n\t\t\t\t<div class=\"elementor-widget-container\">\n\t\t\t\t\t<h2 class=\"elementor-heading-title elementor-size-default\">PLAZOS DE ENTREGA<\/h2>\t\t\t\t<\/div>\n\t\t\t\t<\/div>\n\t\t\t\t<div class=\"elementor-element elementor-element-77921a2 elementor-widget elementor-widget-text-editor\" data-id=\"77921a2\" data-element_type=\"widget\" data-e-type=\"widget\" data-widget_type=\"text-editor.default\">\n\t\t\t\t<div class=\"elementor-widget-container\">\n\t\t\t\t\t\t\t\t\t<p>Una vez procesamos tu pedido, te llegar\u00e1 un correo de confirmaci\u00f3n. El material se enviar\u00e1 siempre al d\u00eda siguiente de haber recibido tu pedido (siempre en d\u00eda laborable).<br>El transportista se encargar\u00e1 de hacerte llegar el pedido y los plazos son los siguientes:<\/p><ul><li> Env\u00edo normal (gratuito a partir de 30 \u20ac de compra): 48 &#8211; 72 horas<\/li><li> Env\u00edo express (coste a\u00f1adido de 5 \u20ac por pedido): 24 &#8211; 48 horas<\/li><\/ul><p><br>En caso de rotura de stock o dificultades para poder servir tu pedido en el tiempo previsto, se te comunicar\u00e1 el mismo d\u00eda de haber realizado el pedido y te ofreceremos alternativa de productos o anulaci\u00f3n del pedido.<\/p>\t\t\t\t\t\t\t\t<\/div>\n\t\t\t\t<\/div>\n\t\t\t\t<div class=\"elementor-element elementor-element-89a6bb8 elementor-widget elementor-widget-heading\" data-id=\"89a6bb8\" data-element_type=\"widget\" data-e-type=\"widget\" data-widget_type=\"heading.default\">\n\t\t\t\t<div class=\"elementor-widget-container\">\n\t\t\t\t\t<h2 class=\"elementor-heading-title elementor-size-default\">GASTOS DE ENV\u00cdO<\/h2>\t\t\t\t<\/div>\n\t\t\t\t<\/div>\n\t\t\t\t<div class=\"elementor-element elementor-element-43c6ff0 elementor-widget elementor-widget-text-editor\" data-id=\"43c6ff0\" data-element_type=\"widget\" data-e-type=\"widget\" data-widget_type=\"text-editor.default\">\n\t\t\t\t<div class=\"elementor-widget-container\">\n\t\t\t\t\t\t\t\t\t<p>Nuestra tarifa de env\u00edo contempla enviar el pedido a un \u00fanico destino y s\u00f3lo una vez en la pen\u00ednsula. Si necesitas que tu compra vaya a 2 destinos distintos, deber\u00e1s realizar un pedido para cada uno de los art\u00edculos. En caso de ENV\u00cdO GRATUITO, la oferta contempla \u00fanicamente 1 env\u00edo.<\/p><ul><li>Pen\u00ednsula:<br>* Pedidos superiores a 30 \u20ac: <strong>Env\u00edo GRATUITO<\/strong><br>* Pedidos inferiores a 30 \u20ac: 5 \u20ac<\/li><li> Islas Baleares:<br> * Pedidos superiores a 70 \u20ac: <strong>Env\u00edo GRATUITO<\/strong><br> * Pedidos inferiores a 70 \u20ac: 8 \u20ac<br><br>No nos hagamos responsables de los retrasos producidos por nuestra agencia de mensajer\u00eda, pero gestionaremos cualquier incidencia que se produzca durante el env\u00edo. Nuestro objetivo es que tengas tu pedido en casa lo antes posible.<\/li><\/ul>\t\t\t\t\t\t\t\t<\/div>\n\t\t\t\t<\/div>\n\t\t\t\t<div class=\"elementor-element elementor-element-0956c60 elementor-widget elementor-widget-heading\" data-id=\"0956c60\" data-element_type=\"widget\" data-e-type=\"widget\" data-widget_type=\"heading.default\">\n\t\t\t\t<div class=\"elementor-widget-container\">\n\t\t\t\t\t<h2 class=\"elementor-heading-title elementor-size-default\">DEVOLUCIONES A 30 D\u00cdAS<\/h2>\t\t\t\t<\/div>\n\t\t\t\t<\/div>\n\t\t\t\t<div class=\"elementor-element elementor-element-698b26d elementor-widget elementor-widget-text-editor\" data-id=\"698b26d\" data-element_type=\"widget\" data-e-type=\"widget\" data-widget_type=\"text-editor.default\">\n\t\t\t\t<div class=\"elementor-widget-container\">\n\t\t\t\t\t\t\t\t\t<p>Si tu compra en nuestra web no se ajusta a lo esperado, puedes devolvernos los productos hasta 15 d\u00edas desde la recepci\u00f3n del pedido.<br>S\u00f3lo necesitas enviar el producto o los productos o venir presencialmente a nuestra tienda de Sabadell (Paseo de la Plaza Mayor, 63, 08201 Sabadell, Barcelona). Los gastos de env\u00edo de la devoluci\u00f3n corren a cargo del comprador como indica el art. 44 de la Ley 7\/1996, de 15 de enero, de Ordenaci\u00f3n del Comercio Minorista. Junto con el producto, debe ir el albar\u00e1n de la entrega.<br>Una vez recibamos y comprobamos la devoluci\u00f3n, procederemos al<br>reembolso del importe exceptuando los gastos de transporte, si es que los hubiere.<\/p>\t\t\t\t\t\t\t\t<\/div>\n\t\t\t\t<\/div>\n\t\t\t\t<div class=\"elementor-element elementor-element-60fa8d8 elementor-widget elementor-widget-heading\" data-id=\"60fa8d8\" data-element_type=\"widget\" data-e-type=\"widget\" data-widget_type=\"heading.default\">\n\t\t\t\t<div class=\"elementor-widget-container\">\n\t\t\t\t\t<h2 class=\"elementor-heading-title elementor-size-default\">COOKIES DE TERCEROS<\/h2>\t\t\t\t<\/div>\n\t\t\t\t<\/div>\n\t\t\t\t<div class=\"elementor-element elementor-element-834f648 elementor-widget elementor-widget-text-editor\" data-id=\"834f648\" data-element_type=\"widget\" data-e-type=\"widget\" data-widget_type=\"text-editor.default\">\n\t\t\t\t<div class=\"elementor-widget-container\">\n\t\t\t\t\t\t\t\t\t<p>Esta p\u00e1gina web utiliza servicios de terceros para recopilar informaci\u00f3n con fines estad\u00edsticos y de uso de la web. Se utilizan cookies de DoubleClick para mejorar la publicidad que se incluye en el sitio web. Son utilizadas para orientar la publicidad seg\u00fan el contenido que es relevante para un usuario, mejorando as\u00ed la calidad de experiencia en el uso del mismo.<\/p><p>En concreto, utilizamos los servicios de Google Adsense y de Google Analytics para nuestras estad\u00edsticas y publicidad. Algunas cookies son esenciales para el funcionamiento del sitio, por ejemplo el buscador incorporado.<\/p><p>Nuestro sitio incluye otras funcionalidades proporcionadas por terceros. Usted puede f\u00e1cilmente compartir el contenido en redes sociales como Facebook, Twitter o Google+, con los botones que hemos incluido al efecto.<\/p><p>Para eliminar las cookies de terceros, deber\u00e1 hacerlo desde las opciones del navegador o desde el sistema ofrecido por el mismo tercero.<\/p>\t\t\t\t\t\t\t\t<\/div>\n\t\t\t\t<\/div>\n\t\t\t\t<div class=\"elementor-element elementor-element-fe7bf29 elementor-widget elementor-widget-heading\" data-id=\"fe7bf29\" data-element_type=\"widget\" data-e-type=\"widget\" data-widget_type=\"heading.default\">\n\t\t\t\t<div class=\"elementor-widget-container\">\n\t\t\t\t\t<h2 class=\"elementor-heading-title elementor-size-default\">ADVERTENCIA SOBRE ELIMINAR Y\/O RECHAZAR COOKIES.<\/h2>\t\t\t\t<\/div>\n\t\t\t\t<\/div>\n\t\t\t\t<div class=\"elementor-element elementor-element-45a4f28 elementor-widget elementor-widget-text-editor\" data-id=\"45a4f28\" data-element_type=\"widget\" data-e-type=\"widget\" data-widget_type=\"text-editor.default\">\n\t\t\t\t<div class=\"elementor-widget-container\">\n\t\t\t\t\t\t\t\t\t<p>Usted puede denegar, eliminar y bloquear todas las cookies de este sitio, pero parte del sitio no va a funcionar o la calidad de la p\u00e1gina web puede verse afectada.<\/p><p>Usted puede revocar en cualquier momento el consentimiento al uso de cookies por lo que deber\u00e1 eliminar previamente con las opciones de su navegador y posteriormente, al volver a cargar la p\u00e1gina, rechazarlas.<\/p><p>Si tiene cualquier duda sobre nuestra pol\u00edtica de cookies, puede contactar con esta p\u00e1gina web a trav\u00e9s de nuestros canales de Contacto.<\/p><p>M\u00e1s informaci\u00f3n en la <span style=\"text-decoration: underline;\"><a href=\"https:\/\/resetaccessories.com\/politica-privacidad\/?lang=es\">pol\u00edtica de privacidad<\/a><\/span><\/p>\t\t\t\t\t\t\t\t<\/div>\n\t\t\t\t<\/div>\n\t\t\t\t\t<\/div>\n\t\t<\/div>\n\t\t\t\t\t<\/div>\n\t\t<\/section>\n\t\t\t\t\t<\/div>\n\t\t<\/div>\n\t\t\t\t\t<\/div>\n\t\t<\/section>\n\t\t\t\t<\/div>\n\t\t","protected":false},"excerpt":{"rendered":"<p>ENTREGAS, CAMBIOS Y DEVOLUCIONES PLAZOS DE ENTREGA Una vez procesamos tu pedido, te llegar\u00e1 un correo de confirmaci\u00f3n. El material se enviar\u00e1 siempre al d\u00eda siguiente de haber recibido tu pedido (siempre en d\u00eda laborable). El transportista se encargar\u00e1 de hacerte llegar el pedido y los plazos son los siguientes: Env\u00edo normal (gratuito a partir [&hellip;]<\/p>\n","protected":false},"author":1,"featured_media":0,"parent":0,"menu_order":0,"comment_status":"closed","ping_status":"closed","template":"","meta":{"inline_featured_image":false,"footnotes":""},"class_list":["post-7315","page","type-page","status-publish","hentry"],"yoast_head":"<!-- This site is optimized with the Yoast SEO plugin v27.4 - https:\/\/yoast.com\/product\/yoast-seo-wordpress\/ -->\n<title>Entregas, Cambios y Devoluciones - Reset Accessories<\/title>\n<meta name=\"robots\" content=\"index, follow, max-snippet:-1, max-image-preview:large, max-video-preview:-1\" \/>\n<link rel=\"canonical\" href=\"https:\/\/resetaccessories.com\/es\/entregas-cambios-y-devoluciones\/\" \/>\n<meta property=\"og:locale\" content=\"es_ES\" \/>\n<meta property=\"og:type\" content=\"article\" \/>\n<meta property=\"og:title\" content=\"Entregas, Cambios y Devoluciones - Reset Accessories\" \/>\n<meta property=\"og:description\" content=\"ENTREGAS, CAMBIOS Y DEVOLUCIONES PLAZOS DE ENTREGA Una vez procesamos tu pedido, te llegar\u00e1 un correo de confirmaci\u00f3n. El material se enviar\u00e1 siempre al d\u00eda siguiente de haber recibido tu pedido (siempre en d\u00eda laborable). El transportista se encargar\u00e1 de hacerte llegar el pedido y los plazos son los siguientes: Env\u00edo normal (gratuito a partir [&hellip;]\" \/>\n<meta property=\"og:url\" content=\"https:\/\/resetaccessories.com\/es\/entregas-cambios-y-devoluciones\/\" \/>\n<meta property=\"og:site_name\" content=\"Reset Accessories\" \/>\n<meta property=\"article:modified_time\" content=\"2025-05-17T09:31:34+00:00\" \/>\n<meta name=\"twitter:card\" content=\"summary_large_image\" \/>\n<meta name=\"twitter:label1\" content=\"Tiempo de lectura\" \/>\n\t<meta name=\"twitter:data1\" content=\"3 minutos\" \/>\n<script type=\"application\/ld+json\" class=\"yoast-schema-graph\">{\"@context\":\"https:\\\/\\\/schema.org\",\"@graph\":[{\"@type\":\"WebPage\",\"@id\":\"https:\\\/\\\/resetaccessories.com\\\/es\\\/entregas-cambios-y-devoluciones\\\/\",\"url\":\"https:\\\/\\\/resetaccessories.com\\\/es\\\/entregas-cambios-y-devoluciones\\\/\",\"name\":\"Entregas, Cambios y Devoluciones - Reset Accessories\",\"isPartOf\":{\"@id\":\"https:\\\/\\\/resetaccessories.com\\\/es\\\/#website\"},\"datePublished\":\"2021-12-22T13:27:23+00:00\",\"dateModified\":\"2025-05-17T09:31:34+00:00\",\"breadcrumb\":{\"@id\":\"https:\\\/\\\/resetaccessories.com\\\/es\\\/entregas-cambios-y-devoluciones\\\/#breadcrumb\"},\"inLanguage\":\"es\",\"potentialAction\":[{\"@type\":\"ReadAction\",\"target\":[\"https:\\\/\\\/resetaccessories.com\\\/es\\\/entregas-cambios-y-devoluciones\\\/\"]}]},{\"@type\":\"BreadcrumbList\",\"@id\":\"https:\\\/\\\/resetaccessories.com\\\/es\\\/entregas-cambios-y-devoluciones\\\/#breadcrumb\",\"itemListElement\":[{\"@type\":\"ListItem\",\"position\":1,\"name\":\"Inici\",\"item\":\"https:\\\/\\\/resetaccessories.com\\\/es\\\/\"},{\"@type\":\"ListItem\",\"position\":2,\"name\":\"Entregas, Cambios y Devoluciones\"}]},{\"@type\":\"WebSite\",\"@id\":\"https:\\\/\\\/resetaccessories.com\\\/es\\\/#website\",\"url\":\"https:\\\/\\\/resetaccessories.com\\\/es\\\/\",\"name\":\"Reset Accessories\",\"description\":\"Tot un m\u00f3n d\u2019accessoris de moda.\",\"publisher\":{\"@id\":\"https:\\\/\\\/resetaccessories.com\\\/es\\\/#organization\"},\"potentialAction\":[{\"@type\":\"SearchAction\",\"target\":{\"@type\":\"EntryPoint\",\"urlTemplate\":\"https:\\\/\\\/resetaccessories.com\\\/es\\\/?s={search_term_string}\"},\"query-input\":{\"@type\":\"PropertyValueSpecification\",\"valueRequired\":true,\"valueName\":\"search_term_string\"}}],\"inLanguage\":\"es\"},{\"@type\":\"Organization\",\"@id\":\"https:\\\/\\\/resetaccessories.com\\\/es\\\/#organization\",\"name\":\"Reset Accessories\",\"url\":\"https:\\\/\\\/resetaccessories.com\\\/es\\\/\",\"logo\":{\"@type\":\"ImageObject\",\"inLanguage\":\"es\",\"@id\":\"https:\\\/\\\/resetaccessories.com\\\/es\\\/#\\\/schema\\\/logo\\\/image\\\/\",\"url\":\"https:\\\/\\\/resetaccessories.com\\\/wp-content\\\/uploads\\\/2026\\\/03\\\/LOGO.png\",\"contentUrl\":\"https:\\\/\\\/resetaccessories.com\\\/wp-content\\\/uploads\\\/2026\\\/03\\\/LOGO.png\",\"width\":280,\"height\":234,\"caption\":\"Reset Accessories\"},\"image\":{\"@id\":\"https:\\\/\\\/resetaccessories.com\\\/es\\\/#\\\/schema\\\/logo\\\/image\\\/\"}}]}<\/script>\n<!-- \/ Yoast SEO plugin. -->","yoast_head_json":{"title":"Entregas, Cambios y Devoluciones - Reset Accessories","robots":{"index":"index","follow":"follow","max-snippet":"max-snippet:-1","max-image-preview":"max-image-preview:large","max-video-preview":"max-video-preview:-1"},"canonical":"https:\/\/resetaccessories.com\/es\/entregas-cambios-y-devoluciones\/","og_locale":"es_ES","og_type":"article","og_title":"Entregas, Cambios y Devoluciones - Reset Accessories","og_description":"ENTREGAS, CAMBIOS Y DEVOLUCIONES PLAZOS DE ENTREGA Una vez procesamos tu pedido, te llegar\u00e1 un correo de confirmaci\u00f3n. El material se enviar\u00e1 siempre al d\u00eda siguiente de haber recibido tu pedido (siempre en d\u00eda laborable). El transportista se encargar\u00e1 de hacerte llegar el pedido y los plazos son los siguientes: Env\u00edo normal (gratuito a partir [&hellip;]","og_url":"https:\/\/resetaccessories.com\/es\/entregas-cambios-y-devoluciones\/","og_site_name":"Reset Accessories","article_modified_time":"2025-05-17T09:31:34+00:00","twitter_card":"summary_large_image","twitter_misc":{"Tiempo de lectura":"3 minutos"},"schema":{"@context":"https:\/\/schema.org","@graph":[{"@type":"WebPage","@id":"https:\/\/resetaccessories.com\/es\/entregas-cambios-y-devoluciones\/","url":"https:\/\/resetaccessories.com\/es\/entregas-cambios-y-devoluciones\/","name":"Entregas, Cambios y Devoluciones - Reset Accessories","isPartOf":{"@id":"https:\/\/resetaccessories.com\/es\/#website"},"datePublished":"2021-12-22T13:27:23+00:00","dateModified":"2025-05-17T09:31:34+00:00","breadcrumb":{"@id":"https:\/\/resetaccessories.com\/es\/entregas-cambios-y-devoluciones\/#breadcrumb"},"inLanguage":"es","potentialAction":[{"@type":"ReadAction","target":["https:\/\/resetaccessories.com\/es\/entregas-cambios-y-devoluciones\/"]}]},{"@type":"BreadcrumbList","@id":"https:\/\/resetaccessories.com\/es\/entregas-cambios-y-devoluciones\/#breadcrumb","itemListElement":[{"@type":"ListItem","position":1,"name":"Inici","item":"https:\/\/resetaccessories.com\/es\/"},{"@type":"ListItem","position":2,"name":"Entregas, Cambios y Devoluciones"}]},{"@type":"WebSite","@id":"https:\/\/resetaccessories.com\/es\/#website","url":"https:\/\/resetaccessories.com\/es\/","name":"Reset Accessories","description":"Tot un m\u00f3n d\u2019accessoris de moda.","publisher":{"@id":"https:\/\/resetaccessories.com\/es\/#organization"},"potentialAction":[{"@type":"SearchAction","target":{"@type":"EntryPoint","urlTemplate":"https:\/\/resetaccessories.com\/es\/?s={search_term_string}"},"query-input":{"@type":"PropertyValueSpecification","valueRequired":true,"valueName":"search_term_string"}}],"inLanguage":"es"},{"@type":"Organization","@id":"https:\/\/resetaccessories.com\/es\/#organization","name":"Reset Accessories","url":"https:\/\/resetaccessories.com\/es\/","logo":{"@type":"ImageObject","inLanguage":"es","@id":"https:\/\/resetaccessories.com\/es\/#\/schema\/logo\/image\/","url":"https:\/\/resetaccessories.com\/wp-content\/uploads\/2026\/03\/LOGO.png","contentUrl":"https:\/\/resetaccessories.com\/wp-content\/uploads\/2026\/03\/LOGO.png","width":280,"height":234,"caption":"Reset Accessories"},"image":{"@id":"https:\/\/resetaccessories.com\/es\/#\/schema\/logo\/image\/"}}]}},"_links":{"self":[{"href":"https:\/\/resetaccessories.com\/es\/wp-json\/wp\/v2\/pages\/7315","targetHints":{"allow":["GET"]}}],"collection":[{"href":"https:\/\/resetaccessories.com\/es\/wp-json\/wp\/v2\/pages"}],"about":[{"href":"https:\/\/resetaccessories.com\/es\/wp-json\/wp\/v2\/types\/page"}],"author":[{"embeddable":true,"href":"https:\/\/resetaccessories.com\/es\/wp-json\/wp\/v2\/users\/1"}],"replies":[{"embeddable":true,"href":"https:\/\/resetaccessories.com\/es\/wp-json\/wp\/v2\/comments?post=7315"}],"version-history":[{"count":0,"href":"https:\/\/resetaccessories.com\/es\/wp-json\/wp\/v2\/pages\/7315\/revisions"}],"wp:attachment":[{"href":"https:\/\/resetaccessories.com\/es\/wp-json\/wp\/v2\/media?parent=7315"}],"curies":[{"name":"wp","href":"https:\/\/api.w.org\/{rel}","templated":true}]}}