{"id":7313,"date":"2021-12-20T06:41:21","date_gmt":"2021-12-20T05:41:21","guid":{"rendered":"https:\/\/resetaccessories.com\/aviso-legal\/"},"modified":"2025-05-17T10:28:34","modified_gmt":"2025-05-17T09:28:34","slug":"aviso-legal","status":"publish","type":"page","link":"https:\/\/resetaccessories.com\/es\/aviso-legal\/","title":{"rendered":"Aviso Legal"},"content":{"rendered":"\t\t<div data-elementor-type=\"wp-page\" data-elementor-id=\"7313\" class=\"elementor elementor-7313 elementor-2011\">\n\t\t\t\t\t\t<section class=\"elementor-section elementor-top-section elementor-element elementor-element-4e33e2d elementor-section-boxed elementor-section-height-default elementor-section-height-default\" data-id=\"4e33e2d\" data-element_type=\"section\" data-e-type=\"section\">\n\t\t\t\t\t\t<div class=\"elementor-container elementor-column-gap-no\">\n\t\t\t\t\t<div class=\"elementor-column elementor-col-100 elementor-top-column elementor-element elementor-element-9a58c29\" data-id=\"9a58c29\" data-element_type=\"column\" data-e-type=\"column\">\n\t\t\t<div class=\"elementor-widget-wrap elementor-element-populated\">\n\t\t\t\t\t\t<div class=\"elementor-element elementor-element-9218da8 elementor-widget elementor-widget-heading\" data-id=\"9218da8\" data-element_type=\"widget\" data-e-type=\"widget\" data-widget_type=\"heading.default\">\n\t\t\t\t<div class=\"elementor-widget-container\">\n\t\t\t\t\t<h2 class=\"elementor-heading-title elementor-size-default\">AVISO LEGAL<\/h2>\t\t\t\t<\/div>\n\t\t\t\t<\/div>\n\t\t\t\t\t<\/div>\n\t\t<\/div>\n\t\t\t\t\t<\/div>\n\t\t<\/section>\n\t\t\t\t<section class=\"elementor-section elementor-top-section elementor-element elementor-element-7fcb382 elementor-section-boxed elementor-section-height-default elementor-section-height-default\" data-id=\"7fcb382\" data-element_type=\"section\" data-e-type=\"section\">\n\t\t\t\t\t\t<div class=\"elementor-container elementor-column-gap-no\">\n\t\t\t\t\t<div class=\"elementor-column elementor-col-100 elementor-top-column elementor-element elementor-element-fc48d44\" data-id=\"fc48d44\" data-element_type=\"column\" data-e-type=\"column\">\n\t\t\t<div class=\"elementor-widget-wrap elementor-element-populated\">\n\t\t\t\t\t\t<div class=\"elementor-element elementor-element-577ffda elementor-widget elementor-widget-heading\" data-id=\"577ffda\" data-element_type=\"widget\" data-e-type=\"widget\" data-widget_type=\"heading.default\">\n\t\t\t\t<div class=\"elementor-widget-container\">\n\t\t\t\t\t<h2 class=\"elementor-heading-title elementor-size-default\">Informaci\u00f3n Importante<\/h2>\t\t\t\t<\/div>\n\t\t\t\t<\/div>\n\t\t\t\t<div class=\"elementor-element elementor-element-c6bdbb2 elementor-widget elementor-widget-text-editor\" data-id=\"c6bdbb2\" data-element_type=\"widget\" data-e-type=\"widget\" data-widget_type=\"text-editor.default\">\n\t\t\t\t<div class=\"elementor-widget-container\">\n\t\t\t\t\t\t\t\t\t<p>Denominaci\u00f3n Social: BOTIGA ORISTRELL, S.L.<\/p><p>Domicilio Social: PASEO PLAZA MAYOR, 63 &#8211; 65, 08201-SABADELL<\/p><p>NIF: B61049201<\/p><p>Tel\u00e9fono: 937271303<\/p><p>e-Mail: nuria_oristrell@telefonica.net<\/p><p>Nombre de dominio: www.resetaccessories.com<\/p><p>Autorizaci\u00f3n administrativa:<\/p>\t\t\t\t\t\t\t\t<\/div>\n\t\t\t\t<\/div>\n\t\t\t\t<section class=\"elementor-section elementor-inner-section elementor-element elementor-element-cac5383 elementor-section-boxed elementor-section-height-default elementor-section-height-default\" data-id=\"cac5383\" data-element_type=\"section\" data-e-type=\"section\">\n\t\t\t\t\t\t<div class=\"elementor-container elementor-column-gap-no\">\n\t\t\t\t\t<div class=\"elementor-column elementor-col-100 elementor-inner-column elementor-element elementor-element-29d8061\" data-id=\"29d8061\" data-element_type=\"column\" data-e-type=\"column\">\n\t\t\t<div class=\"elementor-widget-wrap elementor-element-populated\">\n\t\t\t\t\t\t<div class=\"elementor-element elementor-element-0510598 elementor-widget elementor-widget-heading\" data-id=\"0510598\" data-element_type=\"widget\" data-e-type=\"widget\" data-widget_type=\"heading.default\">\n\t\t\t\t<div class=\"elementor-widget-container\">\n\t\t\t\t\t<h2 class=\"elementor-heading-title elementor-size-default\">OBJETO<\/h2>\t\t\t\t<\/div>\n\t\t\t\t<\/div>\n\t\t\t\t<div class=\"elementor-element elementor-element-77921a2 elementor-widget elementor-widget-text-editor\" data-id=\"77921a2\" data-element_type=\"widget\" data-e-type=\"widget\" data-widget_type=\"text-editor.default\">\n\t\t\t\t<div class=\"elementor-widget-container\">\n\t\t\t\t\t\t\t\t\t<p>El prestador, responsable del sitio web, pone a disposici\u00f3n de los usuarios este documento con el que pretende dar cumplimiento a las obligaciones dispuestas en la Ley 34\/2002, de Servicios de la Sociedad de la Informaci\u00f3n y del Comercio Electr\u00f3nico (LSSI-CE), as\u00ed c\u00f3mo informar a todos los usuarios del sitio web respecto a cu\u00e1les son las condiciones de uso del sitio web.<br><br>Toda persona que acceda a este sitio web asume el papel de usuario, comprometi\u00e9ndose a la observancia y riguroso cumplimiento de las disposiciones aqu\u00ed dispuestas, as\u00ed como a cualquier otra disposici\u00f3n legal que fuera de aplicaci\u00f3n.<br><br>El prestador se reserva el derecho a modificar cualquier tipo de informaci\u00f3n que pudiera aparecer en el sitio web, sin que exista obligaci\u00f3n de preavisar o poner en conocimiento de los usuarios estas obligaciones, entendi\u00e9ndose como suficiente con la publicaci\u00f3n en el sitio web del prestador .<\/p>\t\t\t\t\t\t\t\t<\/div>\n\t\t\t\t<\/div>\n\t\t\t\t<div class=\"elementor-element elementor-element-89a6bb8 elementor-widget elementor-widget-heading\" data-id=\"89a6bb8\" data-element_type=\"widget\" data-e-type=\"widget\" data-widget_type=\"heading.default\">\n\t\t\t\t<div class=\"elementor-widget-container\">\n\t\t\t\t\t<h2 class=\"elementor-heading-title elementor-size-default\">RESPONSABILIDAD<\/h2>\t\t\t\t<\/div>\n\t\t\t\t<\/div>\n\t\t\t\t<div class=\"elementor-element elementor-element-43c6ff0 elementor-widget elementor-widget-text-editor\" data-id=\"43c6ff0\" data-element_type=\"widget\" data-e-type=\"widget\" data-widget_type=\"text-editor.default\">\n\t\t\t\t<div class=\"elementor-widget-container\">\n\t\t\t\t\t\t\t\t\t<p>El prestamista se exime de cualquier tipo de responsabilidad derivada de la informaci\u00f3n publicada en su sitio web, siempre que esta informaci\u00f3n haya sido manipulada o introducida por un tercero ajeno al mismo.<\/p><p>Desde el sitio web del cliente es posible que se redirija a contenidos de terceros sitios web. Dado que el prestamista no puede controlar siempre los contenidos introducidos por los terceros en sus sitios web, \u00e9ste no asume ning\u00fan tipo de responsabilidad respecto a estos contenidos. En todo caso, el prestamista manifiesta que proceder\u00e1 a la retirada inmediata de cualquier contenido que pudiera contravenir la legislaci\u00f3n nacional o internacional, la moral o el orden p\u00fablico, procediendo a la retirada inmediata de la redirecci\u00f3n a este sitio web, poniendo en conocimiento de las autoridades competentes el contenido en cuesti\u00f3n.<\/p><p>El prestamista no se hace responsable de la informaci\u00f3n y contenidos almacenados, a t\u00edtulo enunciativo pero no limitativo, en foros, chats, generadores de blogs, comentarios, redes sociales o cualquier otro medio que permita a terceros publicar contenidos de forma independiente en la p\u00e1gina web del prestamista. Sin embargo y en cumplimiento de lo dispuesto en el art. 11 y 16 de la LSSI-CE, el prestamista se pone a disposici\u00f3n de todos los usuarios, autoridades y fuerzas de seguridad, y colaborando de forma activa en la retirada o en su caso bloqueo de todos aquellos contenidos que pudieran afectar o contravenir la legislaci\u00f3n nacional, o internacional, derechos de terceros o la moral y el orden p\u00fablico. En caso de que el usuario considere que existe en el sitio web alg\u00fan contenido que pudiera ser susceptible de esta clasificaci\u00f3n, se ruega que lo notifique de forma inmediata al administrador del sitio web.<\/p><p>Este sitio web ha sido revisado y probado para que funcione correctamente. En principio, se puede garantizar el correcto funcionamiento los 365 d\u00edas del a\u00f1o, 24 horas al d\u00eda. No obstante, el prestamista no descarta la posibilidad de que existan ciertos errores de programaci\u00f3n, o que se conviertan en causas de fuerza mayor, cat\u00e1strofes naturales, huelgas, o circunstancias similares que hagan imposible el acceso a la p\u00e1gina web.<\/p>\t\t\t\t\t\t\t\t<\/div>\n\t\t\t\t<\/div>\n\t\t\t\t<div class=\"elementor-element elementor-element-0956c60 elementor-widget elementor-widget-heading\" data-id=\"0956c60\" data-element_type=\"widget\" data-e-type=\"widget\" data-widget_type=\"heading.default\">\n\t\t\t\t<div class=\"elementor-widget-container\">\n\t\t\t\t\t<h2 class=\"elementor-heading-title elementor-size-default\">PROTECCI\u00d3N DE DATOS PERSONALES<\/h2>\t\t\t\t<\/div>\n\t\t\t\t<\/div>\n\t\t\t\t<div class=\"elementor-element elementor-element-698b26d elementor-widget elementor-widget-text-editor\" data-id=\"698b26d\" data-element_type=\"widget\" data-e-type=\"widget\" data-widget_type=\"text-editor.default\">\n\t\t\t\t<div class=\"elementor-widget-container\">\n\t\t\t\t\t\t\t\t\t<p>El prestamista se encuentra profundamente comprometido con el cumplimiento de la normativa espa\u00f1ola de protecci\u00f3n de datos de car\u00e1cter personal, garantizando el cumplimiento \u00edntegro de las obligaciones, as\u00ed como la implementaci\u00f3n de las medidas de seguridad dispuestas en el REGLAMENTO (UE) 2016\/679 DEL PARLAMENTO EUROPEO Y DEL CONSEJO de 27 de abril de 2016 relativo a la protecci\u00f3n de las personas f\u00edsicas en lo que se refiere al tratamiento de datos personales ya la libre circulaci\u00f3n de estos datos (RGPD) ya la Ley Org\u00e1nica 3\/2018, de 5 de diciembre , de protecci\u00f3n de datos personales y garant\u00eda de los derechos digitales. El prestador pone a disposici\u00f3n de los usuarios la Pol\u00edtica de Privacidad de la entidad informando a los usuarios seg\u00fan lo especificado en los art\u00edculos 13 y 14 del RGPD, relativos al derecho de informaci\u00f3n de las personas interesadas.<\/p>\t\t\t\t\t\t\t\t<\/div>\n\t\t\t\t<\/div>\n\t\t\t\t<div class=\"elementor-element elementor-element-60fa8d8 elementor-widget elementor-widget-heading\" data-id=\"60fa8d8\" data-element_type=\"widget\" data-e-type=\"widget\" data-widget_type=\"heading.default\">\n\t\t\t\t<div class=\"elementor-widget-container\">\n\t\t\t\t\t<h2 class=\"elementor-heading-title elementor-size-default\">Propiedad intelectual e industrial<\/h2>\t\t\t\t<\/div>\n\t\t\t\t<\/div>\n\t\t\t\t<div class=\"elementor-element elementor-element-834f648 elementor-widget elementor-widget-text-editor\" data-id=\"834f648\" data-element_type=\"widget\" data-e-type=\"widget\" data-widget_type=\"text-editor.default\">\n\t\t\t\t<div class=\"elementor-widget-container\">\n\t\t\t\t\t\t\t\t\t<p>El sitio web, incluyendo a t\u00edtulo enunciativo pero no limitativo su programaci\u00f3n, edici\u00f3n, compilaci\u00f3n y otros elementos necesarios para su funcionamiento, los dise\u00f1os, logotipos, texto y\/o gr\u00e1ficos son propiedad del prestamista o en su caso dispone de licencia o autorizaci\u00f3n expresa por parte de los autores. Todos los contenidos del sitio web se encuentran debidamente protegidos por la normativa de propiedad intelectual e industrial, as\u00ed como inscritos en los registros p\u00fablicos correspondientes.<\/p><p>Independientemente de la finalidad para la que fuesen destinados, la reproducci\u00f3n total o parcial, uso, explotaci\u00f3n, distribuci\u00f3n y comercializaci\u00f3n requiere en todo caso de la autorizaci\u00f3n escrita previa por parte del prestamista. Cualquier uso no autorizado previamente por parte del prestamista ser\u00e1 considerado un incumplimiento grave de los derechos de propiedad intelectual o industrial del autor.<\/p><p>Los dise\u00f1os, logotipos, texto y\/o gr\u00e1ficos ajenos al prestamista y que pudieran aparecer en el sitio web, pertenecen a sus respectivos propietarios, siendo ellos mismos responsables de cualquier posible controversia que pudiera suscitarse respecto a los mismos. En todo caso, el prestamista cuenta con la autorizaci\u00f3n expresa y previa por parte de los mismos.<\/p><p>El prestamista no autoriza expresamente que terceros puedan redirigir directamente a los contenidos concretos del sitio web, debiendo redirigir en todo caso al sitio web principal del prestamista.<br>El prestamista no autoriza expresamente que terceros puedan redirigir directamente a los contenidos concretos del sitio web, debiendo redirigir en todo caso al sitio web principal del prestamista.<br>Para hacer cualquier tipo de observaci\u00f3n respecto a posibles incumplimientos de los derechos de propiedad intelectual o industrial, as\u00ed como sobre cualquiera de los contenidos del sitio web, puede hacerlo a trav\u00e9s del siguiente correo electr\u00f3nico nuria_oristrell@telefonica.net.<\/p>\t\t\t\t\t\t\t\t<\/div>\n\t\t\t\t<\/div>\n\t\t\t\t<div class=\"elementor-element elementor-element-fe7bf29 elementor-widget elementor-widget-heading\" data-id=\"fe7bf29\" data-element_type=\"widget\" data-e-type=\"widget\" data-widget_type=\"heading.default\">\n\t\t\t\t<div class=\"elementor-widget-container\">\n\t\t\t\t\t<h2 class=\"elementor-heading-title elementor-size-default\">Condiciones generales de venta<\/h2>\t\t\t\t<\/div>\n\t\t\t\t<\/div>\n\t\t\t\t<div class=\"elementor-element elementor-element-45a4f28 elementor-widget elementor-widget-text-editor\" data-id=\"45a4f28\" data-element_type=\"widget\" data-e-type=\"widget\" data-widget_type=\"text-editor.default\">\n\t\t\t\t<div class=\"elementor-widget-container\">\n\t\t\t\t\t\t\t\t\t<p>Puede consultar nuestra p\u00e1gina con las <span style=\"text-decoration: underline;\"><span style=\"color: #3366ff; text-decoration: underline;\"><a style=\"color: #3366ff; text-decoration: underline;\" href=\"#\">Condiciones de la Venta<\/a><\/span><\/span> (Precios, garant\u00edas, formas de pago, env\u00edos, devoluciones, etc.)<\/p>\t\t\t\t\t\t\t\t<\/div>\n\t\t\t\t<\/div>\n\t\t\t\t<div class=\"elementor-element elementor-element-7a4f848 elementor-widget elementor-widget-heading\" data-id=\"7a4f848\" data-element_type=\"widget\" data-e-type=\"widget\" data-widget_type=\"heading.default\">\n\t\t\t\t<div class=\"elementor-widget-container\">\n\t\t\t\t\t<h2 class=\"elementor-heading-title elementor-size-default\">Cookies<\/h2>\t\t\t\t<\/div>\n\t\t\t\t<\/div>\n\t\t\t\t<div class=\"elementor-element elementor-element-79ad73d elementor-widget elementor-widget-text-editor\" data-id=\"79ad73d\" data-element_type=\"widget\" data-e-type=\"widget\" data-widget_type=\"text-editor.default\">\n\t\t\t\t<div class=\"elementor-widget-container\">\n\t\t\t\t\t\t\t\t\t<p>El sitio web del prestamista puede utilizar cookies (peque\u00f1os archivos de informaci\u00f3n que el servidor env\u00eda al ordenador de quien accede a la p\u00e1gina) para llevar a cabo determinadas funciones que son consideradas imprescindibles para el correcto funcionamiento y visualizaci\u00f3n del sitio.<br><br>Puede consultar toda la informaci\u00f3n sobre las cookies en nuestra <span style=\"color: #3366ff;\"><a style=\"color: #3366ff;\" href=\"#\"><span style=\"text-decoration: underline;\">P\u00e1gina de cookies<\/span><\/a><\/span>.<\/p>\t\t\t\t\t\t\t\t<\/div>\n\t\t\t\t<\/div>\n\t\t\t\t<div class=\"elementor-element elementor-element-9cc8278 elementor-widget elementor-widget-heading\" data-id=\"9cc8278\" data-element_type=\"widget\" data-e-type=\"widget\" data-widget_type=\"heading.default\">\n\t\t\t\t<div class=\"elementor-widget-container\">\n\t\t\t\t\t<h2 class=\"elementor-heading-title elementor-size-default\">Ley aplicable y jurisdicci\u00f3n<\/h2>\t\t\t\t<\/div>\n\t\t\t\t<\/div>\n\t\t\t\t<div class=\"elementor-element elementor-element-7a9e3c3 elementor-widget elementor-widget-text-editor\" data-id=\"7a9e3c3\" data-element_type=\"widget\" data-e-type=\"widget\" data-widget_type=\"text-editor.default\">\n\t\t\t\t<div class=\"elementor-widget-container\">\n\t\t\t\t\t\t\t\t\t<p>Para la resoluci\u00f3n de todas las controversias o cuestiones relacionadas con este sitio web o de las actividades que se desarrollen, ser\u00e1 de aplicaci\u00f3n la legislaci\u00f3n espa\u00f1ola, a la que se someten expresamente las partes, siendo competentes para la resoluci\u00f3n de todos los conflictos derivados o relacionados con su uso los Juzgados y Tribunales de SABADELL.<\/p>\t\t\t\t\t\t\t\t<\/div>\n\t\t\t\t<\/div>\n\t\t\t\t\t<\/div>\n\t\t<\/div>\n\t\t\t\t\t<\/div>\n\t\t<\/section>\n\t\t\t\t\t<\/div>\n\t\t<\/div>\n\t\t\t\t\t<\/div>\n\t\t<\/section>\n\t\t\t\t<\/div>\n\t\t","protected":false},"excerpt":{"rendered":"<p>AVISO LEGAL Informaci\u00f3n Importante Denominaci\u00f3n Social: BOTIGA ORISTRELL, S.L. Domicilio Social: PASEO PLAZA MAYOR, 63 &#8211; 65, 08201-SABADELL NIF: B61049201 Tel\u00e9fono: 937271303 e-Mail: nuria_oristrell@telefonica.net Nombre de dominio: www.resetaccessories.com Autorizaci\u00f3n administrativa: OBJETO El prestador, responsable del sitio web, pone a disposici\u00f3n de los usuarios este documento con el que pretende dar cumplimiento a las obligaciones dispuestas [&hellip;]<\/p>\n","protected":false},"author":1,"featured_media":0,"parent":0,"menu_order":0,"comment_status":"closed","ping_status":"closed","template":"","meta":{"inline_featured_image":false,"footnotes":""},"class_list":["post-7313","page","type-page","status-publish","hentry"],"yoast_head":"<!-- This site is optimized with the Yoast SEO plugin v27.4 - https:\/\/yoast.com\/product\/yoast-seo-wordpress\/ -->\n<title>Aviso Legal - Reset Accessories<\/title>\n<meta name=\"robots\" content=\"noindex, nofollow\" \/>\n<meta property=\"og:locale\" content=\"es_ES\" \/>\n<meta property=\"og:type\" content=\"article\" \/>\n<meta property=\"og:title\" content=\"Aviso Legal - Reset Accessories\" \/>\n<meta property=\"og:description\" content=\"AVISO LEGAL Informaci\u00f3n Importante Denominaci\u00f3n Social: BOTIGA ORISTRELL, S.L. Domicilio Social: PASEO PLAZA MAYOR, 63 &#8211; 65, 08201-SABADELL NIF: B61049201 Tel\u00e9fono: 937271303 e-Mail: nuria_oristrell@telefonica.net Nombre de dominio: www.resetaccessories.com Autorizaci\u00f3n administrativa: OBJETO El prestador, responsable del sitio web, pone a disposici\u00f3n de los usuarios este documento con el que pretende dar cumplimiento a las obligaciones dispuestas [&hellip;]\" \/>\n<meta property=\"og:url\" content=\"https:\/\/resetaccessories.com\/es\/aviso-legal\/\" \/>\n<meta property=\"og:site_name\" content=\"Reset Accessories\" \/>\n<meta property=\"article:modified_time\" content=\"2025-05-17T09:28:34+00:00\" \/>\n<meta name=\"twitter:card\" content=\"summary_large_image\" \/>\n<meta name=\"twitter:label1\" content=\"Tiempo de lectura\" \/>\n\t<meta name=\"twitter:data1\" content=\"6 minutos\" \/>\n<script type=\"application\/ld+json\" class=\"yoast-schema-graph\">{\"@context\":\"https:\\\/\\\/schema.org\",\"@graph\":[{\"@type\":\"WebPage\",\"@id\":\"https:\\\/\\\/resetaccessories.com\\\/es\\\/aviso-legal\\\/\",\"url\":\"https:\\\/\\\/resetaccessories.com\\\/es\\\/aviso-legal\\\/\",\"name\":\"Aviso Legal - Reset Accessories\",\"isPartOf\":{\"@id\":\"https:\\\/\\\/resetaccessories.com\\\/es\\\/#website\"},\"datePublished\":\"2021-12-20T05:41:21+00:00\",\"dateModified\":\"2025-05-17T09:28:34+00:00\",\"breadcrumb\":{\"@id\":\"https:\\\/\\\/resetaccessories.com\\\/es\\\/aviso-legal\\\/#breadcrumb\"},\"inLanguage\":\"es\",\"potentialAction\":[{\"@type\":\"ReadAction\",\"target\":[\"https:\\\/\\\/resetaccessories.com\\\/es\\\/aviso-legal\\\/\"]}]},{\"@type\":\"BreadcrumbList\",\"@id\":\"https:\\\/\\\/resetaccessories.com\\\/es\\\/aviso-legal\\\/#breadcrumb\",\"itemListElement\":[{\"@type\":\"ListItem\",\"position\":1,\"name\":\"Inici\",\"item\":\"https:\\\/\\\/resetaccessories.com\\\/es\\\/\"},{\"@type\":\"ListItem\",\"position\":2,\"name\":\"Aviso Legal\"}]},{\"@type\":\"WebSite\",\"@id\":\"https:\\\/\\\/resetaccessories.com\\\/es\\\/#website\",\"url\":\"https:\\\/\\\/resetaccessories.com\\\/es\\\/\",\"name\":\"Reset Accessories\",\"description\":\"Tot un m\u00f3n d\u2019accessoris de moda.\",\"publisher\":{\"@id\":\"https:\\\/\\\/resetaccessories.com\\\/es\\\/#organization\"},\"potentialAction\":[{\"@type\":\"SearchAction\",\"target\":{\"@type\":\"EntryPoint\",\"urlTemplate\":\"https:\\\/\\\/resetaccessories.com\\\/es\\\/?s={search_term_string}\"},\"query-input\":{\"@type\":\"PropertyValueSpecification\",\"valueRequired\":true,\"valueName\":\"search_term_string\"}}],\"inLanguage\":\"es\"},{\"@type\":\"Organization\",\"@id\":\"https:\\\/\\\/resetaccessories.com\\\/es\\\/#organization\",\"name\":\"Reset Accessories\",\"url\":\"https:\\\/\\\/resetaccessories.com\\\/es\\\/\",\"logo\":{\"@type\":\"ImageObject\",\"inLanguage\":\"es\",\"@id\":\"https:\\\/\\\/resetaccessories.com\\\/es\\\/#\\\/schema\\\/logo\\\/image\\\/\",\"url\":\"https:\\\/\\\/resetaccessories.com\\\/wp-content\\\/uploads\\\/2026\\\/03\\\/LOGO.png\",\"contentUrl\":\"https:\\\/\\\/resetaccessories.com\\\/wp-content\\\/uploads\\\/2026\\\/03\\\/LOGO.png\",\"width\":280,\"height\":234,\"caption\":\"Reset Accessories\"},\"image\":{\"@id\":\"https:\\\/\\\/resetaccessories.com\\\/es\\\/#\\\/schema\\\/logo\\\/image\\\/\"}}]}<\/script>\n<!-- \/ Yoast SEO plugin. -->","yoast_head_json":{"title":"Aviso Legal - Reset Accessories","robots":{"index":"noindex","follow":"nofollow"},"og_locale":"es_ES","og_type":"article","og_title":"Aviso Legal - Reset Accessories","og_description":"AVISO LEGAL Informaci\u00f3n Importante Denominaci\u00f3n Social: BOTIGA ORISTRELL, S.L. Domicilio Social: PASEO PLAZA MAYOR, 63 &#8211; 65, 08201-SABADELL NIF: B61049201 Tel\u00e9fono: 937271303 e-Mail: nuria_oristrell@telefonica.net Nombre de dominio: www.resetaccessories.com Autorizaci\u00f3n administrativa: OBJETO El prestador, responsable del sitio web, pone a disposici\u00f3n de los usuarios este documento con el que pretende dar cumplimiento a las obligaciones dispuestas [&hellip;]","og_url":"https:\/\/resetaccessories.com\/es\/aviso-legal\/","og_site_name":"Reset Accessories","article_modified_time":"2025-05-17T09:28:34+00:00","twitter_card":"summary_large_image","twitter_misc":{"Tiempo de lectura":"6 minutos"},"schema":{"@context":"https:\/\/schema.org","@graph":[{"@type":"WebPage","@id":"https:\/\/resetaccessories.com\/es\/aviso-legal\/","url":"https:\/\/resetaccessories.com\/es\/aviso-legal\/","name":"Aviso Legal - Reset Accessories","isPartOf":{"@id":"https:\/\/resetaccessories.com\/es\/#website"},"datePublished":"2021-12-20T05:41:21+00:00","dateModified":"2025-05-17T09:28:34+00:00","breadcrumb":{"@id":"https:\/\/resetaccessories.com\/es\/aviso-legal\/#breadcrumb"},"inLanguage":"es","potentialAction":[{"@type":"ReadAction","target":["https:\/\/resetaccessories.com\/es\/aviso-legal\/"]}]},{"@type":"BreadcrumbList","@id":"https:\/\/resetaccessories.com\/es\/aviso-legal\/#breadcrumb","itemListElement":[{"@type":"ListItem","position":1,"name":"Inici","item":"https:\/\/resetaccessories.com\/es\/"},{"@type":"ListItem","position":2,"name":"Aviso Legal"}]},{"@type":"WebSite","@id":"https:\/\/resetaccessories.com\/es\/#website","url":"https:\/\/resetaccessories.com\/es\/","name":"Reset Accessories","description":"Tot un m\u00f3n d\u2019accessoris de moda.","publisher":{"@id":"https:\/\/resetaccessories.com\/es\/#organization"},"potentialAction":[{"@type":"SearchAction","target":{"@type":"EntryPoint","urlTemplate":"https:\/\/resetaccessories.com\/es\/?s={search_term_string}"},"query-input":{"@type":"PropertyValueSpecification","valueRequired":true,"valueName":"search_term_string"}}],"inLanguage":"es"},{"@type":"Organization","@id":"https:\/\/resetaccessories.com\/es\/#organization","name":"Reset Accessories","url":"https:\/\/resetaccessories.com\/es\/","logo":{"@type":"ImageObject","inLanguage":"es","@id":"https:\/\/resetaccessories.com\/es\/#\/schema\/logo\/image\/","url":"https:\/\/resetaccessories.com\/wp-content\/uploads\/2026\/03\/LOGO.png","contentUrl":"https:\/\/resetaccessories.com\/wp-content\/uploads\/2026\/03\/LOGO.png","width":280,"height":234,"caption":"Reset Accessories"},"image":{"@id":"https:\/\/resetaccessories.com\/es\/#\/schema\/logo\/image\/"}}]}},"_links":{"self":[{"href":"https:\/\/resetaccessories.com\/es\/wp-json\/wp\/v2\/pages\/7313","targetHints":{"allow":["GET"]}}],"collection":[{"href":"https:\/\/resetaccessories.com\/es\/wp-json\/wp\/v2\/pages"}],"about":[{"href":"https:\/\/resetaccessories.com\/es\/wp-json\/wp\/v2\/types\/page"}],"author":[{"embeddable":true,"href":"https:\/\/resetaccessories.com\/es\/wp-json\/wp\/v2\/users\/1"}],"replies":[{"embeddable":true,"href":"https:\/\/resetaccessories.com\/es\/wp-json\/wp\/v2\/comments?post=7313"}],"version-history":[{"count":0,"href":"https:\/\/resetaccessories.com\/es\/wp-json\/wp\/v2\/pages\/7313\/revisions"}],"wp:attachment":[{"href":"https:\/\/resetaccessories.com\/es\/wp-json\/wp\/v2\/media?parent=7313"}],"curies":[{"name":"wp","href":"https:\/\/api.w.org\/{rel}","templated":true}]}}