{"id":7185,"date":"2022-03-31T16:59:57","date_gmt":"2022-03-31T16:59:57","guid":{"rendered":"https:\/\/resetaccessories.com\/condiciones-de-venta\/"},"modified":"2025-05-17T10:30:23","modified_gmt":"2025-05-17T09:30:23","slug":"condiciones-de-venta","status":"publish","type":"page","link":"https:\/\/resetaccessories.com\/es\/condiciones-de-venta\/","title":{"rendered":"Condiciones de Venta"},"content":{"rendered":"\t\t<div data-elementor-type=\"wp-page\" data-elementor-id=\"7185\" class=\"elementor elementor-7185 elementor-2130\">\n\t\t\t\t\t\t<section class=\"elementor-section elementor-top-section elementor-element elementor-element-4e33e2d elementor-section-boxed elementor-section-height-default elementor-section-height-default\" data-id=\"4e33e2d\" data-element_type=\"section\" data-e-type=\"section\">\n\t\t\t\t\t\t<div class=\"elementor-container elementor-column-gap-no\">\n\t\t\t\t\t<div class=\"elementor-column elementor-col-100 elementor-top-column elementor-element elementor-element-9a58c29\" data-id=\"9a58c29\" data-element_type=\"column\" data-e-type=\"column\">\n\t\t\t<div class=\"elementor-widget-wrap elementor-element-populated\">\n\t\t\t\t\t\t<div class=\"elementor-element elementor-element-9218da8 elementor-widget elementor-widget-heading\" data-id=\"9218da8\" data-element_type=\"widget\" data-e-type=\"widget\" data-widget_type=\"heading.default\">\n\t\t\t\t<div class=\"elementor-widget-container\">\n\t\t\t\t\t<h2 class=\"elementor-heading-title elementor-size-default\">TERMINOS Y CONDICIONES GENERALES DE VENTA<\/h2>\t\t\t\t<\/div>\n\t\t\t\t<\/div>\n\t\t\t\t\t<\/div>\n\t\t<\/div>\n\t\t\t\t\t<\/div>\n\t\t<\/section>\n\t\t\t\t<section class=\"elementor-section elementor-top-section elementor-element elementor-element-7fcb382 elementor-section-boxed elementor-section-height-default elementor-section-height-default\" data-id=\"7fcb382\" data-element_type=\"section\" data-e-type=\"section\">\n\t\t\t\t\t\t<div class=\"elementor-container elementor-column-gap-no\">\n\t\t\t\t\t<div class=\"elementor-column elementor-col-100 elementor-top-column elementor-element elementor-element-fc48d44\" data-id=\"fc48d44\" data-element_type=\"column\" data-e-type=\"column\">\n\t\t\t<div class=\"elementor-widget-wrap elementor-element-populated\">\n\t\t\t\t\t\t<div class=\"elementor-element elementor-element-c6bdbb2 elementor-widget elementor-widget-text-editor\" data-id=\"c6bdbb2\" data-element_type=\"widget\" data-e-type=\"widget\" data-widget_type=\"text-editor.default\">\n\t\t\t\t<div class=\"elementor-widget-container\">\n\t\t\t\t\t\t\t\t\t<p>A continuaci\u00f3n te explicamos algunas de las condiciones a las que est\u00e1n sujetos los pedidos cursados \u200b\u200bmediante esta eCommerce:<\/p><p>Para realizar un pedido, deber\u00e1s seguir el procedimiento de compra online. Una vez aceptado el pago, recibir\u00e1s un e-mail acusando recibo de tu pedido. Todos los pedidos est\u00e1n sujetos a nuestra aceptaci\u00f3n que ser\u00e1 confirmado enviando un correo. Si no recibes ning\u00fan correo de confirmaci\u00f3n en tu bandeja de entrada, verifica la bandeja de spam o correo no deseado.<\/p><p>Todos los pedidos de productos est\u00e1n sujetos a la disponibilidad de los mismos. Si se produjeran dificultades y no pudi\u00e9ramos confeccionar tu pedido, nos pondr\u00edamos en contacto contigo para informarte del problema y ofrecerte alternativas. En ese caso, tambi\u00e9n tendr\u00e1s la opci\u00f3n de anular el pedido.<\/p><p>Si no est\u00e1s satisfecho\/ao te equivocaste al seleccionar el producto comprado a trav\u00e9s de nuestra tienda online, escr\u00edbenos un correo electr\u00f3nico a la direcci\u00f3n <strong>info@resetaccesssories.com<\/strong> indicando como asunto \u201cSolicitud de Devoluci\u00f3n\u201d o \u201cSolicitud de Cambio\u201d seg\u00fan proceda. Te responderemos lo antes posible confirmando la solicitud.<\/p><p>Los siguientes pasos ser\u00edan:<\/p><ul><li> Empaquetar el producto que desees devolver o cambiar verificando que est\u00e9 en buen estado<\/li><li> En el paquete de devoluci\u00f3n, indica tu nombre y n\u00famero de pedido.<\/li><li> Env\u00eda un paquete a trav\u00e9s del servicio postal que consideres conveniente con la atenci\u00f3n a RESET ACCESOR\u00cdAS en la siguiente direcci\u00f3n Paseo de la Plaza Mayor, 63, 08201 Sabadell, Barcelona \u2013 Espa\u00f1a.<\/li><\/ul><p>Los motivos de higiene y calidad de los productos envueltos no pueden tener indicios de haberse usado o manipulado y deben estar con su embalaje original (sin marcas, pegatinas, etc.). De lo contrario, tu devoluci\u00f3n podr\u00eda ser rechazada.<\/p><p>Recomendamos que conserves una prueba del env\u00edo y no env\u00edes ning\u00fan producto sin haber contactado previamente con nosotros. No aceptamos paquetes en portes debidos.<\/p><p><strong>EN CASO DE CAMBIO:<\/strong> en el momento en que nos escribas solicitando un cambio, nos pondremos en marcha para tener el nuevo producto que solicites lo antes posible.<\/p><p>Procederemos el nuevo env\u00edo una vez lo tengamos listo y hayamos recibido el producto que se quiera cambiar. El nuevo env\u00edo correr\u00e1 a cargo de Reset Accesories.<\/p><p><strong>EN CASO DE DEVOLUCI\u00d3N:<\/strong> una vez hayamos recibido el art\u00edculo devuelto, te abonaremos el importe del producto mediante el mismo m\u00e9todo de pago utilizado en la compra. El importe quedar\u00e1 reflejado en tu cuenta en un plazo aproximado de 7-14 d\u00edas laborables en funci\u00f3n de las condiciones de cada banco.<\/p><p>En el caso de productos con defectos, escr\u00edbenos un correo a <strong>info@resetaccessories.com<\/strong> indicando en el asunto \u201cProducto Defectuoso\u201d y adjuntarnos alguna imagen del defecto que lo corrobore.<\/p><p>Una vez revisamos tu correo, nos pondremos en contacto contigo para concretar la sustituci\u00f3n del producto por uno nuevo. Para poder realizar este cambio, te pediremos que el producto defectuoso est\u00e9 tal y como lo recibiste, tendr\u00e1 que ir en una bolsa de env\u00edo o caja. El paquete de la devoluci\u00f3n deber\u00e1 ir identificado con tu nombre junto con el n\u00famero de pedido. En el momento que te entreguemos el nuevo producto, deber\u00e1s entregar el paquete con el producto defectuoso en el mensajero.<\/p><p>Excepciones: no se aceptar\u00e1 ninguna devoluci\u00f3n por da\u00f1os o desgaste que se produzcan por el uso continuado y\/o indebido del producto. <\/p>\t\t\t\t\t\t\t\t<\/div>\n\t\t\t\t<\/div>\n\t\t\t\t<section class=\"elementor-section elementor-inner-section elementor-element elementor-element-cac5383 elementor-section-boxed elementor-section-height-default elementor-section-height-default\" data-id=\"cac5383\" data-element_type=\"section\" data-e-type=\"section\">\n\t\t\t\t\t\t<div class=\"elementor-container elementor-column-gap-no\">\n\t\t\t\t\t<div class=\"elementor-column elementor-col-100 elementor-inner-column elementor-element elementor-element-29d8061\" data-id=\"29d8061\" data-element_type=\"column\" data-e-type=\"column\">\n\t\t\t<div class=\"elementor-widget-wrap elementor-element-populated\">\n\t\t\t\t\t\t<div class=\"elementor-element elementor-element-0510598 elementor-widget elementor-widget-heading\" data-id=\"0510598\" data-element_type=\"widget\" data-e-type=\"widget\" data-widget_type=\"heading.default\">\n\t\t\t\t<div class=\"elementor-widget-container\">\n\t\t\t\t\t<h2 class=\"elementor-heading-title elementor-size-default\">RESPONSABILIDAD Y EXONERACI\u00d3N DE RESPONSABILIDAD<\/h2>\t\t\t\t<\/div>\n\t\t\t\t<\/div>\n\t\t\t\t<div class=\"elementor-element elementor-element-77921a2 elementor-widget elementor-widget-text-editor\" data-id=\"77921a2\" data-element_type=\"widget\" data-e-type=\"widget\" data-widget_type=\"text-editor.default\">\n\t\t\t\t<div class=\"elementor-widget-container\">\n\t\t\t\t\t\t\t\t\t<p>Nuestra responsabilidad en relaci\u00f3n a cualquier producto adquirido en nuestra tienda online estar\u00e1 limitado estrictamente al precio de compra de este producto. Nada en las presentes Condiciones de Compra excluye ni limita en modo alguno nuestra responsabilidad.<\/p><p>Sin perjuicio de lo dispuesto en el p\u00e1rrafo anterior y en la medida en que as\u00ed lo permita la ley y salvo que en las presentes Condiciones se disponga lo contrario, no aceptaremos ninguna responsabilidad por da\u00f1os indirectos que se produzcan como efecto secundario de las p\u00e9rdidas o da\u00f1os principales, que se produzcan en cualquier forma, y \u200b\u200bya sean ocasionados por il\u00edcito civil (incluida la negligencia), incumpliendo del contrato u otros, incluso si se pod\u00edan prever, incluidos sin car\u00e1cter limitado los siguientes:<\/p><ul><li>P\u00e9rdida de ingresos o ventas<\/li><li>P\u00e9rdida de negocio<\/li><li>P\u00e9rdida de contratos<\/li><li>P\u00e9rdida de ahorros previstos<\/li><li>P\u00e9rdida de datos<\/li><li>P\u00e9rdida de tiempo de gesti\u00f3n o de horario de oficina<\/li><\/ul><p>Debido a la naturaleza abierta de esta p\u00e1gina web ya la posibilidad de que se produzcan errores en el almacenamiento y transmisi\u00f3n de informaci\u00f3n digital, en ning\u00fan caso datos de car\u00e1cter personal, no garantizamos la precisi\u00f3n y seguridad de la informaci\u00f3n transmitida u obtenida por medio de esta p\u00e1gina web a menos que establezca expresamente lo contrario en la misma. Todas las descripciones de los productos, informaciones y materiales que figuran en esta p\u00e1gina web se suministran \u00aben el estado en el que se encuentran\u00bb y sin garant\u00edas expresas, impl\u00edcitas o que se deriven de cualquier otro modo. En la medida de lo posible seg\u00fan lo permita la ley, excluimos todas las garant\u00edas que no puedan ser leg\u00edtimamente excluidas frente a los consumidores. Lo dispuesto en la presente cl\u00e1usula no afectar\u00e1 a sus derechos reconocidos por la ley en calidad de consumidor, ni a su derecho a desistir al Contrato.<\/p>\t\t\t\t\t\t\t\t<\/div>\n\t\t\t\t<\/div>\n\t\t\t\t<div class=\"elementor-element elementor-element-89a6bb8 elementor-widget elementor-widget-heading\" data-id=\"89a6bb8\" data-element_type=\"widget\" data-e-type=\"widget\" data-widget_type=\"heading.default\">\n\t\t\t\t<div class=\"elementor-widget-container\">\n\t\t\t\t\t<h2 class=\"elementor-heading-title elementor-size-default\">NUESTRO DERECHO A MODIFICAR ESTAS CONDICIONES<\/h2>\t\t\t\t<\/div>\n\t\t\t\t<\/div>\n\t\t\t\t<div class=\"elementor-element elementor-element-43c6ff0 elementor-widget elementor-widget-text-editor\" data-id=\"43c6ff0\" data-element_type=\"widget\" data-e-type=\"widget\" data-widget_type=\"text-editor.default\">\n\t\t\t\t<div class=\"elementor-widget-container\">\n\t\t\t\t\t\t\t\t\t<p>Tenemos el derecho de revisar y modificar las presentes Condiciones en cualquier momento. Usted estar\u00e1 sujeto a las pol\u00edticas y Condiciones vigentes en el momento que efect\u00fae el pedido, salvo que por ley o decisi\u00f3n de organismos gubernamentales, debamos realizar cambios en las pol\u00edticas, Condiciones o Declaraci\u00f3n de Privacidad. En este caso, los posibles cambios afectar\u00e1n tambi\u00e9n a los pedidos que usted haya realizado previamente.<\/p>\t\t\t\t\t\t\t\t<\/div>\n\t\t\t\t<\/div>\n\t\t\t\t\t<\/div>\n\t\t<\/div>\n\t\t\t\t\t<\/div>\n\t\t<\/section>\n\t\t\t\t\t<\/div>\n\t\t<\/div>\n\t\t\t\t\t<\/div>\n\t\t<\/section>\n\t\t\t\t<\/div>\n\t\t","protected":false},"excerpt":{"rendered":"<p>TERMINOS Y CONDICIONES GENERALES DE VENTA A continuaci\u00f3n te explicamos algunas de las condiciones a las que est\u00e1n sujetos los pedidos cursados \u200b\u200bmediante esta eCommerce: Para realizar un pedido, deber\u00e1s seguir el procedimiento de compra online. Una vez aceptado el pago, recibir\u00e1s un e-mail acusando recibo de tu pedido. Todos los pedidos est\u00e1n sujetos a [&hellip;]<\/p>\n","protected":false},"author":1,"featured_media":0,"parent":0,"menu_order":0,"comment_status":"closed","ping_status":"closed","template":"","meta":{"inline_featured_image":false,"footnotes":""},"class_list":["post-7185","page","type-page","status-publish","hentry"],"yoast_head":"<!-- This site is optimized with the Yoast SEO plugin v27.3 - https:\/\/yoast.com\/product\/yoast-seo-wordpress\/ -->\n<title>Condiciones de Venta - Reset Accessories<\/title>\n<meta name=\"robots\" content=\"noindex, nofollow\" \/>\n<meta property=\"og:locale\" content=\"es_ES\" \/>\n<meta property=\"og:type\" content=\"article\" \/>\n<meta property=\"og:title\" content=\"Condiciones de Venta - Reset Accessories\" \/>\n<meta property=\"og:description\" content=\"TERMINOS Y CONDICIONES GENERALES DE VENTA A continuaci\u00f3n te explicamos algunas de las condiciones a las que est\u00e1n sujetos los pedidos cursados \u200b\u200bmediante esta eCommerce: Para realizar un pedido, deber\u00e1s seguir el procedimiento de compra online. Una vez aceptado el pago, recibir\u00e1s un e-mail acusando recibo de tu pedido. Todos los pedidos est\u00e1n sujetos a [&hellip;]\" \/>\n<meta property=\"og:url\" content=\"https:\/\/resetaccessories.com\/es\/condiciones-de-venta\/\" \/>\n<meta property=\"og:site_name\" content=\"Reset Accessories\" \/>\n<meta property=\"article:modified_time\" content=\"2025-05-17T09:30:23+00:00\" \/>\n<meta name=\"twitter:card\" content=\"summary_large_image\" \/>\n<meta name=\"twitter:label1\" content=\"Tiempo de lectura\" \/>\n\t<meta name=\"twitter:data1\" content=\"5 minutos\" \/>\n<script type=\"application\/ld+json\" class=\"yoast-schema-graph\">{\"@context\":\"https:\\\/\\\/schema.org\",\"@graph\":[{\"@type\":\"WebPage\",\"@id\":\"https:\\\/\\\/resetaccessories.com\\\/es\\\/condiciones-de-venta\\\/\",\"url\":\"https:\\\/\\\/resetaccessories.com\\\/es\\\/condiciones-de-venta\\\/\",\"name\":\"Condiciones de Venta - Reset Accessories\",\"isPartOf\":{\"@id\":\"https:\\\/\\\/resetaccessories.com\\\/es\\\/#website\"},\"datePublished\":\"2022-03-31T16:59:57+00:00\",\"dateModified\":\"2025-05-17T09:30:23+00:00\",\"breadcrumb\":{\"@id\":\"https:\\\/\\\/resetaccessories.com\\\/es\\\/condiciones-de-venta\\\/#breadcrumb\"},\"inLanguage\":\"es\",\"potentialAction\":[{\"@type\":\"ReadAction\",\"target\":[\"https:\\\/\\\/resetaccessories.com\\\/es\\\/condiciones-de-venta\\\/\"]}]},{\"@type\":\"BreadcrumbList\",\"@id\":\"https:\\\/\\\/resetaccessories.com\\\/es\\\/condiciones-de-venta\\\/#breadcrumb\",\"itemListElement\":[{\"@type\":\"ListItem\",\"position\":1,\"name\":\"Inici\",\"item\":\"https:\\\/\\\/resetaccessories.com\\\/es\\\/\"},{\"@type\":\"ListItem\",\"position\":2,\"name\":\"Condiciones de Venta\"}]},{\"@type\":\"WebSite\",\"@id\":\"https:\\\/\\\/resetaccessories.com\\\/es\\\/#website\",\"url\":\"https:\\\/\\\/resetaccessories.com\\\/es\\\/\",\"name\":\"Reset Accessories\",\"description\":\"Tot un m\u00f3n d\u2019accessoris de moda.\",\"publisher\":{\"@id\":\"https:\\\/\\\/resetaccessories.com\\\/es\\\/#organization\"},\"potentialAction\":[{\"@type\":\"SearchAction\",\"target\":{\"@type\":\"EntryPoint\",\"urlTemplate\":\"https:\\\/\\\/resetaccessories.com\\\/es\\\/?s={search_term_string}\"},\"query-input\":{\"@type\":\"PropertyValueSpecification\",\"valueRequired\":true,\"valueName\":\"search_term_string\"}}],\"inLanguage\":\"es\"},{\"@type\":\"Organization\",\"@id\":\"https:\\\/\\\/resetaccessories.com\\\/es\\\/#organization\",\"name\":\"Reset Accessories\",\"url\":\"https:\\\/\\\/resetaccessories.com\\\/es\\\/\",\"logo\":{\"@type\":\"ImageObject\",\"inLanguage\":\"es\",\"@id\":\"https:\\\/\\\/resetaccessories.com\\\/es\\\/#\\\/schema\\\/logo\\\/image\\\/\",\"url\":\"https:\\\/\\\/resetaccessories.com\\\/wp-content\\\/uploads\\\/2026\\\/03\\\/LOGO.png\",\"contentUrl\":\"https:\\\/\\\/resetaccessories.com\\\/wp-content\\\/uploads\\\/2026\\\/03\\\/LOGO.png\",\"width\":280,\"height\":234,\"caption\":\"Reset Accessories\"},\"image\":{\"@id\":\"https:\\\/\\\/resetaccessories.com\\\/es\\\/#\\\/schema\\\/logo\\\/image\\\/\"}}]}<\/script>\n<!-- \/ Yoast SEO plugin. -->","yoast_head_json":{"title":"Condiciones de Venta - Reset Accessories","robots":{"index":"noindex","follow":"nofollow"},"og_locale":"es_ES","og_type":"article","og_title":"Condiciones de Venta - Reset Accessories","og_description":"TERMINOS Y CONDICIONES GENERALES DE VENTA A continuaci\u00f3n te explicamos algunas de las condiciones a las que est\u00e1n sujetos los pedidos cursados \u200b\u200bmediante esta eCommerce: Para realizar un pedido, deber\u00e1s seguir el procedimiento de compra online. Una vez aceptado el pago, recibir\u00e1s un e-mail acusando recibo de tu pedido. Todos los pedidos est\u00e1n sujetos a [&hellip;]","og_url":"https:\/\/resetaccessories.com\/es\/condiciones-de-venta\/","og_site_name":"Reset Accessories","article_modified_time":"2025-05-17T09:30:23+00:00","twitter_card":"summary_large_image","twitter_misc":{"Tiempo de lectura":"5 minutos"},"schema":{"@context":"https:\/\/schema.org","@graph":[{"@type":"WebPage","@id":"https:\/\/resetaccessories.com\/es\/condiciones-de-venta\/","url":"https:\/\/resetaccessories.com\/es\/condiciones-de-venta\/","name":"Condiciones de Venta - Reset Accessories","isPartOf":{"@id":"https:\/\/resetaccessories.com\/es\/#website"},"datePublished":"2022-03-31T16:59:57+00:00","dateModified":"2025-05-17T09:30:23+00:00","breadcrumb":{"@id":"https:\/\/resetaccessories.com\/es\/condiciones-de-venta\/#breadcrumb"},"inLanguage":"es","potentialAction":[{"@type":"ReadAction","target":["https:\/\/resetaccessories.com\/es\/condiciones-de-venta\/"]}]},{"@type":"BreadcrumbList","@id":"https:\/\/resetaccessories.com\/es\/condiciones-de-venta\/#breadcrumb","itemListElement":[{"@type":"ListItem","position":1,"name":"Inici","item":"https:\/\/resetaccessories.com\/es\/"},{"@type":"ListItem","position":2,"name":"Condiciones de Venta"}]},{"@type":"WebSite","@id":"https:\/\/resetaccessories.com\/es\/#website","url":"https:\/\/resetaccessories.com\/es\/","name":"Reset Accessories","description":"Tot un m\u00f3n d\u2019accessoris de moda.","publisher":{"@id":"https:\/\/resetaccessories.com\/es\/#organization"},"potentialAction":[{"@type":"SearchAction","target":{"@type":"EntryPoint","urlTemplate":"https:\/\/resetaccessories.com\/es\/?s={search_term_string}"},"query-input":{"@type":"PropertyValueSpecification","valueRequired":true,"valueName":"search_term_string"}}],"inLanguage":"es"},{"@type":"Organization","@id":"https:\/\/resetaccessories.com\/es\/#organization","name":"Reset Accessories","url":"https:\/\/resetaccessories.com\/es\/","logo":{"@type":"ImageObject","inLanguage":"es","@id":"https:\/\/resetaccessories.com\/es\/#\/schema\/logo\/image\/","url":"https:\/\/resetaccessories.com\/wp-content\/uploads\/2026\/03\/LOGO.png","contentUrl":"https:\/\/resetaccessories.com\/wp-content\/uploads\/2026\/03\/LOGO.png","width":280,"height":234,"caption":"Reset Accessories"},"image":{"@id":"https:\/\/resetaccessories.com\/es\/#\/schema\/logo\/image\/"}}]}},"_links":{"self":[{"href":"https:\/\/resetaccessories.com\/es\/wp-json\/wp\/v2\/pages\/7185","targetHints":{"allow":["GET"]}}],"collection":[{"href":"https:\/\/resetaccessories.com\/es\/wp-json\/wp\/v2\/pages"}],"about":[{"href":"https:\/\/resetaccessories.com\/es\/wp-json\/wp\/v2\/types\/page"}],"author":[{"embeddable":true,"href":"https:\/\/resetaccessories.com\/es\/wp-json\/wp\/v2\/users\/1"}],"replies":[{"embeddable":true,"href":"https:\/\/resetaccessories.com\/es\/wp-json\/wp\/v2\/comments?post=7185"}],"version-history":[{"count":0,"href":"https:\/\/resetaccessories.com\/es\/wp-json\/wp\/v2\/pages\/7185\/revisions"}],"wp:attachment":[{"href":"https:\/\/resetaccessories.com\/es\/wp-json\/wp\/v2\/media?parent=7185"}],"curies":[{"name":"wp","href":"https:\/\/api.w.org\/{rel}","templated":true}]}}